{"id":150,"date":"2022-10-06T15:08:29","date_gmt":"2022-10-06T12:08:29","guid":{"rendered":"https:\/\/insize.com.tr\/?page_id=150"},"modified":"2026-04-15T15:15:28","modified_gmt":"2026-04-15T12:15:28","slug":"hakkimizda","status":"publish","type":"page","link":"https:\/\/insize.com.tr\/en\/hakkimizda\/","title":{"rendered":"Company"},"content":{"rendered":"<div class=\"banner_contact banner_about_page\">\r\n        <img decoding=\"async\" src=\"https:\/\/insize.com.tr\/wp-content\/themes\/insize-theme\/images\/banner_about.jpg\" alt=\"Hakk\u0131m\u0131zda\" title=\"\">\r\n        <div class=\"contact_title contact_title1\">\r\n            <h2>Company<\/h2>\r\n        <\/div>\r\n    <\/div>\r\n    \n    <section class=\"about-info\">\r\n        <div class=\"about-page-main\">\r\n            <div class=\"swiper mySwiper2 about-page-swiper\">\r\n                <div class=\"swiper-wrapper\">\r\n                                            <div class=\"swiper-slide\">\r\n                            <img decoding=\"async\" src=\"https:\/\/insize.com.tr\/wp-content\/themes\/insize-theme\/images\/11\/2.jpg\" alt=\"\" title=\"\">\r\n                        <\/div>\r\n                                            <div class=\"swiper-slide\">\r\n                            <img decoding=\"async\" src=\"https:\/\/insize.com.tr\/wp-content\/themes\/insize-theme\/images\/11\/3.jpg\" alt=\"\" title=\"\">\r\n                        <\/div>\r\n                                            <div class=\"swiper-slide\">\r\n                            <img decoding=\"async\" src=\"https:\/\/insize.com.tr\/wp-content\/themes\/insize-theme\/images\/11\/4.jpg\" alt=\"\" title=\"\">\r\n                        <\/div>\r\n                                            <div class=\"swiper-slide\">\r\n                            <img decoding=\"async\" src=\"https:\/\/insize.com.tr\/wp-content\/themes\/insize-theme\/images\/11\/7.jpg\" alt=\"\" title=\"\">\r\n                        <\/div>\r\n                                            <div class=\"swiper-slide\">\r\n                            <img decoding=\"async\" src=\"https:\/\/insize.com.tr\/wp-content\/themes\/insize-theme\/images\/11\/8.jpg\" alt=\"\" title=\"\">\r\n                        <\/div>\r\n                                            <div class=\"swiper-slide\">\r\n                            <img decoding=\"async\" src=\"https:\/\/insize.com.tr\/wp-content\/themes\/insize-theme\/images\/11\/9.jpg\" alt=\"\" title=\"\">\r\n                        <\/div>\r\n                                            <div class=\"swiper-slide\">\r\n                            <img decoding=\"async\" src=\"https:\/\/insize.com.tr\/wp-content\/themes\/insize-theme\/images\/11\/10.jpg\" alt=\"\" title=\"\">\r\n                        <\/div>\r\n                                            <div class=\"swiper-slide\">\r\n                            <img decoding=\"async\" src=\"https:\/\/insize.com.tr\/wp-content\/themes\/insize-theme\/images\/11\/11.jpg\" alt=\"\" title=\"\">\r\n                        <\/div>\r\n                                            <div class=\"swiper-slide\">\r\n                            <img decoding=\"async\" src=\"https:\/\/insize.com.tr\/wp-content\/themes\/insize-theme\/images\/11\/12.jpg\" alt=\"\" title=\"\">\r\n                        <\/div>\r\n                                    <\/div>\r\n            <\/div>\r\n    \n<p><a href=\"\/en\/insize\/\"><strong>INSIZE<\/strong><\/a> \u2013 1995 y\u0131l\u0131nda kurulan ve oda\u011f\u0131n\u0131 boyutsal \u00f6l\u00e7\u00fcm sistemleri, end\u00fcstriyel \u00f6l\u00e7\u00fcm teknolojileri ve test \u00e7\u00f6z\u00fcmleri \u00fczerine yo\u011funla\u015ft\u0131rm\u0131\u015f global bir \u00f6l\u00e7\u00fcm teknolojileri markas\u0131d\u0131r. \u00dcretimden kalite kontrole kadar uzanan s\u00fcre\u00e7lerde, y\u00fcksek hassasiyetli, dijital ve entegre \u00f6l\u00e7\u00fcm \u00e7\u00f6z\u00fcmleri sunmak \u00fczere s\u00fcrekli olarak m\u00fchendislik altyap\u0131s\u0131n\u0131 geli\u015ftirmektedir.<\/p>\n<p>Merkezi \u00c7in\u2019de bulunan INSIZE; ABD, \u0130spanya, Hindistan ve Brezilya\u2019daki ofisleri ile birlikte 75\u2019ten fazla \u00fclkede aktif olarak faaliyet g\u00f6stermektedir. K\u00fcresel organizasyon yap\u0131s\u0131 sayesinde INSIZE, end\u00fcstriyel \u00f6l\u00e7\u00fcm alan\u0131nda s\u00fcrd\u00fcr\u00fclebilir kalite, teknolojik yenilik ve proses g\u00fcvenli\u011fi odakl\u0131 \u00e7\u00f6z\u00fcmler sunmaktad\u0131r.<\/p>\n<p>INSIZE \u00fcr\u00fcnleri; nerede olursan\u0131z olun teknik servis, kalibrasyon ve sat\u0131\u015f sonras\u0131 destek s\u00fcre\u00e7lerine h\u0131zl\u0131 ve g\u00fcvenilir \u015fekilde eri\u015febilmeniz hedeflenerek konumland\u0131r\u0131lm\u0131\u015ft\u0131r.<br \/>Kalite, yenilik, hizmet ve teknolojik geli\u015fim anlay\u0131\u015f\u0131yla INSIZE, d\u00fcnya genelinde tercih edilen g\u00fcvenilir bir \u00f6l\u00e7\u00fcm teknolojileri markas\u0131 olma konumunu her ge\u00e7en g\u00fcn g\u00fc\u00e7lendirmektedir.<\/p>\n<p><strong>INSIZE T\u00fcrkiye \u00d6l\u00e7\u00fcm Teknolojileri ve \u00c7\u00f6z\u00fcmleri<\/strong>, markan\u0131n T\u00fcrkiye\u2019deki yap\u0131lanmas\u0131 olarak faaliyet g\u00f6stermektedir.<br \/><a href=\"http:\/\/denizmtl.com\" rel=\"nofollow noopener\" target=\"_blank\"><strong>Deniz Metal<\/strong><\/a>, INSIZE T\u00fcrkiye\u2019nin end\u00fcstriyel \u00f6l\u00e7\u00fcm teknolojileri alan\u0131ndaki i\u015f orta\u011f\u0131d\u0131r.<\/p>\n<div class=\"about-logo-line\">\n    <img decoding=\"async\" src=\"\/insize\/wp-content\/uploads\/2023\/01\/logo1.gif\" alt=\"INSIZE\" title=\"\"><br \/>\n    <span>standart kalitemizdir, \u00c7in ve Tayvan\u2019da \u00fcretilir.<\/span>\n<\/div>\n<div class=\"about-logo-line about-logo-line-plus\">\n    <img decoding=\"async\" src=\"\/insize\/wp-content\/uploads\/2023\/01\/logo2.gif\" alt=\"INSIZE PLUS\" title=\"\"><br \/>\n    <span>\u00fcst\u00fcn kalitemizdir, Almanya ve \u0130talya\u2019da \u00fcretilir.<\/span>\n<\/div>\n    <div class=\"about-video-player about-video-player--mp4\">\r\n        <video controls playsinline preload=\"metadata\">\r\n            <source src=\"https:\/\/insize.com.tr\/wp-content\/uploads\/2025\/10\/insize.com_.tr-kopyasi.mp4\" type=\"video\/mp4\">\r\n            Taray\u0131c\u0131n\u0131z video oynatmay\u0131 desteklemiyor.\r\n        <\/video>\r\n    <\/div>\r\n    \n        <\/div>\r\n\r\n        <ul class=\"about-we\">\r\n            <li>\r\n                <div>\r\n                    <h3>Kalite<\/h3>\r\n                    <p>Uluslararas\u0131 standartlara uygun, g\u00fcvenilir ve kaliteli \u00fcr\u00fcnler sunuyoruz.<\/p>\r\n                <\/div>\r\n                <span class=\"iconfont insizw-a-333-01\"><\/span>\r\n            <\/li>\r\n            <li>\r\n                <div>\r\n                    <h3>\u0130novasyon<\/h3>\r\n                    <p>S\u00fcrekli geli\u015fim anlay\u0131\u015f\u0131yla yeni \u00fcr\u00fcnler ve \u00e7\u00f6z\u00fcmler geli\u015ftiriyoruz.<\/p>\r\n                <\/div>\r\n                <span class=\"iconfont insizw-a-444-01\"><\/span>\r\n            <\/li>\r\n            <li>\r\n                <div>\r\n                    <h3>Hizmet<\/h3>\r\n                    <p>\u00dcr\u00fcnlerimizin sorunsuz kullan\u0131m\u0131 i\u00e7in servis ve destek sa\u011fl\u0131yoruz.<\/p>\r\n                <\/div>\r\n                <span class=\"iconfont insizw-lianxikefu\"><\/span>\r\n            <\/li>\r\n            <li>\r\n                <div>\r\n                    <h3>De\u011fer<\/h3>\r\n                    <p>Y\u00fcksek performansl\u0131 \u00fcr\u00fcnleri ula\u015f\u0131labilir fiyatlarla sunuyoruz.<\/p>\r\n                <\/div>\r\n                <span class=\"iconfont insizw-a-555-01\"><\/span>\r\n            <\/li>\r\n        <\/ul>\r\n    <\/section>","protected":false},"excerpt":{"rendered":"<p>INSIZE \u2013 1995 y\u0131l\u0131nda kurulan ve oda\u011f\u0131n\u0131 boyutsal \u00f6l\u00e7\u00fcm sistemleri, end\u00fcstriyel \u00f6l\u00e7\u00fcm teknolojileri ve test \u00e7\u00f6z\u00fcmleri \u00fczerine yo\u011funla\u015ft\u0131rm\u0131\u015f global bir \u00f6l\u00e7\u00fcm teknolojileri markas\u0131d\u0131r. \u00dcretimden kalite kontrole kadar uzanan s\u00fcre\u00e7lerde, y\u00fcksek hassasiyetli, dijital ve entegre \u00f6l\u00e7\u00fcm \u00e7\u00f6z\u00fcmleri sunmak \u00fczere s\u00fcrekli olarak m\u00fchendislik altyap\u0131s\u0131n\u0131 geli\u015ftirmektedir. Merkezi \u00c7in\u2019de bulunan INSIZE; ABD, \u0130spanya, Hindistan ve Brezilya\u2019daki ofisleri ile birlikte [&hellip;]<\/p>\n","protected":false},"author":1,"featured_media":4215,"parent":0,"menu_order":0,"comment_status":"closed","ping_status":"closed","template":"","meta":{"inline_featured_image":false,"footnotes":""},"class_list":["post-150","page","type-page","status-publish","has-post-thumbnail","hentry"],"_links":{"self":[{"href":"https:\/\/insize.com.tr\/en\/wp-json\/wp\/v2\/pages\/150","targetHints":{"allow":["GET"]}}],"collection":[{"href":"https:\/\/insize.com.tr\/en\/wp-json\/wp\/v2\/pages"}],"about":[{"href":"https:\/\/insize.com.tr\/en\/wp-json\/wp\/v2\/types\/page"}],"author":[{"embeddable":true,"href":"https:\/\/insize.com.tr\/en\/wp-json\/wp\/v2\/users\/1"}],"replies":[{"embeddable":true,"href":"https:\/\/insize.com.tr\/en\/wp-json\/wp\/v2\/comments?post=150"}],"version-history":[{"count":15,"href":"https:\/\/insize.com.tr\/en\/wp-json\/wp\/v2\/pages\/150\/revisions"}],"predecessor-version":[{"id":24938,"href":"https:\/\/insize.com.tr\/en\/wp-json\/wp\/v2\/pages\/150\/revisions\/24938"}],"wp:featuredmedia":[{"embeddable":true,"href":"https:\/\/insize.com.tr\/en\/wp-json\/wp\/v2\/media\/4215"}],"wp:attachment":[{"href":"https:\/\/insize.com.tr\/en\/wp-json\/wp\/v2\/media?parent=150"}],"curies":[{"name":"wp","href":"https:\/\/api.w.org\/{rel}","templated":true}]}}