{"id":21480,"date":"2026-01-06T15:13:05","date_gmt":"2026-01-06T12:13:05","guid":{"rendered":"https:\/\/insize.com.tr\/?page_id=21480"},"modified":"2026-04-09T12:05:59","modified_gmt":"2026-04-09T09:05:59","slug":"e-katalog","status":"publish","type":"page","link":"https:\/\/insize.com.tr\/en\/e-katalog\/","title":{"rendered":"E-KATALOG"},"content":{"rendered":"<div class=\"insize-ekatalog\">\n<div class=\"insize-ekatalog-section\">\n<div class=\"insize-ekatalog-section-title\">\n<h2>Genel Kataloglar<\/h2>\n<\/p><\/div>\n<div class=\"insize-ekatalog-grid grid-2\">\n<div class=\"insize-ekatalog-card\">\n<div class=\"insize-ekatalog-card-image\">\n                    <img decoding=\"async\" src=\"KAPAK_GORSEL_URL_108A\" alt=\"Dimensional Metrology\" title=\"\">\n                <\/div>\n<div class=\"insize-ekatalog-card-body\">\n<h3>Dimensional Metrology<\/h3>\n<div class=\"insize-ekatalog-meta\">\n                        <span>NO.108A<\/span><br \/>\n                        <span>956 sayfa<\/span>\n                    <\/div>\n<div class=\"insize-ekatalog-actions\">\n                        <a href=\"\/en\/ONLINE_LINK_108A\/\" target=\"_blank\" class=\"insize-btn insize-btn-outline\">Online \u0130ncele<\/a><br \/>\n                        <a href=\"\/en\/PDF_LINK_108A\/\" target=\"_blank\" class=\"insize-btn\">\u0130ndir<\/a>\n                    <\/div>\n<\/p><\/div>\n<\/p><\/div>\n<div class=\"insize-ekatalog-card\">\n<div class=\"insize-ekatalog-card-image\">\n                    <img decoding=\"async\" src=\"KAPAK_GORSEL_URL_108B\" alt=\"Testing Instruments\" title=\"\">\n                <\/div>\n<div class=\"insize-ekatalog-card-body\">\n<h3>Testing Instruments<\/h3>\n<div class=\"insize-ekatalog-meta\">\n                        <span>NO.108B<\/span><br \/>\n                        <span>512 sayfa<\/span>\n                    <\/div>\n<div class=\"insize-ekatalog-actions\">\n                        <a href=\"\/en\/ONLINE_LINK_108B\/\" target=\"_blank\" class=\"insize-btn insize-btn-outline\">Online \u0130ncele<\/a><br \/>\n                        <a href=\"\/en\/PDF_LINK_108B\/\" target=\"_blank\" class=\"insize-btn\">\u0130ndir<\/a>\n                    <\/div>\n<\/p><\/div>\n<\/p><\/div>\n<\/p><\/div>\n<\/p><\/div>\n<div class=\"insize-ekatalog-double\">\n<div class=\"insize-ekatalog-section\">\n<div class=\"insize-ekatalog-section-title\">\n<h2>En \u00c7ok Satanlar Katalo\u011fu<\/h2>\n<\/p><\/div>\n<div class=\"insize-ekatalog-grid grid-1\">\n<div class=\"insize-ekatalog-card\">\n<div class=\"insize-ekatalog-card-image\">\n                        <img decoding=\"async\" src=\"KAPAK_GORSEL_URL_26\" alt=\"Measuring Instruments\" title=\"\">\n                    <\/div>\n<div class=\"insize-ekatalog-card-body\">\n<h3>Measuring Instruments<\/h3>\n<div class=\"insize-ekatalog-meta\">\n                            <span>NO.26<\/span><br \/>\n                            <span>172 sayfa<\/span>\n                        <\/div>\n<div class=\"insize-ekatalog-actions\">\n                            <a href=\"\/en\/ONLINE_LINK_26\/\" target=\"_blank\" class=\"insize-btn insize-btn-outline\">Online \u0130ncele<\/a><br \/>\n                            <a href=\"\/en\/PDF_LINK_26\/\" target=\"_blank\" class=\"insize-btn\">\u0130ndir<\/a>\n                        <\/div>\n<\/p><\/div>\n<\/p><\/div>\n<\/p><\/div>\n<\/p><\/div>\n<div class=\"insize-ekatalog-section\">\n<div class=\"insize-ekatalog-section-title\">\n<h2>Bro\u015f\u00fcr<\/h2>\n<\/p><\/div>\n<div class=\"insize-ekatalog-grid grid-1\">\n<div class=\"insize-ekatalog-card\">\n<div class=\"insize-ekatalog-card-image\">\n                        <img decoding=\"async\" src=\"KAPAK_GORSEL_URL_BROCHURE\" alt=\"Measuring Instruments\" title=\"\">\n                    <\/div>\n<div class=\"insize-ekatalog-card-body\">\n<h3>Measuring Instruments<\/h3>\n<div class=\"insize-ekatalog-meta\">\n                            <span>28 sayfa<\/span>\n                        <\/div>\n<div class=\"insize-ekatalog-actions\">\n                            <a href=\"\/en\/ONLINE_LINK_BROCHURE\/\" target=\"_blank\" class=\"insize-btn insize-btn-outline\">Online \u0130ncele<\/a><br \/>\n                            <a href=\"\/en\/PDF_LINK_BROCHURE\/\" target=\"_blank\" class=\"insize-btn\">\u0130ndir<\/a>\n                        <\/div>\n<\/p><\/div>\n<\/p><\/div>\n<\/p><\/div>\n<\/p><\/div>\n<\/p><\/div>\n<div class=\"insize-ekatalog-section\">\n<div class=\"insize-ekatalog-section-title\">\n<h2>Belirli \u00dcr\u00fcnlere \u00d6zel Kataloglar<\/h2>\n<\/p><\/div>\n<div class=\"insize-ekatalog-grid grid-4\">\n<div class=\"insize-ekatalog-card\">\n<div class=\"insize-ekatalog-card-image\">\n                    <img decoding=\"async\" src=\"KAPAK_GORSEL_URL_DM_E01\" alt=\"Digital Microscopes\" title=\"\">\n                <\/div>\n<div class=\"insize-ekatalog-card-body\">\n<h3>Digital Microscopes<\/h3>\n<div class=\"insize-ekatalog-meta\">\n                        <span>NO.DM-E01<\/span><br \/>\n                        <span>72 sayfa<\/span>\n                    <\/div>\n<div class=\"insize-ekatalog-actions\">\n                        <a href=\"\/en\/ONLINE_LINK_DM_E01\/\" target=\"_blank\" class=\"insize-btn insize-btn-outline\">Online \u0130ncele<\/a><br \/>\n                        <a href=\"\/en\/PDF_LINK_DM_E01\/\" target=\"_blank\" class=\"insize-btn\">\u0130ndir<\/a>\n                    <\/div>\n<\/p><\/div>\n<\/p><\/div>\n<div class=\"insize-ekatalog-card\">\n<div class=\"insize-ekatalog-card-image\">\n                    <img decoding=\"async\" src=\"KAPAK_GORSEL_URL_ISR_E01\" alt=\"Roughness Testers (Separable Type)\" title=\"\">\n                <\/div>\n<div class=\"insize-ekatalog-card-body\">\n<h3>Roughness Testers (Separable Type)<\/h3>\n<div class=\"insize-ekatalog-meta\">\n                        <span>NO.ISR-E01<\/span><br \/>\n                        <span>16 sayfa<\/span>\n                    <\/div>\n<div class=\"insize-ekatalog-actions\">\n                        <a href=\"\/en\/ONLINE_LINK_ISR_E01\/\" target=\"_blank\" class=\"insize-btn insize-btn-outline\">Online \u0130ncele<\/a><br \/>\n                        <a href=\"\/en\/PDF_LINK_ISR_E01\/\" target=\"_blank\" class=\"insize-btn\">\u0130ndir<\/a>\n                    <\/div>\n<\/p><\/div>\n<\/p><\/div>\n<div class=\"insize-ekatalog-card\">\n<div class=\"insize-ekatalog-card-image\">\n                    <img decoding=\"async\" src=\"KAPAK_GORSEL_URL_LSM_E02\" alt=\"Handheld 3D Scanner\" title=\"\">\n                <\/div>\n<div class=\"insize-ekatalog-card-body\">\n<h3>Handheld 3D Scanner<\/h3>\n<div class=\"insize-ekatalog-meta\">\n                        <span>NO.LSM-E02<\/span><br \/>\n                        <span>16 sayfa<\/span>\n                    <\/div>\n<div class=\"insize-ekatalog-actions\">\n                        <a href=\"\/en\/ONLINE_LINK_LSM_E02\/\" target=\"_blank\" class=\"insize-btn insize-btn-outline\">Online \u0130ncele<\/a><br \/>\n                        <a href=\"\/en\/PDF_LINK_LSM_E02\/\" target=\"_blank\" class=\"insize-btn\">\u0130ndir<\/a>\n                    <\/div>\n<\/p><\/div>\n<\/p><\/div>\n<div class=\"insize-ekatalog-card\">\n<div class=\"insize-ekatalog-card-image\">\n                    <img decoding=\"async\" src=\"KAPAK_GORSEL_URL_ISD_E31\" alt=\"Vision Measuring Systems\" title=\"\">\n                <\/div>\n<div class=\"insize-ekatalog-card-body\">\n<h3>Vision Measuring Systems<\/h3>\n<div class=\"insize-ekatalog-meta\">\n                        <span>NO.ISD-E31<\/span><br \/>\n                        <span>16 sayfa<\/span>\n                    <\/div>\n<div class=\"insize-ekatalog-actions\">\n                        <a href=\"\/en\/ONLINE_LINK_ISD_E31\/\" target=\"_blank\" class=\"insize-btn insize-btn-outline\">Online \u0130ncele<\/a><br \/>\n                        <a href=\"\/en\/PDF_LINK_ISD_E31\/\" target=\"_blank\" class=\"insize-btn\">\u0130ndir<\/a>\n                    <\/div>\n<\/p><\/div>\n<\/p><\/div>\n<div class=\"insize-ekatalog-card\">\n<div class=\"insize-ekatalog-card-image\">\n                    <img decoding=\"async\" src=\"KAPAK_GORSEL_URL_HSM_E01\" alt=\"Handheld XRF Alloy Analyzer\" title=\"\">\n                <\/div>\n<div class=\"insize-ekatalog-card-body\">\n<h3>Handheld XRF Alloy Analyzer<\/h3>\n<div class=\"insize-ekatalog-meta\">\n                        <span>NO.HSM-E01<\/span><br \/>\n                        <span>16 sayfa<\/span>\n                    <\/div>\n<div class=\"insize-ekatalog-actions\">\n                        <a href=\"\/en\/ONLINE_LINK_HSM_E01\/\" target=\"_blank\" class=\"insize-btn insize-btn-outline\">Online \u0130ncele<\/a><br \/>\n                        <a href=\"\/en\/PDF_LINK_HSM_E01\/\" target=\"_blank\" class=\"insize-btn\">\u0130ndir<\/a>\n                    <\/div>\n<\/p><\/div>\n<\/p><\/div>\n<div class=\"insize-ekatalog-card\">\n<div class=\"insize-ekatalog-card-image\">\n                    <img decoding=\"async\" src=\"KAPAK_GORSEL_URL_CMM_E21\" alt=\"Coordinate Measuring Machines\" title=\"\">\n                <\/div>\n<div class=\"insize-ekatalog-card-body\">\n<h3>Coordinate Measuring Machines<\/h3>\n<div class=\"insize-ekatalog-meta\">\n                        <span>NO.CMM-E21<\/span><br \/>\n                        <span>32 sayfa<\/span>\n                    <\/div>\n<div class=\"insize-ekatalog-actions\">\n                        <a href=\"\/en\/ONLINE_LINK_CMM_E21\/\" target=\"_blank\" class=\"insize-btn insize-btn-outline\">Online \u0130ncele<\/a><br \/>\n                        <a href=\"\/en\/PDF_LINK_CMM_E21\/\" target=\"_blank\" class=\"insize-btn\">\u0130ndir<\/a>\n                    <\/div>\n<\/p><\/div>\n<\/p><\/div>\n<div class=\"insize-ekatalog-card\">\n<div class=\"insize-ekatalog-card-image\">\n                    <img decoding=\"async\" src=\"KAPAK_GORSEL_URL_HLS_E01\" alt=\"Handheld Libs Spectrometer\" title=\"\">\n                <\/div>\n<div class=\"insize-ekatalog-card-body\">\n<h3>Handheld Libs Spectrometer<\/h3>\n<div class=\"insize-ekatalog-meta\">\n                        <span>NO.HLS-E01<\/span><br \/>\n                        <span>8 sayfa<\/span>\n                    <\/div>\n<div class=\"insize-ekatalog-actions\">\n                        <a href=\"\/en\/ONLINE_LINK_HLS_E01\/\" target=\"_blank\" class=\"insize-btn insize-btn-outline\">Online \u0130ncele<\/a><br \/>\n                        <a href=\"\/en\/PDF_LINK_HLS_E01\/\" target=\"_blank\" class=\"insize-btn\">\u0130ndir<\/a>\n                    <\/div>\n<\/p><\/div>\n<\/p><\/div>\n<div class=\"insize-ekatalog-card\">\n<div class=\"insize-ekatalog-card-image\">\n                    <img decoding=\"async\" src=\"KAPAK_GORSEL_URL_QMS_E01\" alt=\"Quick Measurement Systems\" title=\"\">\n                <\/div>\n<div class=\"insize-ekatalog-card-body\">\n<h3>Quick Measurement Systems<\/h3>\n<div class=\"insize-ekatalog-meta\">\n                        <span>NO.QMS-E01<\/span><br \/>\n                        <span>12 sayfa<\/span>\n                    <\/div>\n<div class=\"insize-ekatalog-actions\">\n                        <a href=\"\/en\/ONLINE_LINK_QMS_E01\/\" target=\"_blank\" class=\"insize-btn insize-btn-outline\">Online \u0130ncele<\/a><br \/>\n                        <a href=\"\/en\/PDF_LINK_QMS_E01\/\" target=\"_blank\" class=\"insize-btn\">\u0130ndir<\/a>\n                    <\/div>\n<\/p><\/div>\n<\/p><\/div>\n<div class=\"insize-ekatalog-card\">\n<div class=\"insize-ekatalog-card-image\">\n                    <img decoding=\"async\" src=\"KAPAK_GORSEL_URL_PG_E31\" alt=\"Precision Gauges\" title=\"\">\n                <\/div>\n<div class=\"insize-ekatalog-card-body\">\n<h3>Precision Gauges<\/h3>\n<div class=\"insize-ekatalog-meta\">\n                        <span>NO.PG-E31<\/span><br \/>\n                        <span>120 sayfa<\/span>\n                    <\/div>\n<div class=\"insize-ekatalog-actions\">\n                        <a href=\"\/en\/ONLINE_LINK_PG_E31\/\" target=\"_blank\" class=\"insize-btn insize-btn-outline\">Online \u0130ncele<\/a><br \/>\n                        <a href=\"\/en\/PDF_LINK_PG_E31\/\" target=\"_blank\" class=\"insize-btn\">\u0130ndir<\/a>\n                    <\/div>\n<\/p><\/div>\n<\/p><\/div>\n<div class=\"insize-ekatalog-card\">\n<div class=\"insize-ekatalog-card-image\">\n                    <img decoding=\"async\" src=\"KAPAK_GORSEL_URL_CMM_E11\" alt=\"Measuring Arms\" title=\"\">\n                <\/div>\n<div class=\"insize-ekatalog-card-body\">\n<h3>Measuring Arms<\/h3>\n<div class=\"insize-ekatalog-meta\">\n                        <span>NO.CMM-E11<\/span><br \/>\n                        <span>16 sayfa<\/span>\n                    <\/div>\n<div class=\"insize-ekatalog-actions\">\n                        <a href=\"\/en\/ONLINE_LINK_CMM_E11\/\" target=\"_blank\" class=\"insize-btn insize-btn-outline\">Online \u0130ncele<\/a><br \/>\n                        <a href=\"\/en\/PDF_LINK_CMM_E11\/\" target=\"_blank\" class=\"insize-btn\">\u0130ndir<\/a>\n                    <\/div>\n<\/p><\/div>\n<\/p><\/div>\n<div class=\"insize-ekatalog-card\">\n<div class=\"insize-ekatalog-card-image\">\n                    <img decoding=\"async\" src=\"KAPAK_GORSEL_URL_ISM_H_E01\" alt=\"Large Depth Of Field 3D Measuring Microscope\" title=\"\">\n                <\/div>\n<div class=\"insize-ekatalog-card-body\">\n<h3>Large Depth Of Field 3D Measuring Microscope<\/h3>\n<div class=\"insize-ekatalog-meta\">\n                        <span>NO.ISM-H-E01<\/span><br \/>\n                        <span>18 sayfa<\/span>\n                    <\/div>\n<div class=\"insize-ekatalog-actions\">\n                        <a href=\"\/en\/ONLINE_LINK_ISM_H_E01\/\" target=\"_blank\" class=\"insize-btn insize-btn-outline\">Online \u0130ncele<\/a><br \/>\n                        <a href=\"\/en\/PDF_LINK_ISM_H_E01\/\" target=\"_blank\" class=\"insize-btn\">\u0130ndir<\/a>\n                    <\/div>\n<\/p><\/div>\n<\/p><\/div>\n<div class=\"insize-ekatalog-card\">\n<div class=\"insize-ekatalog-card-image\">\n                    <img decoding=\"async\" src=\"KAPAK_GORSEL_URL_SC_E01\" alt=\"Scales And Balances\" title=\"\">\n                <\/div>\n<div class=\"insize-ekatalog-card-body\">\n<h3>Scales And Balances<\/h3>\n<div class=\"insize-ekatalog-meta\">\n                        <span>NO.SC-E01<\/span><br \/>\n                        <span>76 sayfa<\/span>\n                    <\/div>\n<div class=\"insize-ekatalog-actions\">\n                        <a href=\"\/en\/ONLINE_LINK_SC_E01\/\" target=\"_blank\" class=\"insize-btn insize-btn-outline\">Online \u0130ncele<\/a><br \/>\n                        <a href=\"\/en\/PDF_LINK_SC_E01\/\" target=\"_blank\" class=\"insize-btn\">\u0130ndir<\/a>\n                    <\/div>\n<\/p><\/div>\n<\/p><\/div>\n<div class=\"insize-ekatalog-card\">\n<div class=\"insize-ekatalog-card-image\">\n                    <img decoding=\"async\" src=\"KAPAK_GORSEL_URL_ET_E21\" alt=\"Electronic Testing\" title=\"\">\n                <\/div>\n<div class=\"insize-ekatalog-card-body\">\n<h3>Electronic Testing<\/h3>\n<div class=\"insize-ekatalog-meta\">\n                        <span>NO.ET-E21<\/span><br \/>\n                        <span>72 sayfa<\/span>\n                    <\/div>\n<div class=\"insize-ekatalog-actions\">\n                        <a href=\"\/en\/ONLINE_LINK_ET_E21\/\" target=\"_blank\" class=\"insize-btn insize-btn-outline\">Online \u0130ncele<\/a><br \/>\n                        <a href=\"\/en\/PDF_LINK_ET_E21\/\" target=\"_blank\" class=\"insize-btn\">\u0130ndir<\/a>\n                    <\/div>\n<\/p><\/div>\n<\/p><\/div>\n<div class=\"insize-ekatalog-card\">\n<div class=\"insize-ekatalog-card-image\">\n                    <img decoding=\"async\" src=\"KAPAK_GORSEL_URL_DA_E11\" alt=\"Data Transmission\" title=\"\">\n                <\/div>\n<div class=\"insize-ekatalog-card-body\">\n<h3>Data Transmission<\/h3>\n<div class=\"insize-ekatalog-meta\">\n                        <span>NO.DA-E11<\/span><br \/>\n                        <span>20 sayfa<\/span>\n                    <\/div>\n<div class=\"insize-ekatalog-actions\">\n                        <a href=\"\/en\/ONLINE_LINK_DA_E11\/\" target=\"_blank\" class=\"insize-btn insize-btn-outline\">Online \u0130ncele<\/a><br \/>\n                        <a href=\"\/en\/PDF_LINK_DA_E11\/\" target=\"_blank\" class=\"insize-btn\">\u0130ndir<\/a>\n                    <\/div>\n<\/p><\/div>\n<\/p><\/div>\n<\/p><\/div>\n<\/p><\/div>\n<\/div>","protected":false},"excerpt":{"rendered":"<p>Genel Kataloglar Dimensional Metrology NO.108A 956 sayfa Online \u0130ncele \u0130ndir Testing Instruments NO.108B 512 sayfa Online \u0130ncele \u0130ndir En \u00c7ok Satanlar Katalo\u011fu Measuring Instruments NO.26 172 sayfa Online \u0130ncele \u0130ndir Bro\u015f\u00fcr Measuring Instruments 28 sayfa Online \u0130ncele \u0130ndir Belirli \u00dcr\u00fcnlere \u00d6zel Kataloglar Digital Microscopes NO.DM-E01 72 sayfa Online \u0130ncele \u0130ndir Roughness Testers (Separable Type) NO.ISR-E01 [&hellip;]<\/p>\n","protected":false},"author":9,"featured_media":0,"parent":0,"menu_order":0,"comment_status":"closed","ping_status":"closed","template":"","meta":{"inline_featured_image":false,"footnotes":""},"class_list":["post-21480","page","type-page","status-publish","hentry"],"_links":{"self":[{"href":"https:\/\/insize.com.tr\/en\/wp-json\/wp\/v2\/pages\/21480","targetHints":{"allow":["GET"]}}],"collection":[{"href":"https:\/\/insize.com.tr\/en\/wp-json\/wp\/v2\/pages"}],"about":[{"href":"https:\/\/insize.com.tr\/en\/wp-json\/wp\/v2\/types\/page"}],"author":[{"embeddable":true,"href":"https:\/\/insize.com.tr\/en\/wp-json\/wp\/v2\/users\/9"}],"replies":[{"embeddable":true,"href":"https:\/\/insize.com.tr\/en\/wp-json\/wp\/v2\/comments?post=21480"}],"version-history":[{"count":15,"href":"https:\/\/insize.com.tr\/en\/wp-json\/wp\/v2\/pages\/21480\/revisions"}],"predecessor-version":[{"id":24907,"href":"https:\/\/insize.com.tr\/en\/wp-json\/wp\/v2\/pages\/21480\/revisions\/24907"}],"wp:attachment":[{"href":"https:\/\/insize.com.tr\/en\/wp-json\/wp\/v2\/media?parent=21480"}],"curies":[{"name":"wp","href":"https:\/\/api.w.org\/{rel}","templated":true}]}}