{"id":47,"date":"2022-10-06T10:45:03","date_gmt":"2022-10-06T07:45:03","guid":{"rendered":"https:\/\/insize.com.tr\/?page_id=47"},"modified":"2026-04-08T11:00:12","modified_gmt":"2026-04-08T08:00:12","slug":"anasayfa","status":"publish","type":"page","link":"https:\/\/insize.com.tr\/en\/","title":{"rendered":"Home"},"content":{"rendered":"<p>[ux_slider label=&#8221;Insize Slider&#8221; hide_nav=&#8221;true&#8221; nav_color=&#8221;dark&#8221; bullets=&#8221;false&#8221;]<\/p>\n<p>[ux_image id=&#8221;51&#8243; image_size=&#8221;original&#8221;]<\/p>\n<p>[ux_image id=&#8221;7645&#8243; image_size=&#8221;original&#8221;]<\/p>\n<p>[ux_image id=&#8221;53&#8243; image_size=&#8221;original&#8221;]<\/p>\n<p>[ux_image id=&#8221;7646&#8243; image_size=&#8221;original&#8221;]<\/p>\n<p>[\/ux_slider]<br \/>\n[section padding=&#8221;80px&#8221;]<\/p>\n<p>[ux_text font_size=&#8221;0.75&#8243; text_align=&#8221;center&#8221;]<\/p>\n<h1>\u00a0 <a href=\"https:\/\/insize.com.tr\/wp-content\/uploads\/2022\/10\/insize-logo.svg\"><img loading=\"lazy\" decoding=\"async\" class=\"alignnone wp-image-4255\" src=\"https:\/\/insize.com.tr\/wp-content\/uploads\/2022\/10\/insize-logo.svg\" alt=\"\" width=\"281\" height=\"69\" title=\"\"><\/a><\/h1>\n<p>[\/ux_text]<br \/>\n[gap]<\/p>\n<p>[row style=&#8221;small&#8221; v_align=&#8221;equal&#8221;]<\/p>\n<p>[col span=&#8221;6&#8243; span__sm=&#8221;12&#8243; padding=&#8221;15px 15px 15px 15px&#8221; bg_radius=&#8221;15&#8243; depth=&#8221;2&#8243;]<\/p>\n<p>[ux_image_box style=&#8221;vertical&#8221; img=&#8221;22262&#8243; image_width=&#8221;35&#8243; image_size=&#8221;original&#8221; link=&#8221;https:\/\/insize.com.tr\/katalog&#8221; text_align=&#8221;left&#8221;]<\/p>\n<p>[row_inner style=&#8221;collapse&#8221;]<\/p>\n<p>[col_inner span=&#8221;7&#8243; span__sm=&#8221;12&#8243; span__md=&#8221;7&#8243; padding=&#8221;0px 0px 140px 0px&#8221; padding__sm=&#8221;0px 0px 20px 0px&#8221;]<\/p>\n<p>[ux_text text_align=&#8221;left&#8221; text_align__sm=&#8221;center&#8221; text_color=&#8221;rgb(58, 126, 60)&#8221;]<\/p>\n<h3><a href=\"https:\/\/insize.com.tr\/katalog\">KATALOG<\/a><\/h3>\n<p>[\/ux_text]<\/p>\n<p>[\/col_inner]<br \/>\n[col_inner span=&#8221;5&#8243; span__sm=&#8221;12&#8243; span__md=&#8221;5&#8243; padding=&#8221;125px 0px 0px 0px&#8221; padding__sm=&#8221;0px 0px 0px 0px&#8221; align=&#8221;center&#8221; visibility=&#8221;show-for-medium&#8221;]<\/p>\n<p>[button text=&#8221;Daha Fazla&#8221; letter_case=&#8221;lowercase&#8221; color=&#8221;white&#8221; size=&#8221;small&#8221; expand=&#8221;true&#8221; icon=&#8221;icon-angle-right&#8221; link=&#8221;https:\/\/insize.com.tr\/katalog&#8221;]<\/p>\n<p>[\/col_inner]<br \/>\n[col_inner span=&#8221;5&#8243; span__sm=&#8221;12&#8243; padding=&#8221;125px 0px 0px 0px&#8221; padding__sm=&#8221;10px 0px 0px 0px&#8221; align=&#8221;right&#8221; visibility=&#8221;hide-for-small&#8221;]<\/p>\n<p>[button text=&#8221;Daha Fazla&#8221; letter_case=&#8221;lowercase&#8221; color=&#8221;white&#8221; size=&#8221;small&#8221; icon=&#8221;icon-angle-right&#8221; link=&#8221;https:\/\/insize.com.tr\/katalog&#8221;]<\/p>\n<p>[\/col_inner]<\/p>\n<p>[\/row_inner]<\/p>\n<p>[\/ux_image_box]<\/p>\n<p>[\/col]<br \/>\n[col span=&#8221;6&#8243; span__sm=&#8221;12&#8243; padding=&#8221;15px 15px 15px 15px&#8221; bg_radius=&#8221;15&#8243; depth=&#8221;2&#8243;]<\/p>\n<p>[ux_image_box style=&#8221;vertical&#8221; img=&#8221;72&#8243; image_width=&#8221;35&#8243; image_size=&#8221;original&#8221; link=&#8221;https:\/\/insize.com.tr\/wp-content\/uploads\/2022\/10\/insize-urun-dizini.pdf&#8221; target=&#8221;_blank&#8221; text_align=&#8221;left&#8221;]<\/p>\n<p>[row_inner style=&#8221;collapse&#8221;]<\/p>\n<p>[col_inner span=&#8221;7&#8243; span__sm=&#8221;12&#8243; padding=&#8221;0px 0px 140px 0px&#8221; padding__sm=&#8221;0px 0px 20px 0px&#8221;]<\/p>\n<p>[ux_text text_align=&#8221;left&#8221; text_align__sm=&#8221;center&#8221; text_color=&#8221;rgb(58, 126, 60)&#8221;]<\/p>\n<h3><a href=\"https:\/\/insize.com.tr\/wp-content\/uploads\/2022\/10\/insize-urun-dizini.pdf\" target=\"_blank\" rel=\"noopener\">\u00dcR\u00dcN \u0130NDEKS\u0130<\/a><\/h3>\n<p>[\/ux_text]<\/p>\n<p>[\/col_inner]<br \/>\n[col_inner span=&#8221;5&#8243; span__sm=&#8221;12&#8243; padding=&#8221;125px 0px 0px 0px&#8221; padding__sm=&#8221;0px 0px 0px 0px&#8221; align=&#8221;right&#8221; visibility=&#8221;show-for-medium&#8221;]<\/p>\n<p>[button text=&#8221;Daha Fazla&#8221; letter_case=&#8221;lowercase&#8221; color=&#8221;white&#8221; size=&#8221;small&#8221; expand=&#8221;true&#8221; icon=&#8221;icon-angle-right&#8221; link=&#8221;https:\/\/insize.com.tr\/wp-content\/uploads\/2022\/10\/insize-urun-dizini.pdf&#8221; target=&#8221;_blank&#8221;]<\/p>\n<p>[\/col_inner]<br \/>\n[col_inner span=&#8221;5&#8243; span__sm=&#8221;12&#8243; padding=&#8221;125px 0px 0px 0px&#8221; padding__sm=&#8221;0px 0px 0px 0px&#8221; align=&#8221;right&#8221; visibility=&#8221;hide-for-small&#8221;]<\/p>\n<p>[button text=&#8221;Daha Fazla&#8221; letter_case=&#8221;lowercase&#8221; color=&#8221;white&#8221; size=&#8221;small&#8221; expand=&#8221;0&#8243; icon=&#8221;icon-angle-right&#8221; link=&#8221;https:\/\/insize.com.tr\/wp-content\/uploads\/2022\/10\/insize-urun-dizini.pdf&#8221; target=&#8221;_blank&#8221;]<\/p>\n<p>[\/col_inner]<\/p>\n<p>[\/row_inner]<\/p>\n<p>[\/ux_image_box]<\/p>\n<p>[\/col]<br \/>\n[col span=&#8221;6&#8243; span__sm=&#8221;12&#8243; padding=&#8221;15px 15px 15px 15px&#8221; bg_radius=&#8221;15&#8243; depth=&#8221;2&#8243;]<\/p>\n<p>[ux_image_box style=&#8221;vertical&#8221; img=&#8221;73&#8243; image_width=&#8221;35&#8243; image_size=&#8221;original&#8221; link=&#8221;https:\/\/insize.com.tr\/kullanim-videolari\/&#8221; text_align=&#8221;left&#8221;]<\/p>\n<p>[row_inner style=&#8221;collapse&#8221;]<\/p>\n<p>[col_inner span=&#8221;7&#8243; span__sm=&#8221;12&#8243; padding=&#8221;0px 0px 140px 0px&#8221; padding__sm=&#8221;0px 0px 20px 0px&#8221;]<\/p>\n<p>[ux_text text_align=&#8221;left&#8221; text_align__sm=&#8221;center&#8221; text_color=&#8221;rgb(58, 126, 60)&#8221;]<\/p>\n<h3><a href=\"https:\/\/insize.com.tr\/kullanim-videolari\/\">KULLANIM V\u0130DEOLARI<\/a><\/h3>\n<p>[\/ux_text]<\/p>\n<p>[\/col_inner]<br \/>\n[col_inner span=&#8221;5&#8243; span__sm=&#8221;12&#8243; padding=&#8221;125px 0px 0px 0px&#8221; padding__sm=&#8221;0px 0px 0px 0px&#8221; align=&#8221;right&#8221; visibility=&#8221;hide-for-small&#8221;]<\/p>\n<p>[button text=&#8221;Daha Fazla&#8221; letter_case=&#8221;lowercase&#8221; color=&#8221;white&#8221; size=&#8221;small&#8221; icon=&#8221;icon-angle-right&#8221; link=&#8221;https:\/\/insize.com.tr\/kullanim-videolari\/&#8221;]<\/p>\n<p>[\/col_inner]<br \/>\n[col_inner span=&#8221;5&#8243; span__sm=&#8221;12&#8243; padding=&#8221;125px 0px 0px 0px&#8221; padding__sm=&#8221;0px 0px 0px 0px&#8221; align=&#8221;right&#8221; visibility=&#8221;show-for-medium&#8221;]<\/p>\n<p>[button text=&#8221;Daha Fazla&#8221; letter_case=&#8221;lowercase&#8221; color=&#8221;white&#8221; size=&#8221;small&#8221; expand=&#8221;true&#8221; icon=&#8221;icon-angle-right&#8221; link=&#8221;https:\/\/insize.com.tr\/insize-kullanim-videolari\/&#8221;]<\/p>\n<p>[\/col_inner]<\/p>\n<p>[\/row_inner]<\/p>\n<p>[\/ux_image_box]<\/p>\n<p>[\/col]<br \/>\n[col span=&#8221;6&#8243; span__sm=&#8221;12&#8243; padding=&#8221;15px 15px 15px 15px&#8221; bg_radius=&#8221;15&#8243; depth=&#8221;2&#8243;]<\/p>\n<p>[ux_image_box style=&#8221;vertical&#8221; img=&#8221;74&#8243; image_width=&#8221;35&#8243; image_size=&#8221;original&#8221; link=&#8221;https:\/\/insize.com.tr\/iletisim\/&#8221; text_align=&#8221;left&#8221;]<\/p>\n<p>[row_inner style=&#8221;collapse&#8221;]<\/p>\n<p>[col_inner span=&#8221;7&#8243; span__sm=&#8221;12&#8243; padding=&#8221;0px 0px 140px 0px&#8221; padding__sm=&#8221;0px 0px 20px 0px&#8221;]<\/p>\n<p>[ux_text text_align=&#8221;left&#8221; text_align__sm=&#8221;center&#8221; text_color=&#8221;rgb(58, 126, 60)&#8221;]<\/p>\n<h3><a href=\"https:\/\/insize.com.tr\/iletisim\/\">\u0130LET\u0130\u015e\u0130M<\/a><\/h3>\n<p>[\/ux_text]<\/p>\n<p>[\/col_inner]<br \/>\n[col_inner span=&#8221;5&#8243; span__sm=&#8221;12&#8243; padding=&#8221;125px 0px 0px 0px&#8221; padding__sm=&#8221;0px 0px 0px 0px&#8221; align=&#8221;right&#8221;]<\/p>\n<p>[button text=&#8221;Daha Fazla&#8221; letter_case=&#8221;lowercase&#8221; color=&#8221;white&#8221; size=&#8221;small&#8221; expand=&#8221;true&#8221; icon=&#8221;icon-angle-right&#8221; link=&#8221;https:\/\/insize.com.tr\/iletisim\/&#8221;]<\/p>\n<p>[\/col_inner]<\/p>\n<p>[\/row_inner]<\/p>\n<p>[\/ux_image_box]<\/p>\n<p>[\/col]<\/p>\n<p>[\/row]<\/p>\n<p>[\/section]<br \/>\n[section bg_overlay=&#8221;rgba(218, 232, 218, 0.39)&#8221; padding=&#8221;200px&#8221; video_mp4=&#8221;https:\/\/insize.com.tr\/wp-content\/uploads\/2025\/10\/insize.com_.tr-kopyasi.mp4&#8243;]<\/p>\n<p>[row]<\/p>\n<p>[col span=&#8221;5&#8243; span__sm=&#8221;12&#8243; padding=&#8221;40px 40px 40px 40px&#8221; bg_color=&#8221;rgb(9, 99, 11)&#8221;]<\/p>\n<p>[ux_text text_color=&#8221;rgb(255, 255, 255)&#8221;]<\/p>\n<h2>INSIZE \u00dcr\u00fcnlerine G\u00f6z at\u0131n&#8230;<\/h2>\n<p>Insize&#8217;\u0131n i\u015flerinizi kolayla\u015ft\u0131rmak i\u00e7in haz\u0131rlad\u0131\u011f\u0131 kaliteli ve e\u015fsiz \u00fcr\u00fcnlerini incelediniz mi? Hemen g\u00f6z at\u0131n ihtiyac\u0131n\u0131za uygun \u00fcr\u00fcnlere h\u0131zl\u0131 ve kolayca ula\u015f\u0131n&#8230;<\/p>\n<p>[\/ux_text]<br \/>\n[button text=&#8221;\u00dcr\u00fcn Katalo\u011fu&#8221; color=&#8221;secondary&#8221; style=&#8221;outline&#8221; link=&#8221;https:\/\/insize.com.tr\/urunler\/&#8221;]<\/p>\n<p>[\/col]<br \/>\n[col span=&#8221;7&#8243; span__sm=&#8221;12&#8243;]<\/p>\n<p>[\/col]<\/p>\n<p>[\/row]<\/p>\n<p>[\/section]<br \/>\n[section padding=&#8221;80px&#8221;]<\/p>\n<p>[row style=&#8221;small&#8221;]<\/p>\n<p>[col span=&#8221;3&#8243; span__sm=&#8221;12&#8243; padding=&#8221;20px 0px 0px 0px&#8221;]<\/p>\n<p>[ux_image id=&#8221;8114&#8243; image_size=&#8221;original&#8221; margin=&#8221;0px 0px 0px 0px&#8221;]<\/p>\n<p>[\/col]<br \/>\n[col span=&#8221;9&#8243; span__sm=&#8221;12&#8243;]<\/p>\n<h1><a href=\"https:\/\/insize.com.tr\/\">INSIZE<\/a><\/h1>\n<p>INSIZE; 1995 y\u0131l\u0131nda \u00c7in\u2019de kurulmu\u015f, boyutsal \u00f6l\u00e7\u00fcm sistemleri, malzeme test cihazlar\u0131 ve end\u00fcstriyel \u00f6l\u00e7\u00fcm teknolojileri alan\u0131nda uzmanla\u015fm\u0131\u015f global bir \u00fcretici ve tedarik\u00e7idir. Ar-Ge odakl\u0131 yakla\u015f\u0131m\u0131 ve ileri m\u00fchendislik altyap\u0131s\u0131 sayesinde INSIZE; \u00fcretim, kalite kontrol ve proses do\u011frulama s\u00fcre\u00e7leri i\u00e7in y\u00fcksek hassasiyetli, dijital ve entegre \u00f6l\u00e7\u00fcm \u00e7\u00f6z\u00fcmleri sunmaktad\u0131r.<\/p>\n<p>ABD, \u0130spanya, Hindistan ve Brezilya\u2019daki ofisleri ile 75\u2019ten fazla \u00fclkede faaliyet g\u00f6steren INSIZE\u2019\u0131n, T\u00fcrkiye\u2019deki yap\u0131lanmas\u0131 INSIZE T\u00fcrkiye \u00d6l\u00e7\u00fcm Teknolojileri ve \u00c7\u00f6z\u00fcmleri \u00e7at\u0131s\u0131 alt\u0131nda y\u00fcr\u00fct\u00fclmektedir. Deniz Metal, INSIZE T\u00fcrkiye\u2019nin end\u00fcstriyel \u00f6l\u00e7\u00fcm \u00e7\u00f6z\u00fcmleri alan\u0131ndaki i\u015f orta\u011f\u0131d\u0131r.<\/p>\n<p>INSIZE \u00fcr\u00fcn portf\u00f6y\u00fc; veri transfer sistemleri ve \u00f6l\u00e7\u00fcm yaz\u0131l\u0131mlar\u0131, dijital ve analog \u00f6l\u00e7\u00fcm ekipmanlar\u0131 ile birlikte video kameral\u0131 \u00f6l\u00e7\u00fcm cihazlar\u0131, lazer taray\u0131c\u0131 \u00f6l\u00e7\u00fcm \u00e7\u00f6z\u00fcmleri, otomasyon ve robotik \u00f6l\u00e7\u00fcm sistemleri, dairesellik ve y\u00fczey p\u00fcr\u00fczl\u00fcl\u00fck \u00f6l\u00e7\u00fcm cihazlar\u0131, malzeme test ve analiz sistemleri, CMM \u00f6l\u00e7\u00fcm sistemleri ve ileri seviye test cihazlar\u0131n\u0131 kapsamaktad\u0131r. Bu \u00e7\u00f6z\u00fcmler, manuel \u00f6l\u00e7\u00fcm s\u00fcre\u00e7lerinin \u00f6tesine ge\u00e7erek otomatik, tekrarlanabilir ve y\u00fcksek do\u011frulukta \u00f6l\u00e7\u00fcm altyap\u0131lar\u0131 olu\u015fturmay\u0131 hedefler.<\/p>\n<p>INSIZE, yaln\u0131zca \u00fcr\u00fcn sunan bir marka olman\u0131n \u00f6tesinde; y\u00fcksek \u00f6l\u00e7\u00fcm do\u011frulu\u011fu, dijital entegrasyon kabiliyeti, yaz\u0131l\u0131m uyumlulu\u011fu, otomasyon uyumu ve uzun vadeli performans oda\u011f\u0131nda konumlanmaktad\u0131r.<br \/>\nKalite, yenilik ve teknolojik geli\u015fim anlay\u0131\u015f\u0131yla INSIZE; d\u00fcnya genelinde g\u00fcvenilir bir \u00f6l\u00e7\u00fcm teknolojileri markas\u0131 olarak konumunu g\u00fc\u00e7lendirmektedir.<\/p>\n<p>[\/col]<\/p>\n<p>[\/row]<\/p>\n<p>[\/section]<br \/>\n[section bg=&#8221;21061&#8243; bg_size=&#8221;original&#8221; bg_overlay=&#8221;rgba(0, 45, 1, 0.785)&#8221; dark=&#8221;true&#8221; mask=&#8221;arrow&#8221; padding=&#8221;120px&#8221;]<\/p>\n<p>[row]<\/p>\n<p>[col span__sm=&#8221;12&#8243;]<\/p>\n<p>[ux_text text_align=&#8221;center&#8221; text_color=&#8221;rgb(255, 255, 255)&#8221;]<\/p>\n<h2 class=\"uppercase\">\u00d6ne \u00c7\u0131kan \u00dcr\u00fcnlerimiz<\/h2>\n<p>[\/ux_text]<br \/>\n[gap]<\/p>\n<p>[ux_products col_spacing=&#8221;collapse&#8221; slider_nav_style=&#8221;simple&#8221; slider_nav_position=&#8221;outside&#8221; show_quick_view=&#8221;0&#8243; equalize_box=&#8221;true&#8221; ids=&#8221;6234,7281,6162,7192,7341,3373,9530,7469,237&#8243;]<\/p>\n<p>[\/col]<\/p>\n<p>[\/row]<\/p>\n<p>[\/section]<br \/>\n[section padding=&#8221;80px&#8221;]<\/p>\n<p>[row]<\/p>\n<p>[col span__sm=&#8221;12&#8243;]<\/p>\n<p>[ux_text text_align=&#8221;center&#8221; text_color=&#8221;#3a7e3c&#8221;]<\/p>\n<h2 class=\"uppercase\">INSIZE \u00dcR\u00dcNLERi HAKKINDA G\u00dcNCEL B\u0130LG\u0130LEND\u0130RMELER<\/h2>\n<p>[\/ux_text]<\/p>\n<p>[\/col]<\/p>\n<p>[\/row]<br \/>\n[row style=&#8221;small&#8221;]<\/p>\n<p>[col span__sm=&#8221;12&#8243;]<\/p>\n<p>[blog_posts style=&#8221;vertical&#8221; type=&#8221;row&#8221; col_spacing=&#8221;xsmall&#8221; columns=&#8221;2&#8243; columns__md=&#8221;1&#8243; depth=&#8221;1&#8243; posts=&#8221;4&#8243; readmore=&#8221;\u0130ncele&#8221; readmore_color=&#8221;primary&#8221; show_date=&#8221;false&#8221; excerpt_length=&#8221;14&#8243; image_height=&#8221;75%&#8221; image_width=&#8221;35&#8243; text_align=&#8221;left&#8221; text_padding=&#8221;20px 20px 20px 10px&#8221;]<\/p>\n<p>[\/col]<\/p>\n<p>[\/row]<br \/>\n[row]<\/p>\n<p>[col span__sm=&#8221;12&#8243;]<\/p>\n<p>[accordion]<\/p>\n<p>[accordion-item title=&#8221;Sertlik \u00d6l\u00e7\u00fcm Cihaz\u0131&#8221;]<\/p>\n<p><a href=\"https:\/\/insize.com.tr\/urun\/insize-hdt-mv-dijital-mikro-vickers-sertlik-olcum-cihazi\/\">Sertlik \u00f6l\u00e7\u00fcm<\/a> cihazlar\u0131, malzemelerin y\u00fczey sertli\u011fini belirlemek i\u00e7in kullan\u0131lan \u00f6nemli ara\u00e7lard\u0131r. Bu cihazlar, \u00e7e\u015fitli end\u00fcstrilerde yayg\u0131n olarak kullan\u0131lmaktad\u0131r. <a href=\"https:\/\/insize.com.tr\/urun\/insize-hdt-mv-dijital-mikro-vickers-sertlik-olcum-cihazi\/\">Sertlik \u00f6l\u00e7\u00fcm cihazlar\u0131<\/a>, malzemenin direncini \u00f6l\u00e7erek, mekanik dayan\u0131kl\u0131l\u0131\u011f\u0131, a\u015f\u0131nma direncini ve malzeme kalitesini de\u011ferlendirmeye yard\u0131mc\u0131 olur. Farkl\u0131 sertlik \u00f6l\u00e7\u00fcm y\u00f6ntemleri kullan\u0131larak, malzemelerin sertlik de\u011ferleri, \u00f6l\u00e7ekler ve birimler kullan\u0131larak ifade edilir. Sertlik \u00f6l\u00e7\u00fcm cihazlar\u0131, malzeme se\u00e7imi, \u00fcretim kalitesi kontrol\u00fc ve ara\u015ft\u0131rma ve geli\u015ftirme \u00e7al\u0131\u015fmalar\u0131nda \u00f6nemli bir rol oynamaktad\u0131r.<\/p>\n<p>[\/accordion-item]<br \/>\n[accordion-item title=&#8221;Laboratuvar Cihazlar\u0131&#8221;]<\/p>\n<p><a href=\"https:\/\/insize.com.tr\/urun\/insize-5318-md60-dijital-olcum-mikroskobu-basit-model\/\">Laboratuvar cihazlar\u0131<\/a> bilimsel ara\u015ft\u0131rmalar ve deneyler i\u00e7in kullan\u0131lan \u00f6zel ara\u00e7lard\u0131r. Bu cihazlar, \u00e7e\u015fitli disiplinlerde \u00e7al\u0131\u015fan ara\u015ft\u0131rmac\u0131lar ve bilim insanlar\u0131 taraf\u0131ndan yayg\u0131n olarak kullan\u0131l\u0131r. Laboratuvar cihazlar\u0131, \u00f6l\u00e7\u00fcm, analiz, kar\u0131\u015ft\u0131rma, \u0131s\u0131tma ve so\u011futma gibi i\u015flemleri ger\u00e7ekle\u015ftirmek i\u00e7in tasarlanm\u0131\u015ft\u0131r. \u00d6rne\u011fin, spektrofotometreler, mikroskoplar, manyetik kar\u0131\u015ft\u0131r\u0131c\u0131lar, kulu\u00e7ka ink\u00fcbat\u00f6rleri, laboratuvar f\u0131r\u0131nlar\u0131 gibi \u00e7e\u015fitli cihazlar bulunmaktad\u0131r. Bu cihazlar, do\u011fru sonu\u00e7lar elde etmek, veri analizini yapmak ve yeni ke\u015fiflerde bulunmak i\u00e7in laboratuvar \u00e7al\u0131\u015fmalar\u0131nda \u00f6nemli bir rol oynar.<\/p>\n<p>[\/accordion-item]<br \/>\n[accordion-item title=&#8221;Kont\u00fcr \u00d6l\u00e7\u00fcm Cihazlar\u0131&#8221;]<\/p>\n<p><a href=\"https:\/\/insize.com.tr\/kontur-olcum-cihazlari-nerelerde-kullanilir\/\">Kont\u00fcr \u00f6l\u00e7\u00fcm<\/a> cihazlar\u0131, nesnelerin y\u00fczeylerinin karma\u015f\u0131k \u015fekillerini \u00f6l\u00e7mek ve analiz etmek i\u00e7in kullan\u0131lan ara\u00e7lard\u0131r. Bu cihazlar, y\u00fczey profilini hassas bir \u015fekilde tarayarak, y\u00fcksek \u00e7\u00f6z\u00fcn\u00fcrl\u00fckl\u00fc veri elde ederler. <a href=\"https:\/\/insize.com.tr\/kontur-olcum-cihazlari-nerelerde-kullanilir\/\">Kont\u00fcr \u00f6l\u00e7\u00fcm cihazlar\u0131<\/a>, end\u00fcstriyel sekt\u00f6rlerde kalite kontrol, \u00fcretim s\u00fcre\u00e7leri ve tasar\u0131m validasyonunda \u00f6nemli bir rol oynar. \u00dcr\u00fcnlerin do\u011frulu\u011funu, y\u00fczey p\u00fcr\u00fczl\u00fcl\u00fc\u011f\u00fcn\u00fc, y\u00fckseklik farklar\u0131n\u0131 ve di\u011fer geometrik \u00f6zellikleri \u00f6l\u00e7erek, \u00fcretim standartlar\u0131na uygunlu\u011funu sa\u011flarlar. Kont\u00fcr \u00f6l\u00e7\u00fcm cihazlar\u0131, otomotiv, t\u0131p, makine m\u00fchendisli\u011fi ve elektronik gibi bir\u00e7ok end\u00fcstride yayg\u0131n olarak kullan\u0131lmaktad\u0131r.<\/p>\n<p>[\/accordion-item]<\/p>\n<p>[\/accordion]<\/p>\n<p>[\/col]<\/p>\n<p>[\/row]<\/p>\n<p>[\/section]<\/p>\n","protected":false},"excerpt":{"rendered":"<p>[ux_slider label=&#8221;Insize Slider&#8221; hide_nav=&#8221;true&#8221; nav_color=&#8221;dark&#8221; bullets=&#8221;false&#8221;] [ux_image id=&#8221;51&#8243; image_size=&#8221;original&#8221;] [ux_image id=&#8221;7645&#8243; image_size=&#8221;original&#8221;] [ux_image id=&#8221;53&#8243; image_size=&#8221;original&#8221;] [ux_image id=&#8221;7646&#8243; image_size=&#8221;original&#8221;] [\/ux_slider] [section padding=&#8221;80px&#8221;] [ux_text font_size=&#8221;0.75&#8243; text_align=&#8221;center&#8221;] \u00a0 [\/ux_text] [gap] [row style=&#8221;small&#8221; v_align=&#8221;equal&#8221;] [col span=&#8221;6&#8243; span__sm=&#8221;12&#8243; padding=&#8221;15px 15px 15px 15px&#8221; bg_radius=&#8221;15&#8243; depth=&#8221;2&#8243;] [ux_image_box style=&#8221;vertical&#8221; img=&#8221;22262&#8243; image_width=&#8221;35&#8243; image_size=&#8221;original&#8221; link=&#8221;https:\/\/insize.com.tr\/katalog&#8221; text_align=&#8221;left&#8221;] [row_inner style=&#8221;collapse&#8221;] [col_inner span=&#8221;7&#8243; span__sm=&#8221;12&#8243; span__md=&#8221;7&#8243; padding=&#8221;0px 0px 140px [&hellip;]<\/p>\n","protected":false},"author":1,"featured_media":4181,"parent":0,"menu_order":0,"comment_status":"closed","ping_status":"closed","template":"","meta":{"inline_featured_image":false,"footnotes":""},"class_list":["post-47","page","type-page","status-publish","has-post-thumbnail","hentry"],"_links":{"self":[{"href":"https:\/\/insize.com.tr\/en\/wp-json\/wp\/v2\/pages\/47","targetHints":{"allow":["GET"]}}],"collection":[{"href":"https:\/\/insize.com.tr\/en\/wp-json\/wp\/v2\/pages"}],"about":[{"href":"https:\/\/insize.com.tr\/en\/wp-json\/wp\/v2\/types\/page"}],"author":[{"embeddable":true,"href":"https:\/\/insize.com.tr\/en\/wp-json\/wp\/v2\/users\/1"}],"replies":[{"embeddable":true,"href":"https:\/\/insize.com.tr\/en\/wp-json\/wp\/v2\/comments?post=47"}],"version-history":[{"count":32,"href":"https:\/\/insize.com.tr\/en\/wp-json\/wp\/v2\/pages\/47\/revisions"}],"predecessor-version":[{"id":24894,"href":"https:\/\/insize.com.tr\/en\/wp-json\/wp\/v2\/pages\/47\/revisions\/24894"}],"wp:featuredmedia":[{"embeddable":true,"href":"https:\/\/insize.com.tr\/en\/wp-json\/wp\/v2\/media\/4181"}],"wp:attachment":[{"href":"https:\/\/insize.com.tr\/en\/wp-json\/wp\/v2\/media?parent=47"}],"curies":[{"name":"wp","href":"https:\/\/api.w.org\/{rel}","templated":true}]}}