{"id":5223,"date":"2023-02-22T11:01:47","date_gmt":"2023-02-22T08:01:47","guid":{"rendered":"https:\/\/insize.com.tr\/?page_id=5223"},"modified":"2024-02-17T14:31:31","modified_gmt":"2024-02-17T11:31:31","slug":"garanti-baslangic-formu","status":"publish","type":"page","link":"https:\/\/insize.com.tr\/en\/garanti-baslangic-formu\/","title":{"rendered":"Garanti Ba\u015flang\u0131\u00e7 Formu"},"content":{"rendered":"<p><iframe loading=\"lazy\" src=\"https:\/\/docs.google.com\/forms\/d\/e\/1FAIpQLSfQheDZbSZx4foEpUFhCouplCinUGloiFUYtpQCsUMu-tzZZQ\/viewform?embedded=true\" width=\"100%\" height=\"1674\" frameborder=\"0\" marginwidth=\"0\" marginheight=\"0\">Y\u00fckleniyor\u2026<\/iframe><\/p>","protected":false},"excerpt":{"rendered":"<p>Y\u00fckleniyor\u2026<\/p>","protected":false},"author":1,"featured_media":5876,"parent":0,"menu_order":0,"comment_status":"closed","ping_status":"closed","template":"","meta":{"inline_featured_image":false,"footnotes":""},"class_list":["post-5223","page","type-page","status-publish","has-post-thumbnail","hentry"],"_links":{"self":[{"href":"https:\/\/insize.com.tr\/en\/wp-json\/wp\/v2\/pages\/5223","targetHints":{"allow":["GET"]}}],"collection":[{"href":"https:\/\/insize.com.tr\/en\/wp-json\/wp\/v2\/pages"}],"about":[{"href":"https:\/\/insize.com.tr\/en\/wp-json\/wp\/v2\/types\/page"}],"author":[{"embeddable":true,"href":"https:\/\/insize.com.tr\/en\/wp-json\/wp\/v2\/users\/1"}],"replies":[{"embeddable":true,"href":"https:\/\/insize.com.tr\/en\/wp-json\/wp\/v2\/comments?post=5223"}],"version-history":[{"count":3,"href":"https:\/\/insize.com.tr\/en\/wp-json\/wp\/v2\/pages\/5223\/revisions"}],"predecessor-version":[{"id":5249,"href":"https:\/\/insize.com.tr\/en\/wp-json\/wp\/v2\/pages\/5223\/revisions\/5249"}],"wp:featuredmedia":[{"embeddable":true,"href":"https:\/\/insize.com.tr\/en\/wp-json\/wp\/v2\/media\/5876"}],"wp:attachment":[{"href":"https:\/\/insize.com.tr\/en\/wp-json\/wp\/v2\/media?parent=5223"}],"curies":[{"name":"wp","href":"https:\/\/api.w.org\/{rel}","templated":true}]}}