{"id":6873,"date":"2024-08-09T12:30:57","date_gmt":"2024-08-09T09:30:57","guid":{"rendered":"https:\/\/insize.com.tr\/?page_id=6873"},"modified":"2026-04-09T20:35:00","modified_gmt":"2026-04-09T17:35:00","slug":"demo-araci","status":"publish","type":"page","link":"https:\/\/insize.com.tr\/en\/demo-araci\/","title":{"rendered":"Demo Arac\u0131"},"content":{"rendered":"    <section class=\"insize-demo-intro\">\r\n        <div class=\"insize-demo-intro__inner\">\r\n            <div class=\"insize-demo-intro__video\">\r\n                <div class=\"insize-demo-video-wrap\">\r\n                    <iframe\r\n                        src=\"https:\/\/www.youtube.com\/embed\/BovxGtocap0\"\r\n                        title=\"INSIZE Demo Arac\u0131\"\r\n                        frameborder=\"0\"\r\n                        allow=\"accelerometer; autoplay; clipboard-write; encrypted-media; gyroscope; picture-in-picture\"\r\n                        allowfullscreen>\r\n                    <\/iframe>\r\n                <\/div>\r\n            <\/div>\r\n\r\n            <div class=\"insize-demo-intro__content\">\r\n                <h2>INSIZE DEMO ARACI<\/h2>\r\n                <p>Insize \u00d6l\u00e7\u00fc Aletleri Hizmet arac\u0131m\u0131z ile m\u00fc\u015fterilerimize yerinde ve anl\u0131k \u00e7\u00f6z\u00fcmler sunmay\u0131 ama\u00e7layarak, firmalara do\u011fru \u00fcr\u00fcnleri se\u00e7ebilmeleri ve bu \u00fcr\u00fcnleri T\u00fcrkiye\u2019nin bir\u00e7ok noktas\u0131nda sahada deneyimleme f\u0131rsat\u0131 sa\u011fl\u0131yoruz.<\/p>\r\n\r\n                <p>Hizmet Arac\u0131m\u0131zda, Insize'nin en son teknolojiye sahip standart \u00f6l\u00e7\u00fc aletleri, video kameral\u0131 \u00f6l\u00e7\u00fcm cihazlar\u0131, sertlik \u00f6l\u00e7\u00fcm cihazlar\u0131, kont\u00fcr \u00f6l\u00e7\u00fcm cihaz\u0131, portatif \u00f6l\u00e7\u00fcm cihazlar\u0131 gibi hassas \u00f6l\u00e7\u00fcm cihazlar\u0131ndan olu\u015fan geni\u015f bir \u00fcr\u00fcn yelpazesi bulunmaktad\u0131r.<\/p>\r\n\r\n                <p>Arac\u0131m\u0131z i\u00e7erisinde bulunan \u00f6l\u00e7\u00fcm aletleri ile yerinde ve \u00fccretsiz demo hizmeti sunarak m\u00fc\u015fterileri ihtiya\u00e7lar\u0131na y\u00f6nelik en do\u011fru \u00fcr\u00fcne y\u00f6nlendiriyoruz. Kalite kontrol profesyonelleri ve end\u00fcstri liderleri, \u0130nsize Kalite Kontrol Ekipmanlar\u0131 Hizmet Arac\u0131 ile i\u015finizi bir ad\u0131m \u00f6teye ta\u015f\u0131y\u0131n.<\/p>\r\n\r\n                <a href=\"#demo-arac-talebi\" class=\"insize-demo-btn\">Demo Arac\u0131 Talebi Olu\u015ftur<\/a>\r\n            <\/div>\r\n        <\/div>\r\n    <\/section>\r\n    \n    <section class=\"insize-demo-gallery-section\">\r\n        <div class=\"insize-demo-gallery-container\">\r\n            <h2>INSIZE DEMO ARACI G\u00d6RSEL GALER\u0130<\/h2>\r\n\r\n            <div class=\"insize-demo-gallery-grid\">\r\n                                                        <a href=\"https:\/\/insize.com.tr\/wp-content\/uploads\/2024\/08\/Insize-Demo-Araci-Galeri-1.jpg\" class=\"insize-demo-gallery-item\" target=\"_blank\" rel=\"noopener\">\r\n                        <img decoding=\"async\" src=\"https:\/\/insize.com.tr\/wp-content\/uploads\/2024\/08\/Insize-Demo-Araci-Galeri-1-1024x725.jpg\" alt=\"\" title=\"\">\r\n                    <\/a>\r\n                                                        <a href=\"https:\/\/insize.com.tr\/wp-content\/uploads\/2024\/08\/4.jpg\" class=\"insize-demo-gallery-item\" target=\"_blank\" rel=\"noopener\">\r\n                        <img decoding=\"async\" src=\"https:\/\/insize.com.tr\/wp-content\/uploads\/2024\/08\/4-1024x725.jpg\" alt=\"\" title=\"\">\r\n                    <\/a>\r\n                                                        <a href=\"https:\/\/insize.com.tr\/wp-content\/uploads\/2024\/08\/Insize-Demo-Araci-Galeri-2.jpg\" class=\"insize-demo-gallery-item\" target=\"_blank\" rel=\"noopener\">\r\n                        <img decoding=\"async\" src=\"https:\/\/insize.com.tr\/wp-content\/uploads\/2024\/08\/Insize-Demo-Araci-Galeri-2-1024x725.jpg\" alt=\"\" title=\"\">\r\n                    <\/a>\r\n                                                        <a href=\"https:\/\/insize.com.tr\/wp-content\/uploads\/2024\/08\/Insize-Demo-Araci-Galeri-12.jpg\" class=\"insize-demo-gallery-item\" target=\"_blank\" rel=\"noopener\">\r\n                        <img decoding=\"async\" src=\"https:\/\/insize.com.tr\/wp-content\/uploads\/2024\/08\/Insize-Demo-Araci-Galeri-12-1024x768.jpg\" alt=\"\" title=\"\">\r\n                    <\/a>\r\n                                                        <a href=\"https:\/\/insize.com.tr\/wp-content\/uploads\/2024\/08\/Insize-Demo-Araci-Galeri-10.jpg\" class=\"insize-demo-gallery-item\" target=\"_blank\" rel=\"noopener\">\r\n                        <img decoding=\"async\" src=\"https:\/\/insize.com.tr\/wp-content\/uploads\/2024\/08\/Insize-Demo-Araci-Galeri-10-1024x725.jpg\" alt=\"\" title=\"\">\r\n                    <\/a>\r\n                                                        <a href=\"https:\/\/insize.com.tr\/wp-content\/uploads\/2024\/08\/Insize-Demo-Araci-Galeri-3.jpg\" class=\"insize-demo-gallery-item\" target=\"_blank\" rel=\"noopener\">\r\n                        <img decoding=\"async\" src=\"https:\/\/insize.com.tr\/wp-content\/uploads\/2024\/08\/Insize-Demo-Araci-Galeri-3-1024x725.jpg\" alt=\"\" title=\"\">\r\n                    <\/a>\r\n                                                        <a href=\"https:\/\/insize.com.tr\/wp-content\/uploads\/2024\/08\/Insize-Demo-Araci-Galeri-4.jpg\" class=\"insize-demo-gallery-item\" target=\"_blank\" rel=\"noopener\">\r\n                        <img decoding=\"async\" src=\"https:\/\/insize.com.tr\/wp-content\/uploads\/2024\/08\/Insize-Demo-Araci-Galeri-4-1024x725.jpg\" alt=\"\" title=\"\">\r\n                    <\/a>\r\n                                                        <a href=\"https:\/\/insize.com.tr\/wp-content\/uploads\/2024\/08\/Insize-Demo-Araci-Galeri-5.jpg\" class=\"insize-demo-gallery-item\" target=\"_blank\" rel=\"noopener\">\r\n                        <img decoding=\"async\" src=\"https:\/\/insize.com.tr\/wp-content\/uploads\/2024\/08\/Insize-Demo-Araci-Galeri-5-1024x725.jpg\" alt=\"\" title=\"\">\r\n                    <\/a>\r\n                                                        <a href=\"https:\/\/insize.com.tr\/wp-content\/uploads\/2024\/08\/Insize-Demo-Araci-Galeri-6.jpg\" class=\"insize-demo-gallery-item\" target=\"_blank\" rel=\"noopener\">\r\n                        <img decoding=\"async\" src=\"https:\/\/insize.com.tr\/wp-content\/uploads\/2024\/08\/Insize-Demo-Araci-Galeri-6-1024x725.jpg\" alt=\"\" title=\"\">\r\n                    <\/a>\r\n                                                        <a href=\"https:\/\/insize.com.tr\/wp-content\/uploads\/2024\/08\/Insize-Demo-Araci-Galeri-7.jpg\" class=\"insize-demo-gallery-item\" target=\"_blank\" rel=\"noopener\">\r\n                        <img decoding=\"async\" src=\"https:\/\/insize.com.tr\/wp-content\/uploads\/2024\/08\/Insize-Demo-Araci-Galeri-7-1024x725.jpg\" alt=\"\" title=\"\">\r\n                    <\/a>\r\n                                                        <a href=\"https:\/\/insize.com.tr\/wp-content\/uploads\/2024\/08\/Insize-Demo-Araci-Galeri-8.jpg\" class=\"insize-demo-gallery-item\" target=\"_blank\" rel=\"noopener\">\r\n                        <img decoding=\"async\" src=\"https:\/\/insize.com.tr\/wp-content\/uploads\/2024\/08\/Insize-Demo-Araci-Galeri-8-1024x725.jpg\" alt=\"\" title=\"\">\r\n                    <\/a>\r\n                                                        <a href=\"https:\/\/insize.com.tr\/wp-content\/uploads\/2024\/08\/Insize-Demo-Araci-Galeri-11.jpg\" class=\"insize-demo-gallery-item\" target=\"_blank\" rel=\"noopener\">\r\n                        <img decoding=\"async\" src=\"https:\/\/insize.com.tr\/wp-content\/uploads\/2024\/08\/Insize-Demo-Araci-Galeri-11-1024x725.jpg\" alt=\"\" title=\"\">\r\n                    <\/a>\r\n                            <\/div>\r\n        <\/div>\r\n    <\/section>\r\n    \n    <section id=\"demo-arac-talebi\" class=\"insize-demo-form-section\">\r\n        <div class=\"insize-demo-form-container\">\r\n            <h2>DEMO ARACI TALEP FORMU<\/h2>\r\n    \n<div id=\"crmWebToEntityForm\" class=\"zcwf_lblLeft crmWebToEntityForm\">\n<form id=\"webform6698113000016874005\" accept-charset=\"UTF-8\" action=\"https:\/\/crm.zoho.com\/crm\/WebToLeadForm\" method=\"POST\" name=\"WebToLeads6698113000016874005\"><input style=\"display: none;\" name=\"xnQsjsdp\" type=\"text\" value=\"9e02c80da4752f703cb203c0c02b6a7bf525bb733e8ef2eadfc67ad2e8e56a2c\" \/><br \/>\n<input id=\"zc_gad\" name=\"zc_gad\" type=\"hidden\" value=\"\" \/><br \/>\n<input style=\"display: none;\" name=\"xmIwtLD\" type=\"text\" value=\"8f07d63b8370a46a831b23e47ee08df603eec90da9b856f4119a36ac7439f73bd3a052ef4f50dabe0979f36bf8e3f3a8\" \/><br \/>\n<input style=\"display: none;\" name=\"actionType\" type=\"text\" value=\"TGVhZHM=\" \/><br \/>\n<input style=\"display: none;\" name=\"returnURL\" type=\"text\" value=\"null\" \/><\/p>\n<div class=\"zcwf_row\">\n<div class=\"zcwf_col_lab\"><label for=\"First_Name\">Yetkili Ad\u0131 <span class=\"zcwf_required\">*<\/span><\/label><\/div>\n<div class=\"zcwf_col_fld\"><input id=\"First_Name\" maxlength=\"40\" name=\"First Name\" type=\"text\" \/><\/div>\n<\/div>\n<div class=\"zcwf_row\">\n<div class=\"zcwf_col_lab\"><label for=\"Last_Name\">Yetkili Soyad\u0131 <span class=\"zcwf_required\">*<\/span><\/label><\/div>\n<div class=\"zcwf_col_fld\"><input id=\"Last_Name\" maxlength=\"80\" name=\"Last Name\" type=\"text\" \/><\/div>\n<\/div>\n<div class=\"zcwf_row\">\n<div class=\"zcwf_col_lab\"><label for=\"Company\">Firma Ad\u0131<\/label><\/div>\n<div class=\"zcwf_col_fld\"><input id=\"Company\" maxlength=\"200\" name=\"Company\" type=\"text\" \/><\/div>\n<\/div>\n<div class=\"zcwf_row\">\n<div class=\"zcwf_col_lab\"><label for=\"Mobile\">Firma Telefonu <span class=\"zcwf_required\">*<\/span><\/label><\/div>\n<div class=\"zcwf_col_fld\"><input id=\"Mobile\" maxlength=\"30\" name=\"Mobile\" type=\"text\" \/><\/div>\n<\/div>\n<div class=\"zcwf_row\">\n<div class=\"zcwf_col_lab\"><label for=\"Email\">E-posta <span class=\"zcwf_required\">*<\/span><\/label><\/div>\n<div class=\"zcwf_col_fld\"><input id=\"Email\" maxlength=\"100\" name=\"Email\" type=\"text\" \/><\/div>\n<\/div>\n<div class=\"zcwf_row\">\n<div class=\"zcwf_col_lab\"><label for=\"Description\">Firma Adres Bilgileri<\/label><\/div>\n<div class=\"zcwf_col_fld\"><textarea id=\"Description\" name=\"Description\"><\/textarea><\/div>\n<\/div>\n<div class=\"zcwf_row wfrm_fld_dpNn\">\n<div class=\"zcwf_col_lab\"><label for=\"Lead_Source\">M\u00fc\u015fteri Aday\u0131 Kayna\u011f\u0131<\/label><\/div>\n<div class=\"zcwf_col_fld\"><select id=\"Lead_Source\" name=\"Lead Source\"><option selected=\"selected\" value=\"Insize Demo Arac\u0131 Talep Formu\">Insize Demo Arac\u0131 Talep Formu<\/option><\/select><\/div>\n<\/div>\n<div class=\"zcwf_row wfrm_fld_dpNn\">\n<div class=\"zcwf_col_lab\"><label for=\"Lead_Status\">M\u00fc\u015fteri Aday\u0131 Durumu<\/label><\/div>\n<div class=\"zcwf_col_fld\"><select id=\"Lead_Status\" name=\"Lead Status\"><option selected=\"selected\" value=\"Yeni M\u00fc\u015fteri Aday\u0131\">Yeni M\u00fc\u015fteri Aday\u0131<\/option><\/select><\/div>\n<\/div>\n<div class=\"zcwf_row\">\n<div id=\"reCaptchaField\" class=\"zcwf_col_lab\">G\u00fcvenlik Kodunu Girin<\/div>\n<div class=\"zcwf_col_fld\"><input id=\"captchaField6698113000016874005\" maxlength=\"10\" name=\"enterdigest\" type=\"text\" \/><\/div>\n<\/div>\n<div class=\"zcwf_row\">\n<div class=\"zcwf_col_lab\"><\/div>\n<div class=\"zcwf_col_fld zcwf_captcha_wrap\"><img decoding=\"async\" id=\"imgid6698113000016874005\" src=\"https:\/\/crm.zoho.com\/crm\/CaptchaServlet?formId=8f07d63b8370a46a831b23e47ee08df603eec90da9b856f4119a36ac7439f73bd3a052ef4f50dabe0979f36bf8e3f3a8&amp;grpid=9e02c80da4752f703cb203c0c02b6a7bf525bb733e8ef2eadfc67ad2e8e56a2c\" alt=\"Captcha\" title=\"\"><br \/>\n<a>Tekrar Y\u00fckle<\/a><\/div>\n<\/div>\n<div class=\"zcwf_row\">\n<div class=\"zcwf_col_lab\"><\/div>\n<div class=\"zcwf_col_fld\"><label class=\"zcwf_checkbox_label\"><br \/>\n<input id=\"privacyTool6698113000016874005\" type=\"checkbox\" \/><br \/>\nInsize \u00d6l\u00e7\u00fcm Teknolojileri ve \u00c7\u00f6z\u00fcmleri <a href=\"\/kvkk-aydinlatma-metni-ve-acik-riza-metni\/\" target=\"_blank\" rel=\"noopener\">Ki\u015fisel Verilerin \u0130\u015flenmesine \u0130li\u015fkin Ayd\u0131nlatma Metni<\/a>&#8216;ni okudum.<br \/>\n<\/label><\/p>\n<div id=\"privacyErr6698113000016874005\" class=\"zcwf_privacy_error\">L\u00fctfen kabul edin:<\/div>\n<\/div>\n<\/div>\n<p><input style=\"display: none;\" name=\"aG9uZXlwb3Q\" type=\"text\" value=\"\" \/><\/p>\n<div class=\"zcwf_row\">\n<div class=\"zcwf_col_lab\"><\/div>\n<div class=\"zcwf_col_fld zcwf_actions\"><input id=\"formsubmit\" class=\"formsubmit zcwf_button\" type=\"submit\" value=\"G\u00f6nder\" \/><br \/>\n<input class=\"zcwf_button\" name=\"reset\" type=\"reset\" value=\"S\u0131f\u0131rla\" \/><\/div>\n<\/div>\n<p><script>\n      function reloadImg6698113000016874005() {\n        var captcha = document.getElementById('imgid6698113000016874005');\n        if (captcha.src.indexOf('&d') !== -1) {\n          captcha.src = captcha.src.substring(0, captcha.src.indexOf('&d')) + '&d=' + new Date().getTime();\n        } else {\n          captcha.src = captcha.src + '&d=' + new Date().getTime();\n        }\n      }<\/p>\n<p>      function validateEmail6698113000016874005() {\n        var form = document.forms['WebToLeads6698113000016874005'];\n        var emailFld = form.querySelectorAll('[name=\"Email\"]');<\/p>\n<p>        for (var i = 0; i < emailFld.length; i++) {\n          var emailVal = emailFld[i].value;\n          if (emailVal.trim().length !== 0) {\n            var atpos = emailVal.indexOf('@');\n            var dotpos = emailVal.lastIndexOf('.');\n            if (atpos < 1 || dotpos < atpos + 2 || dotpos + 2 >= emailVal.length) {\n              alert('L\u00fctfen ge\u00e7erli bir e-posta adresi belirtin');\n              emailFld[i].focus();\n              return false;\n            }\n          }\n        }\n        return true;\n      }<\/p>\n<p>      function privacyAlert6698113000016874005() {\n        var privacyTool = document.getElementById('privacyTool6698113000016874005');\n        var privacyErr = document.getElementById('privacyErr6698113000016874005');<\/p>\n<p>        if (privacyTool && !privacyTool.checked) {\n          privacyErr.style.visibility = 'visible';\n          privacyTool.focus();\n          return false;\n        }\n        return true;\n      }<\/p>\n<p>      function disableErr6698113000016874005() {\n        var privacyTool = document.getElementById('privacyTool6698113000016874005');\n        var privacyErr = document.getElementById('privacyErr6698113000016874005');<\/p>\n<p>        if (privacyTool && privacyTool.checked && privacyErr) {\n          privacyErr.style.visibility = 'hidden';\n        }\n      }<\/p>\n<p>      function checkMandatory6698113000016874005() {\n        var mndFileds = ['First Name', 'Last Name', 'Email', 'Mobile'];\n        var fldLangVal = ['Yetkili Ad\u0131', 'Yetkili Soyad\u0131', 'E-posta', 'Firma Telefonu'];<\/p>\n<p>        for (var i = 0; i < mndFileds.length; i++) {\n          var fieldObj = document.forms['WebToLeads6698113000016874005'][mndFileds[i]];\n          if (fieldObj &#038;&#038; fieldObj.value.trim().length === 0) {\n            alert(fldLangVal[i] + ' bo\u015f olamaz.');\n            fieldObj.focus();\n            return false;\n          }\n        }\n\n        if (!validateEmail6698113000016874005()) return false;\n        if (!privacyAlert6698113000016874005()) return false;\n\n        var submitBtn = document.querySelector('#crmWebToEntityForm .formsubmit');\n        if (submitBtn) {\n          submitBtn.setAttribute('disabled', true);\n        }\n\n        return true;\n      }\n    <\/script><\/p>\n<\/form>\n<\/div>\n<\/div><\/section>\n","protected":false},"excerpt":{"rendered":"<p>Yetkili Ad\u0131 * Yetkili Soyad\u0131 * Firma Ad\u0131 Firma Telefonu * E-posta * Firma Adres Bilgileri M\u00fc\u015fteri Aday\u0131 Kayna\u011f\u0131 Insize Demo Arac\u0131 Talep Formu M\u00fc\u015fteri Aday\u0131 Durumu Yeni M\u00fc\u015fteri Aday\u0131 G\u00fcvenlik Kodunu Girin Tekrar Y\u00fckle Insize \u00d6l\u00e7\u00fcm Teknolojileri ve \u00c7\u00f6z\u00fcmleri Ki\u015fisel Verilerin \u0130\u015flenmesine \u0130li\u015fkin Ayd\u0131nlatma Metni&#8216;ni okudum. L\u00fctfen kabul edin:<\/p>","protected":false},"author":1,"featured_media":0,"parent":0,"menu_order":0,"comment_status":"closed","ping_status":"closed","template":"","meta":{"inline_featured_image":false,"footnotes":""},"class_list":["post-6873","page","type-page","status-publish","hentry"],"_links":{"self":[{"href":"https:\/\/insize.com.tr\/en\/wp-json\/wp\/v2\/pages\/6873","targetHints":{"allow":["GET"]}}],"collection":[{"href":"https:\/\/insize.com.tr\/en\/wp-json\/wp\/v2\/pages"}],"about":[{"href":"https:\/\/insize.com.tr\/en\/wp-json\/wp\/v2\/types\/page"}],"author":[{"embeddable":true,"href":"https:\/\/insize.com.tr\/en\/wp-json\/wp\/v2\/users\/1"}],"replies":[{"embeddable":true,"href":"https:\/\/insize.com.tr\/en\/wp-json\/wp\/v2\/comments?post=6873"}],"version-history":[{"count":22,"href":"https:\/\/insize.com.tr\/en\/wp-json\/wp\/v2\/pages\/6873\/revisions"}],"predecessor-version":[{"id":24918,"href":"https:\/\/insize.com.tr\/en\/wp-json\/wp\/v2\/pages\/6873\/revisions\/24918"}],"wp:attachment":[{"href":"https:\/\/insize.com.tr\/en\/wp-json\/wp\/v2\/media?parent=6873"}],"curies":[{"name":"wp","href":"https:\/\/api.w.org\/{rel}","templated":true}]}}