{"id":6895,"date":"2024-08-09T13:12:41","date_gmt":"2024-08-09T10:12:41","guid":{"rendered":"https:\/\/insize.com.tr\/?page_id=6895"},"modified":"2026-04-09T09:14:13","modified_gmt":"2026-04-09T06:14:13","slug":"showroom-deneyimi","status":"publish","type":"page","link":"https:\/\/insize.com.tr\/en\/showroom-deneyimi\/","title":{"rendered":"Showroom Deneyimi"},"content":{"rendered":"    <section class=\"insize-demo-intro\">\r\n        <div class=\"insize-demo-intro__inner\">\r\n            <div class=\"insize-showroom-media\">\r\n                                    <img decoding=\"async\" src=\"https:\/\/insize.com.tr\/wp-content\/uploads\/2024\/08\/10.jpg\" alt=\"INSIZE Showroom Deneyimi\" title=\"\">\r\n                            <\/div>\r\n\r\n            <div class=\"insize-demo-intro__content\">\r\n                <h2>INSIZE SHOWROOM DENEY\u0130M\u0130<\/h2>\r\n\r\n                <p>Insize Kalite Kontrol Ekipmanlar\u0131 ve \u00d6l\u00e7\u00fc Aletleri showroomumuzda, en son teknolojiye sahip kumpaslar, mikrometreler, \u00f6l\u00e7\u00fcm makineleri ve daha bir\u00e7ok \u00fcr\u00fcnle tan\u0131\u015fma f\u0131rsat\u0131na sahip olacaks\u0131n\u0131z.<\/p>\r\n\r\n                <p><strong>Neler Sunuyoruz?<\/strong><\/p>\r\n\r\n                <ul class=\"insize-showroom-list\">\r\n                    <li><strong>Geni\u015f \u00dcr\u00fcn \u00c7e\u015fitlili\u011fi:<\/strong> \u0130htiya\u00e7lar\u0131n\u0131za uygun \u00f6l\u00e7\u00fc aletlerini ve aksesuarlar\u0131 bir arada bulabilirsiniz.<\/li>\r\n                    <li><strong>Canl\u0131 Demonstrasyonlar:<\/strong> \u00dcr\u00fcnlerimizi yak\u0131ndan inceleyebilir, profesyonel ekibimizden canl\u0131 demonstrasyonlar izleyebilirsiniz.<\/li>\r\n                    <li><strong>Uzman Dan\u0131\u015fmanl\u0131k:<\/strong> Deneyimli ekibimiz, \u00f6l\u00e7\u00fcm ihtiya\u00e7lar\u0131n\u0131z\u0131 en iyi \u015fekilde kar\u015f\u0131layacak \u00e7\u00f6z\u00fcmler sunmak i\u00e7in burada.<\/li>\r\n                <\/ul>\r\n\r\n                <p><strong>Deneyimleyin, \u00d6\u011frenin, G\u00fcvenin<\/strong><\/p>\r\n\r\n                <p>Insize showroomunda, y\u00fcksek kalite standartlar\u0131 ile \u00fcretilmi\u015f \u00f6l\u00e7\u00fc aletlerimizin performans\u0131n\u0131 ve dayan\u0131kl\u0131l\u0131\u011f\u0131n\u0131 kendi g\u00f6zlerinizle g\u00f6rebilir, dokunarak ve deneyimleyerek fark\u0131n\u0131 hissedebilirsiniz. Size \u00f6zel sunulan f\u0131rsatlar ve kampanyalar hakk\u0131nda bilgi almak i\u00e7in showroomumuzu ziyaret edin.<\/p>\r\n\r\n                <a href=\"#showroom-deneyim-talebi\" class=\"insize-demo-btn\">Showroom Deneyim Talebi Olu\u015ftur<\/a>\r\n            <\/div>\r\n        <\/div>\r\n    <\/section>\r\n    \n    <section class=\"insize-demo-gallery-section\">\r\n        <div class=\"insize-demo-gallery-container\">\r\n            <h2>INSIZE SHOWROOM G\u00d6RSEL GALER\u0130<\/h2>\r\n\r\n            <div class=\"insize-demo-gallery-grid\">\r\n                                                        <a href=\"https:\/\/insize.com.tr\/wp-content\/uploads\/2024\/08\/1.jpg\" class=\"insize-demo-gallery-item\" target=\"_blank\" rel=\"noopener\">\r\n                        <img decoding=\"async\" src=\"https:\/\/insize.com.tr\/wp-content\/uploads\/2024\/08\/1-1024x725.jpg\" alt=\"\" title=\"\">\r\n                    <\/a>\r\n                                                        <a href=\"https:\/\/insize.com.tr\/wp-content\/uploads\/2024\/08\/2.jpg\" class=\"insize-demo-gallery-item\" target=\"_blank\" rel=\"noopener\">\r\n                        <img decoding=\"async\" src=\"https:\/\/insize.com.tr\/wp-content\/uploads\/2024\/08\/2-1024x725.jpg\" alt=\"\" title=\"\">\r\n                    <\/a>\r\n                                                        <a href=\"https:\/\/insize.com.tr\/wp-content\/uploads\/2024\/08\/3.jpg\" class=\"insize-demo-gallery-item\" target=\"_blank\" rel=\"noopener\">\r\n                        <img decoding=\"async\" src=\"https:\/\/insize.com.tr\/wp-content\/uploads\/2024\/08\/3-1024x725.jpg\" alt=\"\" title=\"\">\r\n                    <\/a>\r\n                                                        <a href=\"https:\/\/insize.com.tr\/wp-content\/uploads\/2024\/08\/4-1.jpg\" class=\"insize-demo-gallery-item\" target=\"_blank\" rel=\"noopener\">\r\n                        <img decoding=\"async\" src=\"https:\/\/insize.com.tr\/wp-content\/uploads\/2024\/08\/4-1-1024x725.jpg\" alt=\"\" title=\"\">\r\n                    <\/a>\r\n                                                        <a href=\"https:\/\/insize.com.tr\/wp-content\/uploads\/2024\/08\/5.jpg\" class=\"insize-demo-gallery-item\" target=\"_blank\" rel=\"noopener\">\r\n                        <img decoding=\"async\" src=\"https:\/\/insize.com.tr\/wp-content\/uploads\/2024\/08\/5-1024x725.jpg\" alt=\"\" title=\"\">\r\n                    <\/a>\r\n                                                        <a href=\"https:\/\/insize.com.tr\/wp-content\/uploads\/2024\/08\/6.jpg\" class=\"insize-demo-gallery-item\" target=\"_blank\" rel=\"noopener\">\r\n                        <img decoding=\"async\" src=\"https:\/\/insize.com.tr\/wp-content\/uploads\/2024\/08\/6-1024x725.jpg\" alt=\"\" title=\"\">\r\n                    <\/a>\r\n                                                        <a href=\"https:\/\/insize.com.tr\/wp-content\/uploads\/2024\/08\/8.jpg\" class=\"insize-demo-gallery-item\" target=\"_blank\" rel=\"noopener\">\r\n                        <img decoding=\"async\" src=\"https:\/\/insize.com.tr\/wp-content\/uploads\/2024\/08\/8-1024x725.jpg\" alt=\"\" title=\"\">\r\n                    <\/a>\r\n                                                        <a href=\"https:\/\/insize.com.tr\/wp-content\/uploads\/2024\/08\/9.jpg\" class=\"insize-demo-gallery-item\" target=\"_blank\" rel=\"noopener\">\r\n                        <img decoding=\"async\" src=\"https:\/\/insize.com.tr\/wp-content\/uploads\/2024\/08\/9-1024x725.jpg\" alt=\"\" title=\"\">\r\n                    <\/a>\r\n                            <\/div>\r\n        <\/div>\r\n    <\/section>\r\n    \n    <section id=\"showroom-deneyim-talebi\" class=\"insize-demo-form-section\">\r\n        <div class=\"insize-demo-form-container\">\r\n            <h2>SHOWROOM DENEY\u0130M\u0130 TALEP FORMU<\/h2>\r\n\r\n            <div id='crmWebToEntityForm' class='zcwf_lblLeft crmWebToEntityForm insize-zoho-form' style='background-color:#fff;color:#000;max-width:900px;padding:15px!important;margin:0 auto!important;'>\r\n                <meta name='viewport' content='width=device-width, initial-scale=1.0'>\r\n                <meta http-equiv='content-type' content='text\/html;charset=UTF-8'>\r\n\r\n                <form id='webform6698113000016874049'\r\n                      action='https:\/\/crm.zoho.com\/crm\/WebToLeadForm'\r\n                      name='WebToLeads6698113000016874049'\r\n                      method='POST'\r\n                      onsubmit='javascript:document.charset=\"UTF-8\"; return checkMandatory6698113000016874049()'\r\n                      accept-charset='UTF-8'>\r\n\r\n                    <input type='text' style='display:none;' name='xnQsjsdp' value='f8f40c54f9b95e7ad15d4a250253f0e95e6453ab6db1e0f8672b6bdda829f7a8'>\r\n                    <input type='hidden' name='zc_gad' id='zc_gad' value=''>\r\n                    <input type='text' style='display:none;' name='xmIwtLD' value='e8865005974d86f10a1acdd52e841c908dc43ac86afa3923012216ec2b24218c48b25377ccd818ac6cf5ec250910c88e'>\r\n                    <input type='text' style='display:none;' name='actionType' value='TGVhZHM='>\r\n                    <input type='text' style='display:none;' name='returnURL' value='null'>\r\n\r\n                    <style>\r\n                        #crmWebToEntityForm br{display:none!important}\r\n                        .insize-zoho-form{box-sizing:border-box}\r\n                        .insize-zoho-form *{box-sizing:border-box}\r\n                        .insize-zoho-form .zcwf_row{margin:10px 0!important;padding:0}\r\n                        .insize-zoho-form .zcwf_row:after,\r\n                        .insize-zoho-form .zcwf_col_fld:after{content:'';display:table;clear:both}\r\n                        .insize-zoho-form .zcwf_col_lab{\r\n                            width:30%;word-break:break-word;padding:0 6px 0!important;margin-right:10px;\r\n                            float:left;min-height:1px;font-size:14px;line-height:44px\r\n                        }\r\n                        .insize-zoho-form .zcwf_col_fld{\r\n                            float:left;width:68%;padding:0 6px 0!important;position:relative\r\n                        }\r\n                        .insize-zoho-form .zcwf_col_fld input[type=text],\r\n                        .insize-zoho-form .zcwf_col_fld textarea,\r\n                        .insize-zoho-form .zcwf_col_fld select{\r\n                            width:100%!important;border:1px solid #c0c6cc!important;border-radius:4px;\r\n                            padding:10px 12px!important;margin:0;font-size:14px;background:#fff\r\n                        }\r\n                        .insize-zoho-form .zcwf_col_fld textarea{height:100px;min-height:100px;resize:vertical}\r\n                        .insize-zoho-form .wfrm_fld_dpNn{display:none}\r\n                        .insize-zoho-form .zcwf_button{\r\n                            font-size:14px;color:#313949;border:1px solid #c0c6cc;padding:12px 28px!important;\r\n                            border-radius:4px;cursor:pointer;background:#f5f5f5\r\n                        }\r\n                        .insize-zoho-form .formsubmit.zcwf_button{\r\n                            color:#fff!important;background:linear-gradient(0deg,#0279FF 0%,#00A3F3 100%);border:none\r\n                        }\r\n                        .insize-zoho-form .zcwf_privacy{padding:12px 6px!important;margin:0}\r\n                        .insize-zoho-form .zcwf_privacy_txt{\r\n                            width:90%;font-size:13px;display:inline-block;vertical-align:top;margin-left:8px;line-height:1.5\r\n                        }\r\n                        @media all and (max-width:900px){\r\n                            .insize-zoho-form .zcwf_col_lab,\r\n                            .insize-zoho-form .zcwf_col_fld{width:100%!important;float:none!important}\r\n                            .insize-zoho-form .zcwf_col_lab{line-height:1.4;margin-bottom:6px!important;padding:0!important}\r\n                            .insize-zoho-form .zcwf_col_fld{padding:0!important}\r\n                            .insize-zoho-form .zcwf_row{margin:12px 0!important}\r\n                            .insize-zoho-form .formsubmit,\r\n                            .insize-zoho-form .zcwf_button{\r\n                                width:48%;display:inline-block;margin-right:2%;padding:12px 5px!important;text-align:center\r\n                            }\r\n                            .insize-zoho-form .zcwf_button:last-child{margin-right:0}\r\n                        }\r\n                    <\/style>\r\n\r\n                    <div class='zcwf_row'>\r\n                        <div class='zcwf_col_lab'><label for='First_Name_showroom'>Ad\u0131 <span style='color:red;'>*<\/span><\/label><\/div>\r\n                        <div class='zcwf_col_fld'><input type='text' id='First_Name_showroom' name='First Name' maxlength='40'><\/div>\r\n                    <\/div>\r\n\r\n                    <div class='zcwf_row'>\r\n                        <div class='zcwf_col_lab'><label for='Last_Name_showroom'>Soyad\u0131 <span style='color:red;'>*<\/span><\/label><\/div>\r\n                        <div class='zcwf_col_fld'><input type='text' id='Last_Name_showroom' name='Last Name' maxlength='80'><\/div>\r\n                    <\/div>\r\n\r\n                    <div class='zcwf_row'>\r\n                        <div class='zcwf_col_lab'><label for='Company_showroom'>\u015eirket<\/label><\/div>\r\n                        <div class='zcwf_col_fld'><input type='text' id='Company_showroom' name='Company' maxlength='200'><\/div>\r\n                    <\/div>\r\n\r\n                    <div class='zcwf_row'>\r\n                        <div class='zcwf_col_lab'><label for='Email_showroom'>E-posta <span style='color:red;'>*<\/span><\/label><\/div>\r\n                        <div class='zcwf_col_fld'><input type='text' ftype='email' id='Email_showroom' name='Email' maxlength='100'><\/div>\r\n                    <\/div>\r\n\r\n                    <div class='zcwf_row'>\r\n                        <div class='zcwf_col_lab'><label for='Mobile_showroom'>Cep Telefonu <span style='color:red;'>*<\/span><\/label><\/div>\r\n                        <div class='zcwf_col_fld'><input type='text' id='Mobile_showroom' name='Mobile' maxlength='30'><\/div>\r\n                    <\/div>\r\n\r\n                    <div class='zcwf_row'>\r\n                        <div class='zcwf_col_lab'><label for='Street_showroom'>Adres<\/label><\/div>\r\n                        <div class='zcwf_col_fld'><input type='text' id='Street_showroom' name='Street' maxlength='250'><\/div>\r\n                    <\/div>\r\n\r\n                    <div class='zcwf_row wfrm_fld_dpNn'>\r\n                        <div class='zcwf_col_lab'><label for='Lead_Source_showroom'>M\u00fc\u015fteri Aday\u0131 Kayna\u011f\u0131<\/label><\/div>\r\n                        <div class='zcwf_col_fld'>\r\n                            <select id='Lead_Source_showroom' name='Lead Source'>\r\n                                <option selected value='Insize Showroom Deneyim Formu'>Insize Showroom Deneyim Formu<\/option>\r\n                            <\/select>\r\n                        <\/div>\r\n                    <\/div>\r\n\r\n                    <div class='zcwf_row wfrm_fld_dpNn'>\r\n                        <div class='zcwf_col_lab'><label for='Lead_Status_showroom'>M\u00fc\u015fteri Aday\u0131 Durumu<\/label><\/div>\r\n                        <div class='zcwf_col_fld'>\r\n                            <select id='Lead_Status_showroom' name='Lead Status'>\r\n                                <option selected value='Yeni M\u00fc\u015fteri Aday\u0131'>Yeni M\u00fc\u015fteri Aday\u0131<\/option>\r\n                            <\/select>\r\n                        <\/div>\r\n                    <\/div>\r\n\r\n                    <div class='zcwf_row'>\r\n                        <div class='zcwf_privacy'>\r\n                            <div style='display:inline-block;vertical-align:top;'>\r\n                                <label>\r\n                                    <input autocomplete='off' id='privacyTool6698113000016874049' type='checkbox' onclick='disableErr6698113000016874049()'>\r\n                                <\/label>\r\n                            <\/div>\r\n\r\n                            <div class='zcwf_privacy_txt'>\r\n                                Insize \u00d6l\u00e7\u00fcm Teknolojileri ve \u00c7\u00f6z\u00fcmleri\r\n                                <a href='https:\/\/insize.com.tr\/en\/kvkk-aydinlatma-metni-ve-acik-riza-metni\/' target='_blank'>\r\n                                    Ki\u015fisel Verilerin \u0130\u015flenmesine \u0130li\u015fkin Ayd\u0131nlatma Metni\r\n                                <\/a>\r\n                                'ni okudum.\r\n                            <\/div>\r\n\r\n                            <div id='privacyErr6698113000016874049' style='font-size:12px;color:red;padding-left:5px;visibility:hidden;'>L\u00fctfen kabul edin:<\/div>\r\n                        <\/div>\r\n                    <\/div>\r\n\r\n                    <input type='text' style='display:none;' name='aG9uZXlwb3Q' value=''>\r\n\r\n                    <div class='zcwf_row'>\r\n                        <div class='zcwf_col_lab'><\/div>\r\n                        <div class='zcwf_col_fld'>\r\n                            <input type='submit' id='formsubmit_showroom' class='formsubmit zcwf_button' value='G\u00f6nder'>\r\n                            <input type='reset' class='zcwf_button' name='reset' value='S\u0131f\u0131rla'>\r\n                        <\/div>\r\n                    <\/div>\r\n\r\n                    <script>\r\n                        function validateEmail6698113000016874049(){\r\n                            var form = document.forms['WebToLeads6698113000016874049'];\r\n                            var emailFld = form.querySelectorAll('[ftype=email]');\r\n                            for (var i = 0; i < emailFld.length; i++) {\r\n                                var emailVal = emailFld[i].value;\r\n                                if (emailVal.trim().length !== 0) {\r\n                                    var atpos = emailVal.indexOf('@');\r\n                                    var dotpos = emailVal.lastIndexOf('.');\r\n                                    if (atpos < 1 || dotpos < atpos + 2 || dotpos + 2 >= emailVal.length) {\r\n                                        alert('L\u00fctfen ge\u00e7erli bir e-posta adresi belirtin');\r\n                                        emailFld[i].focus();\r\n                                        return false;\r\n                                    }\r\n                                }\r\n                            }\r\n                            return true;\r\n                        }\r\n\r\n                        function privacyAlert6698113000016874049(){\r\n                            var privacyTool = document.getElementById('privacyTool6698113000016874049');\r\n                            var privacyErr = document.getElementById('privacyErr6698113000016874049');\r\n                            if (privacyTool && !privacyTool.checked) {\r\n                                privacyErr.style.visibility = 'visible';\r\n                                privacyTool.focus();\r\n                                return false;\r\n                            }\r\n                            return true;\r\n                        }\r\n\r\n                        function disableErr6698113000016874049(){\r\n                            var privacyTool = document.getElementById('privacyTool6698113000016874049');\r\n                            var privacyErr = document.getElementById('privacyErr6698113000016874049');\r\n                            if (privacyTool && privacyTool.checked && privacyErr) {\r\n                                privacyErr.style.visibility = 'hidden';\r\n                            }\r\n                        }\r\n\r\n                        function checkMandatory6698113000016874049(){\r\n                            var mndFileds = ['First Name', 'Last Name', 'Email', 'Mobile'];\r\n                            var fldLangVal = ['Ad\u0131', 'Soyad\u0131', 'E-posta', 'Cep Telefonu'];\r\n\r\n                            for (var i = 0; i < mndFileds.length; i++) {\r\n                                var fieldObj = document.forms['WebToLeads6698113000016874049'][mndFileds[i]];\r\n                                if (fieldObj && fieldObj.value.trim().length === 0) {\r\n                                    alert(fldLangVal[i] + ' bo\u015f olamaz.');\r\n                                    fieldObj.focus();\r\n                                    return false;\r\n                                }\r\n                            }\r\n\r\n                            if (!validateEmail6698113000016874049()) return false;\r\n                            if (!privacyAlert6698113000016874049()) return false;\r\n\r\n                            document.querySelector('#webform6698113000016874049 .formsubmit').setAttribute('disabled', true);\r\n                            return true;\r\n                        }\r\n                    <\/script>\r\n                <\/form>\r\n            <\/div>\r\n        <\/div>\r\n    <\/section>\r\n    \n","protected":false},"excerpt":{"rendered":"","protected":false},"author":1,"featured_media":0,"parent":0,"menu_order":0,"comment_status":"closed","ping_status":"closed","template":"","meta":{"inline_featured_image":false,"footnotes":""},"class_list":["post-6895","page","type-page","status-publish","hentry"],"_links":{"self":[{"href":"https:\/\/insize.com.tr\/en\/wp-json\/wp\/v2\/pages\/6895","targetHints":{"allow":["GET"]}}],"collection":[{"href":"https:\/\/insize.com.tr\/en\/wp-json\/wp\/v2\/pages"}],"about":[{"href":"https:\/\/insize.com.tr\/en\/wp-json\/wp\/v2\/types\/page"}],"author":[{"embeddable":true,"href":"https:\/\/insize.com.tr\/en\/wp-json\/wp\/v2\/users\/1"}],"replies":[{"embeddable":true,"href":"https:\/\/insize.com.tr\/en\/wp-json\/wp\/v2\/comments?post=6895"}],"version-history":[{"count":9,"href":"https:\/\/insize.com.tr\/en\/wp-json\/wp\/v2\/pages\/6895\/revisions"}],"predecessor-version":[{"id":24903,"href":"https:\/\/insize.com.tr\/en\/wp-json\/wp\/v2\/pages\/6895\/revisions\/24903"}],"wp:attachment":[{"href":"https:\/\/insize.com.tr\/en\/wp-json\/wp\/v2\/media?parent=6895"}],"curies":[{"name":"wp","href":"https:\/\/api.w.org\/{rel}","templated":true}]}}