{"id":10080,"date":"2025-06-16T13:44:10","date_gmt":"2025-06-16T10:44:10","guid":{"rendered":"https:\/\/insize.com.tr\/?post_type=product&#038;p=10080"},"modified":"2026-03-04T14:53:08","modified_gmt":"2026-03-04T11:53:08","slug":"insize-6884-xxa-kumpas-yukseklik-olcer-kontrol-cihazlari","status":"publish","type":"product","link":"https:\/\/insize.com.tr\/en\/product\/insize-6884-xxa-kumpas-yukseklik-olcer-kontrol-cihazlari\/","title":{"rendered":"Insize 6884-xxA Kumpas\/Y\u00fckseklik \u00d6l\u00e7er Kontrol Cihazlar\u0131"},"content":{"rendered":"","protected":false},"excerpt":{"rendered":"<ul>\n<li>Kumpas ve y\u00fckseklik \u00f6l\u00e7erleri kontrol etmek i\u00e7in<\/li>\n<li>Seramik \u00f6l\u00e7\u00fc bloklar\u0131 ile in\u015fa edilmi\u015ftir\n<p><a href=\"https:\/\/insize.com.tr\/wp-content\/uploads\/2025\/06\/6884-xxA.pdf\"><strong>PDF i\u00e7in t\u0131klay\u0131n\u0131z.<\/strong><\/a><\/li>\n<li><a href=\"https:\/\/insize.com.tr\/wp-content\/uploads\/2026\/03\/6884-E-V1.pdf\"><strong>Kullan\u0131m K\u0131lavuzu<\/strong><\/a><\/li>\n<\/ul>","protected":false},"featured_media":10082,"comment_status":"open","ping_status":"closed","template":"","meta":{"inline_featured_image":false},"product_brand":[],"product_cat":[21,550],"product_tag":[],"class_list":{"0":"post-10080","1":"product","2":"type-product","3":"status-publish","4":"has-post-thumbnail","6":"product_cat-kumpaslar","7":"product_cat-standart-olcu-aletleri","9":"first","10":"instock","11":"shipping-taxable","12":"purchasable","13":"product-type-simple"},"_links":{"self":[{"href":"https:\/\/insize.com.tr\/en\/wp-json\/wp\/v2\/product\/10080","targetHints":{"allow":["GET"]}}],"collection":[{"href":"https:\/\/insize.com.tr\/en\/wp-json\/wp\/v2\/product"}],"about":[{"href":"https:\/\/insize.com.tr\/en\/wp-json\/wp\/v2\/types\/product"}],"replies":[{"embeddable":true,"href":"https:\/\/insize.com.tr\/en\/wp-json\/wp\/v2\/comments?post=10080"}],"wp:featuredmedia":[{"embeddable":true,"href":"https:\/\/insize.com.tr\/en\/wp-json\/wp\/v2\/media\/10082"}],"wp:attachment":[{"href":"https:\/\/insize.com.tr\/en\/wp-json\/wp\/v2\/media?parent=10080"}],"wp:term":[{"taxonomy":"product_brand","embeddable":true,"href":"https:\/\/insize.com.tr\/en\/wp-json\/wp\/v2\/product_brand?post=10080"},{"taxonomy":"product_cat","embeddable":true,"href":"https:\/\/insize.com.tr\/en\/wp-json\/wp\/v2\/product_cat?post=10080"},{"taxonomy":"product_tag","embeddable":true,"href":"https:\/\/insize.com.tr\/en\/wp-json\/wp\/v2\/product_tag?post=10080"}],"curies":[{"name":"wp","href":"https:\/\/api.w.org\/{rel}","templated":true}]}}