{"id":10126,"date":"2025-06-17T12:20:06","date_gmt":"2025-06-17T09:20:06","guid":{"rendered":"https:\/\/insize.com.tr\/?post_type=product&#038;p=10126"},"modified":"2026-04-21T08:25:18","modified_gmt":"2026-04-21T05:25:18","slug":"insize-2855-90-pimli-disli-araligi-olcum-aleti","status":"publish","type":"product","link":"https:\/\/insize.com.tr\/en\/product\/insize-2855-90-pimli-disli-araligi-olcum-aleti\/","title":{"rendered":"Insize 2855-90 Pimli Di\u015fli aral\u0131\u011f\u0131 \u00d6l\u00e7\u00fcm Aleti"},"content":{"rendered":"","protected":false},"excerpt":{"rendered":"<ul>\n<li>Di\u015fli milinin \u00fcst pimlerini \u00f6l\u00e7\u00fcn<\/li>\n<li>Karb\u00fcr problar<\/li>\n<li>Prob konumu ayarlanabilir<\/li>\n<li>\u0130ste\u011fe ba\u011fl\u0131 aksesuar: dijital g\u00f6sterge\n<p><a href=\"https:\/\/insize.com.tr\/wp-content\/uploads\/2025\/06\/2855.pdf\"><strong>PDF i\u00e7in t\u0131klay\u0131n\u0131z.<\/strong><\/a><\/li>\n<\/ul>","protected":false},"featured_media":10128,"comment_status":"open","ping_status":"closed","template":"","meta":{"inline_featured_image":false},"product_brand":[],"product_cat":[552,550],"product_tag":[],"class_list":{"0":"post-10126","1":"product","2":"type-product","3":"status-publish","4":"has-post-thumbnail","6":"product_cat-olcum-setleri","7":"product_cat-standart-olcu-aletleri","9":"first","10":"instock","11":"shipping-taxable","12":"purchasable","13":"product-type-simple"},"_links":{"self":[{"href":"https:\/\/insize.com.tr\/en\/wp-json\/wp\/v2\/product\/10126","targetHints":{"allow":["GET"]}}],"collection":[{"href":"https:\/\/insize.com.tr\/en\/wp-json\/wp\/v2\/product"}],"about":[{"href":"https:\/\/insize.com.tr\/en\/wp-json\/wp\/v2\/types\/product"}],"replies":[{"embeddable":true,"href":"https:\/\/insize.com.tr\/en\/wp-json\/wp\/v2\/comments?post=10126"}],"wp:featuredmedia":[{"embeddable":true,"href":"https:\/\/insize.com.tr\/en\/wp-json\/wp\/v2\/media\/10128"}],"wp:attachment":[{"href":"https:\/\/insize.com.tr\/en\/wp-json\/wp\/v2\/media?parent=10126"}],"wp:term":[{"taxonomy":"product_brand","embeddable":true,"href":"https:\/\/insize.com.tr\/en\/wp-json\/wp\/v2\/product_brand?post=10126"},{"taxonomy":"product_cat","embeddable":true,"href":"https:\/\/insize.com.tr\/en\/wp-json\/wp\/v2\/product_cat?post=10126"},{"taxonomy":"product_tag","embeddable":true,"href":"https:\/\/insize.com.tr\/en\/wp-json\/wp\/v2\/product_tag?post=10126"}],"curies":[{"name":"wp","href":"https:\/\/api.w.org\/{rel}","templated":true}]}}