{"id":10141,"date":"2025-06-17T13:26:02","date_gmt":"2025-06-17T10:26:02","guid":{"rendered":"https:\/\/insize.com.tr\/?post_type=product&#038;p=10141"},"modified":"2026-04-21T08:25:24","modified_gmt":"2026-04-21T05:25:24","slug":"insize-6848-145-evrensel-karsilastirma-olcum-tezgahi","status":"publish","type":"product","link":"https:\/\/insize.com.tr\/en\/product\/insize-6848-145-evrensel-karsilastirma-olcum-tezgahi\/","title":{"rendered":"Insize 6848-145 Evrensel Kar\u015f\u0131la\u015ft\u0131rma \u00d6l\u00e7\u00fcm Tezgah\u0131"},"content":{"rendered":"","protected":false},"excerpt":{"rendered":"<ul>\n<li>\u0130\u00e7 ve d\u0131\u015f \u00e7ap \u00f6l\u00e7\u00fcm\u00fc i\u00e7in de\u011fi\u015ftirilebilir \u00f6l\u00e7\u00fcm y\u00f6n\u00fc<\/li>\n<li>Ayarlanabilir \u00f6l\u00e7\u00fcm kuvveti: 2-5N<\/li>\n<li>Hareketli prob hareketi: 20mm<\/li>\n<li>IP54 toz\/su ge\u00e7irmez dijital g\u00f6sterge (kapak kald\u0131r\u0131ld\u0131\u011f\u0131nda toz\/su ge\u00e7irmezlik olmaz)<\/li>\n<li>Dijital g\u00f6sterge mutlak kodlay\u0131c\u0131 kullan\u0131r, g\u00fc\u00e7 kapat\u0131ld\u0131ktan sonra orijinal veriler kal\u0131r<\/li>\n<li>Dijital g\u00f6sterge, 30 saat s\u00fcrekli \u00e7al\u0131\u015fma i\u00e7in \u015farj edilebilir pil kullan\u0131r<\/li>\n<li>Otomatik kapanma \u00f6zelli\u011fine sahip dijital g\u00f6sterge<\/li>\n<li>Dijital ve analogda dijital g\u00f6sterge okuma<\/li>\n<li>Dijital g\u00f6sterge ekran\u0131 270\u00b0 d\u00f6nd\u00fcr\u00fclebilir<\/li>\n<li>Dijital g\u00f6sterge d\u00fc\u011fme fonksiyonu: a\u00e7\u0131k\/kapal\u0131, s\u0131f\u0131rlama ayar\u0131, veri \u00f6n ayar\u0131, tolerans Ge\u00e7 ve Ge\u00e7 De\u011fil ekran\u0131, veri tutma, mm\/in\u00e7, \u00f6l\u00e7\u00fcm y\u00f6n\u00fc de\u011fi\u015fimi.maks.\/min.\/TIR, mutlak\/art\u0131ml\u0131 \u00f6l\u00e7\u00fcm, veri \u00e7\u0131k\u0131\u015f\u0131<\/li>\n<li>Dijital g\u00f6stergede veri \u00e7\u0131k\u0131\u015f kablosu (klavye format\u0131) mevcuttur<\/li>\n<li><a href=\"https:\/\/insize.com.tr\/wp-content\/uploads\/2025\/06\/6848.pdf\"><strong>PDF i\u00e7in t\u0131klay\u0131n\u0131z.<\/strong><\/a><\/li>\n<\/ul>","protected":false},"featured_media":21088,"comment_status":"open","ping_status":"closed","template":"","meta":{"inline_featured_image":false},"product_brand":[],"product_cat":[552,560,550],"product_tag":[],"class_list":{"0":"post-10141","1":"product","2":"type-product","3":"status-publish","4":"has-post-thumbnail","6":"product_cat-olcum-setleri","7":"product_cat-sehpalar","8":"product_cat-standart-olcu-aletleri","10":"first","11":"instock","12":"shipping-taxable","13":"purchasable","14":"product-type-simple"},"_links":{"self":[{"href":"https:\/\/insize.com.tr\/en\/wp-json\/wp\/v2\/product\/10141","targetHints":{"allow":["GET"]}}],"collection":[{"href":"https:\/\/insize.com.tr\/en\/wp-json\/wp\/v2\/product"}],"about":[{"href":"https:\/\/insize.com.tr\/en\/wp-json\/wp\/v2\/types\/product"}],"replies":[{"embeddable":true,"href":"https:\/\/insize.com.tr\/en\/wp-json\/wp\/v2\/comments?post=10141"}],"wp:featuredmedia":[{"embeddable":true,"href":"https:\/\/insize.com.tr\/en\/wp-json\/wp\/v2\/media\/21088"}],"wp:attachment":[{"href":"https:\/\/insize.com.tr\/en\/wp-json\/wp\/v2\/media?parent=10141"}],"wp:term":[{"taxonomy":"product_brand","embeddable":true,"href":"https:\/\/insize.com.tr\/en\/wp-json\/wp\/v2\/product_brand?post=10141"},{"taxonomy":"product_cat","embeddable":true,"href":"https:\/\/insize.com.tr\/en\/wp-json\/wp\/v2\/product_cat?post=10141"},{"taxonomy":"product_tag","embeddable":true,"href":"https:\/\/insize.com.tr\/en\/wp-json\/wp\/v2\/product_tag?post=10141"}],"curies":[{"name":"wp","href":"https:\/\/api.w.org\/{rel}","templated":true}]}}