{"id":10164,"date":"2025-06-17T16:37:58","date_gmt":"2025-06-17T13:37:58","guid":{"rendered":"https:\/\/insize.com.tr\/?post_type=product&#038;p=10164"},"modified":"2026-03-04T14:53:11","modified_gmt":"2026-03-04T11:53:11","slug":"insize-1513-200-dijital-delik-agizi-kumpasi","status":"publish","type":"product","link":"https:\/\/insize.com.tr\/en\/product\/insize-1513-200-dijital-delik-agizi-kumpasi\/","title":{"rendered":"Insize 1513-200 Dijital Delik A\u011f\u0131z\u0131 Kumpas\u0131"},"content":{"rendered":"","protected":false},"excerpt":{"rendered":"<ul>\n<li>Su ge\u00e7irmez de\u011fil<\/li>\n<li>\u0130\u00e7erisinde bariyer bulunan deliklerin \u00e7ap\u0131n\u0131 \u00f6l\u00e7\u00fcn<\/li>\n<li>\u00c7\u00f6z\u00fcn\u00fcrl\u00fck: 0,01 mm\/0,0005&#8243;<\/li>\n<li>D\u00fc\u011fmeler: a\u00e7\u0131k\/kapal\u0131, ayar, mm\/in\u00e7, \u00f6n ayar (+, -)<\/li>\n<li>Otomatik kapanma, g\u00fcc\u00fc a\u00e7mak i\u00e7in dijital \u00fcniteyi hareket ettirin<\/li>\n<li>Pil CR2032<\/li>\n<li>Veri \u00e7\u0131k\u0131\u015f\u0131<\/li>\n<li>Paslanmaz \u00e7elikten yap\u0131lm\u0131\u015ft\u0131r<\/li>\n<li><a href=\"https:\/\/insize.com.tr\/wp-content\/uploads\/2025\/06\/1513.pdf\"><strong>PDF i\u00e7in t\u0131klay\u0131n\u0131z.<\/strong><\/a><\/li>\n<\/ul>","protected":false},"featured_media":10166,"comment_status":"open","ping_status":"closed","template":"","meta":{"inline_featured_image":false},"product_brand":[],"product_cat":[21],"product_tag":[],"class_list":{"0":"post-10164","1":"product","2":"type-product","3":"status-publish","4":"has-post-thumbnail","6":"product_cat-kumpaslar","8":"first","9":"instock","10":"shipping-taxable","11":"purchasable","12":"product-type-simple"},"_links":{"self":[{"href":"https:\/\/insize.com.tr\/en\/wp-json\/wp\/v2\/product\/10164","targetHints":{"allow":["GET"]}}],"collection":[{"href":"https:\/\/insize.com.tr\/en\/wp-json\/wp\/v2\/product"}],"about":[{"href":"https:\/\/insize.com.tr\/en\/wp-json\/wp\/v2\/types\/product"}],"replies":[{"embeddable":true,"href":"https:\/\/insize.com.tr\/en\/wp-json\/wp\/v2\/comments?post=10164"}],"wp:featuredmedia":[{"embeddable":true,"href":"https:\/\/insize.com.tr\/en\/wp-json\/wp\/v2\/media\/10166"}],"wp:attachment":[{"href":"https:\/\/insize.com.tr\/en\/wp-json\/wp\/v2\/media?parent=10164"}],"wp:term":[{"taxonomy":"product_brand","embeddable":true,"href":"https:\/\/insize.com.tr\/en\/wp-json\/wp\/v2\/product_brand?post=10164"},{"taxonomy":"product_cat","embeddable":true,"href":"https:\/\/insize.com.tr\/en\/wp-json\/wp\/v2\/product_cat?post=10164"},{"taxonomy":"product_tag","embeddable":true,"href":"https:\/\/insize.com.tr\/en\/wp-json\/wp\/v2\/product_tag?post=10164"}],"curies":[{"name":"wp","href":"https:\/\/api.w.org\/{rel}","templated":true}]}}