{"id":10201,"date":"2025-06-18T14:53:56","date_gmt":"2025-06-18T11:53:56","guid":{"rendered":"https:\/\/insize.com.tr\/?post_type=product&#038;p=10201"},"modified":"2026-03-04T14:53:12","modified_gmt":"2026-03-04T11:53:12","slug":"insize-0613-sg01-gaz-algilama-vericisi","status":"publish","type":"product","link":"https:\/\/insize.com.tr\/en\/product\/insize-0613-sg01-gaz-algilama-vericisi\/","title":{"rendered":"Insize 0613-SG01 Gaz Alg\u0131lama Vericisi"},"content":{"rendered":"","protected":false},"excerpt":{"rendered":"<ul>\n<li>Gaz konsantrasyonunun s\u00fcrekli tespiti<\/li>\n<li>\u00d6zelle\u015ftirilmi\u015f ikincil alarm, \u0131\u015f\u0131k alarm g\u00f6stergesi, iste\u011fe ba\u011fl\u0131 ses ve \u0131\u015f\u0131k alarm lambas\u0131<\/li>\n<li>O2, CO, H2S, NH3 vb. gibi di\u011fer gazlar da \u00f6zelle\u015ftirilebilir.<\/li>\n<li>Sabit montaj, duvara monte montaj, uzunlamas\u0131na boru montaj\u0131<\/li>\n<li>H\u0131zl\u0131 de\u011fi\u015ftirilebilir gaz sens\u00f6rleri<\/li>\n<li>Ayarlanabilir kalibrasyon de\u011ferleri<\/li>\n<li>\u00d6rnekleme y\u00f6ntemi: dif\u00fczyon<\/li>\n<li>Koruma seviyesi: IP65<\/li>\n<li>Patlamaya dayan\u0131kl\u0131l\u0131k seviyesi: Exd II CT6 Gb<\/li>\n<li><a href=\"https:\/\/insize.com.tr\/wp-content\/uploads\/2026\/02\/0613-SG01.pdf\"><strong>PDF i\u00e7in t\u0131klay\u0131n\u0131z.<\/strong><\/a><\/li>\n<li><a href=\"https:\/\/insize.com.tr\/wp-content\/uploads\/2026\/03\/0613-SG01-E-V0.pdf\"><strong>Kullan\u0131m K\u0131lavuzu<\/strong><\/a><\/li>\n<\/ul>","protected":false},"featured_media":10203,"comment_status":"open","ping_status":"closed","template":"","meta":{"inline_featured_image":false},"product_brand":[],"product_cat":[543,551],"product_tag":[],"class_list":{"0":"post-10201","1":"product","2":"type-product","3":"status-publish","4":"has-post-thumbnail","6":"product_cat-hata-tespit-cihazlari","7":"product_cat-test-cihazlari","9":"first","10":"instock","11":"shipping-taxable","12":"purchasable","13":"product-type-simple"},"_links":{"self":[{"href":"https:\/\/insize.com.tr\/en\/wp-json\/wp\/v2\/product\/10201","targetHints":{"allow":["GET"]}}],"collection":[{"href":"https:\/\/insize.com.tr\/en\/wp-json\/wp\/v2\/product"}],"about":[{"href":"https:\/\/insize.com.tr\/en\/wp-json\/wp\/v2\/types\/product"}],"replies":[{"embeddable":true,"href":"https:\/\/insize.com.tr\/en\/wp-json\/wp\/v2\/comments?post=10201"}],"wp:featuredmedia":[{"embeddable":true,"href":"https:\/\/insize.com.tr\/en\/wp-json\/wp\/v2\/media\/10203"}],"wp:attachment":[{"href":"https:\/\/insize.com.tr\/en\/wp-json\/wp\/v2\/media?parent=10201"}],"wp:term":[{"taxonomy":"product_brand","embeddable":true,"href":"https:\/\/insize.com.tr\/en\/wp-json\/wp\/v2\/product_brand?post=10201"},{"taxonomy":"product_cat","embeddable":true,"href":"https:\/\/insize.com.tr\/en\/wp-json\/wp\/v2\/product_cat?post=10201"},{"taxonomy":"product_tag","embeddable":true,"href":"https:\/\/insize.com.tr\/en\/wp-json\/wp\/v2\/product_tag?post=10201"}],"curies":[{"name":"wp","href":"https:\/\/api.w.org\/{rel}","templated":true}]}}