{"id":1093,"date":"2022-10-06T16:47:41","date_gmt":"2022-10-06T13:47:41","guid":{"rendered":"https:\/\/insize.com.tr\/?post_type=product&#038;p=1093"},"modified":"2026-04-20T16:45:03","modified_gmt":"2026-04-20T13:45:03","slug":"insize-6903-b-granit-pleyt-icin-kriko-seti","status":"publish","type":"product","link":"https:\/\/insize.com.tr\/en\/product\/insize-6903-b-granit-pleyt-icin-kriko-seti\/","title":{"rendered":"Insize 6903-B Granit Pleyt \u0130\u00e7in Kriko Seti"},"content":{"rendered":"<p><img loading=\"lazy\" decoding=\"async\" class=\"alignnone size-full wp-image-1353\" src=\"https:\/\/denizmtl.com\/\/wp-content\/uploads\/2018\/12\/6903.png\" alt=\"\" width=\"871\" height=\"242\" title=\"\"><\/p>","protected":false},"excerpt":{"rendered":"<ul>\n<li>Her set i\u00e7in 5 kriko<\/li>\n<li>Pleyt Aya\u011f\u0131 be\u015fli.<\/li>\n<li>Ayarlanabilir y\u00fckseklik.<\/li>\n<li><a href=\"https:\/\/denizmtl.com\/wp-content\/uploads\/2022\/01\/6903-GRANIT-PLEYT-ICIN-KRIKO-SETI-1.pdf\"><strong>PDF i\u00e7in t\u0131klay\u0131n\u0131z.<\/strong><\/a><\/li>\n<\/ul>","protected":false},"featured_media":1109,"comment_status":"open","ping_status":"closed","template":"","meta":{"inline_featured_image":false},"product_brand":[],"product_cat":[18,555],"product_tag":[],"class_list":{"0":"post-1093","1":"product","2":"type-product","3":"status-publish","4":"has-post-thumbnail","6":"product_cat-mengeneler","7":"product_cat-pleyt","9":"first","10":"instock","11":"shipping-taxable","12":"purchasable","13":"product-type-simple"},"_links":{"self":[{"href":"https:\/\/insize.com.tr\/en\/wp-json\/wp\/v2\/product\/1093","targetHints":{"allow":["GET"]}}],"collection":[{"href":"https:\/\/insize.com.tr\/en\/wp-json\/wp\/v2\/product"}],"about":[{"href":"https:\/\/insize.com.tr\/en\/wp-json\/wp\/v2\/types\/product"}],"replies":[{"embeddable":true,"href":"https:\/\/insize.com.tr\/en\/wp-json\/wp\/v2\/comments?post=1093"}],"wp:featuredmedia":[{"embeddable":true,"href":"https:\/\/insize.com.tr\/en\/wp-json\/wp\/v2\/media\/1109"}],"wp:attachment":[{"href":"https:\/\/insize.com.tr\/en\/wp-json\/wp\/v2\/media?parent=1093"}],"wp:term":[{"taxonomy":"product_brand","embeddable":true,"href":"https:\/\/insize.com.tr\/en\/wp-json\/wp\/v2\/product_brand?post=1093"},{"taxonomy":"product_cat","embeddable":true,"href":"https:\/\/insize.com.tr\/en\/wp-json\/wp\/v2\/product_cat?post=1093"},{"taxonomy":"product_tag","embeddable":true,"href":"https:\/\/insize.com.tr\/en\/wp-json\/wp\/v2\/product_tag?post=1093"}],"curies":[{"name":"wp","href":"https:\/\/api.w.org\/{rel}","templated":true}]}}