{"id":1095,"date":"2022-10-06T16:47:41","date_gmt":"2022-10-06T13:47:41","guid":{"rendered":"https:\/\/insize.com.tr\/?post_type=product&#038;p=1095"},"modified":"2026-04-20T16:45:05","modified_gmt":"2026-04-20T13:45:05","slug":"insize-2380-08-salgi-saati","status":"publish","type":"product","link":"https:\/\/insize.com.tr\/en\/product\/insize-2380-08-salgi-saati\/","title":{"rendered":"Insize 2380-08 Salg\u0131 Saati"},"content":{"rendered":"<p><img loading=\"lazy\" decoding=\"async\" class=\"alignnone size-full wp-image-1367\" src=\"https:\/\/denizmtl.com\/\/wp-content\/uploads\/2018\/12\/2380.png\" alt=\"\" width=\"865\" height=\"417\" title=\"\"><\/p>","protected":false},"excerpt":{"rendered":"<ul>\n<li>A\u00e7\u0131klama: Salg\u0131 Komparat\u00f6r\u00fc &#8211; Standart Model<\/li>\n<li>\u00d6l\u00e7\u00fc: 0-0.8 mm<\/li>\n<li>Hassasiyet: 0.01 mm<\/li>\n<li><a href=\"https:\/\/denizmtl.com\/wp-content\/uploads\/2022\/01\/2380-SALGI-SAATI.pdf\"><strong>PDF i\u00e7in t\u0131klay\u0131n\u0131z.<\/strong><\/a><\/li>\n<\/ul>","protected":false},"featured_media":1111,"comment_status":"open","ping_status":"closed","template":"","meta":{"inline_featured_image":false},"product_brand":[],"product_cat":[24,559],"product_tag":[],"class_list":{"0":"post-1095","1":"product","2":"type-product","3":"status-publish","4":"has-post-thumbnail","6":"product_cat-komparatorler","7":"product_cat-salgi-saatleri","9":"first","10":"instock","11":"shipping-taxable","12":"purchasable","13":"product-type-variable"},"_links":{"self":[{"href":"https:\/\/insize.com.tr\/en\/wp-json\/wp\/v2\/product\/1095","targetHints":{"allow":["GET"]}}],"collection":[{"href":"https:\/\/insize.com.tr\/en\/wp-json\/wp\/v2\/product"}],"about":[{"href":"https:\/\/insize.com.tr\/en\/wp-json\/wp\/v2\/types\/product"}],"replies":[{"embeddable":true,"href":"https:\/\/insize.com.tr\/en\/wp-json\/wp\/v2\/comments?post=1095"}],"wp:featuredmedia":[{"embeddable":true,"href":"https:\/\/insize.com.tr\/en\/wp-json\/wp\/v2\/media\/1111"}],"wp:attachment":[{"href":"https:\/\/insize.com.tr\/en\/wp-json\/wp\/v2\/media?parent=1095"}],"wp:term":[{"taxonomy":"product_brand","embeddable":true,"href":"https:\/\/insize.com.tr\/en\/wp-json\/wp\/v2\/product_brand?post=1095"},{"taxonomy":"product_cat","embeddable":true,"href":"https:\/\/insize.com.tr\/en\/wp-json\/wp\/v2\/product_cat?post=1095"},{"taxonomy":"product_tag","embeddable":true,"href":"https:\/\/insize.com.tr\/en\/wp-json\/wp\/v2\/product_tag?post=1095"}],"curies":[{"name":"wp","href":"https:\/\/api.w.org\/{rel}","templated":true}]}}