{"id":1096,"date":"2022-10-06T16:47:41","date_gmt":"2022-10-06T13:47:41","guid":{"rendered":"https:\/\/insize.com.tr\/?post_type=product&#038;p=1096"},"modified":"2026-04-20T16:45:03","modified_gmt":"2026-04-20T13:45:03","slug":"insize-2828-silindir-komparatoru","status":"publish","type":"product","link":"https:\/\/insize.com.tr\/en\/product\/insize-2828-silindir-komparatoru\/","title":{"rendered":"Insize 2828 Silindir Komparat\u00f6r\u00fc"},"content":{"rendered":"<p><img loading=\"lazy\" decoding=\"async\" class=\"alignnone size-full wp-image-1363\" src=\"https:\/\/denizmtl.com\/\/wp-content\/uploads\/2018\/12\/2828.png\" alt=\"\" width=\"844\" height=\"409\" title=\"\"><\/p>","protected":false},"excerpt":{"rendered":"<ul>\n<li>A\u00e7\u0131klama: Silindir Komparat\u00f6r\u00fc &#8211; \u00d6zel Tip<\/li>\n<li>\u00d6l\u00e7\u00fc: 400-800mm<\/li>\n<li>Hassasiyet:0,01mm<\/li>\n<li><a href=\"https:\/\/denizmtl.com\/wp-content\/uploads\/2022\/01\/2828-SILINDIR-KOMPARATORU.pdf\"><strong>PDF i\u00e7in t\u0131klay\u0131n\u0131z.<\/strong><\/a><\/li>\n<\/ul>","protected":false},"featured_media":1112,"comment_status":"open","ping_status":"closed","template":"","meta":{"inline_featured_image":false},"product_brand":[],"product_cat":[26,24],"product_tag":[],"class_list":{"0":"post-1096","1":"product","2":"type-product","3":"status-publish","4":"has-post-thumbnail","6":"product_cat-delik-olcum","7":"product_cat-komparatorler","9":"first","10":"instock","11":"shipping-taxable","12":"purchasable","13":"product-type-simple"},"_links":{"self":[{"href":"https:\/\/insize.com.tr\/en\/wp-json\/wp\/v2\/product\/1096","targetHints":{"allow":["GET"]}}],"collection":[{"href":"https:\/\/insize.com.tr\/en\/wp-json\/wp\/v2\/product"}],"about":[{"href":"https:\/\/insize.com.tr\/en\/wp-json\/wp\/v2\/types\/product"}],"replies":[{"embeddable":true,"href":"https:\/\/insize.com.tr\/en\/wp-json\/wp\/v2\/comments?post=1096"}],"wp:featuredmedia":[{"embeddable":true,"href":"https:\/\/insize.com.tr\/en\/wp-json\/wp\/v2\/media\/1112"}],"wp:attachment":[{"href":"https:\/\/insize.com.tr\/en\/wp-json\/wp\/v2\/media?parent=1096"}],"wp:term":[{"taxonomy":"product_brand","embeddable":true,"href":"https:\/\/insize.com.tr\/en\/wp-json\/wp\/v2\/product_brand?post=1096"},{"taxonomy":"product_cat","embeddable":true,"href":"https:\/\/insize.com.tr\/en\/wp-json\/wp\/v2\/product_cat?post=1096"},{"taxonomy":"product_tag","embeddable":true,"href":"https:\/\/insize.com.tr\/en\/wp-json\/wp\/v2\/product_tag?post=1096"}],"curies":[{"name":"wp","href":"https:\/\/api.w.org\/{rel}","templated":true}]}}