{"id":1102,"date":"2022-10-06T16:47:41","date_gmt":"2022-10-06T13:47:41","guid":{"rendered":"https:\/\/insize.com.tr\/?post_type=product&#038;p=1102"},"modified":"2026-04-20T16:45:06","modified_gmt":"2026-04-20T13:45:06","slug":"insize-2852-silindir-komparatoru-kucuk-delikler-icin","status":"publish","type":"product","link":"https:\/\/insize.com.tr\/en\/product\/insize-2852-silindir-komparatoru-kucuk-delikler-icin\/","title":{"rendered":"Insize 2852 Silindir Komparat\u00f6r\u00fc (K\u00fc\u00e7\u00fck Delikler \u0130\u00e7in)"},"content":{"rendered":"<p><img loading=\"lazy\" decoding=\"async\" class=\"alignnone size-full wp-image-1402\" src=\"https:\/\/denizmtl.com\/\/wp-content\/uploads\/2018\/12\/2852.png\" alt=\"\" width=\"689\" height=\"499\" title=\"\"><\/p>","protected":false},"excerpt":{"rendered":"<ul>\n<li><strong>Silindir Komparat\u00f6r\u00fc (K\u00fc\u00e7\u00fck Delikler \u0130\u00e7in) &#8211; 2852<\/strong><\/li>\n<li><a href=\"https:\/\/denizmtl.com\/wp-content\/uploads\/2022\/01\/2852-SILINDIR-KOMPARAOTURU-KUCUK-DELIKLER-ICIN-.pdf\"><strong>PDF i\u00e7in t\u0131klay\u0131n\u0131z.<\/strong><\/a><\/li>\n<\/ul>","protected":false},"featured_media":1118,"comment_status":"open","ping_status":"closed","template":"","meta":{"inline_featured_image":false},"product_brand":[],"product_cat":[26,24],"product_tag":[],"class_list":{"0":"post-1102","1":"product","2":"type-product","3":"status-publish","4":"has-post-thumbnail","6":"product_cat-delik-olcum","7":"product_cat-komparatorler","9":"first","10":"instock","11":"shipping-taxable","12":"purchasable","13":"product-type-variable"},"_links":{"self":[{"href":"https:\/\/insize.com.tr\/en\/wp-json\/wp\/v2\/product\/1102","targetHints":{"allow":["GET"]}}],"collection":[{"href":"https:\/\/insize.com.tr\/en\/wp-json\/wp\/v2\/product"}],"about":[{"href":"https:\/\/insize.com.tr\/en\/wp-json\/wp\/v2\/types\/product"}],"replies":[{"embeddable":true,"href":"https:\/\/insize.com.tr\/en\/wp-json\/wp\/v2\/comments?post=1102"}],"wp:featuredmedia":[{"embeddable":true,"href":"https:\/\/insize.com.tr\/en\/wp-json\/wp\/v2\/media\/1118"}],"wp:attachment":[{"href":"https:\/\/insize.com.tr\/en\/wp-json\/wp\/v2\/media?parent=1102"}],"wp:term":[{"taxonomy":"product_brand","embeddable":true,"href":"https:\/\/insize.com.tr\/en\/wp-json\/wp\/v2\/product_brand?post=1102"},{"taxonomy":"product_cat","embeddable":true,"href":"https:\/\/insize.com.tr\/en\/wp-json\/wp\/v2\/product_cat?post=1102"},{"taxonomy":"product_tag","embeddable":true,"href":"https:\/\/insize.com.tr\/en\/wp-json\/wp\/v2\/product_tag?post=1102"}],"curies":[{"name":"wp","href":"https:\/\/api.w.org\/{rel}","templated":true}]}}