{"id":1251,"date":"2022-10-04T16:47:55","date_gmt":"2022-10-04T13:47:55","guid":{"rendered":"https:\/\/insize.com.tr\/?post_type=product&#038;p=1251"},"modified":"2026-04-20T16:45:09","modified_gmt":"2026-04-20T13:45:09","slug":"insize-isv-manuel-360-donen-basli-videoskop","status":"publish","type":"product","link":"https:\/\/insize.com.tr\/en\/product\/insize-isv-manuel-360-donen-basli-videoskop\/","title":{"rendered":"Insize ISV- Manuel 360\u00b0 D\u00f6nen Ba\u015fl\u0131 Videoskop"},"content":{"rendered":"<p><a href=\"https:\/\/insize.com.tr\/urun\/insize-isv-manuel-360-donen-basli-videoskop\/\">ISV MANUEL 360\u00b0 D\u00d6NEN BA\u015eLI V\u0130DEOSKOP<\/a><br \/>\nG\u00f6z ile g\u00f6r\u00fcnmeyen ve el ile ula\u015f\u0131m\u0131n m\u00fcmk\u00fcn olmad\u0131\u011f\u0131 noktalar\u0131n hasar, ar\u0131za, s\u0131z\u0131n ve ka\u00e7ak tespitlerini g\u00f6r\u00fcnt\u00fcler. Foto\u011fraf ve video kayd\u0131 al\u0131nabilir. Manuel kumanda kolu sayesinde b\u00fck\u00fclme kontrol\u00fc yap\u0131l\u0131r. Sanayi, tekstil, t\u0131p, matbaac\u0131l\u0131k, elektrik elektronik, otomotiv ve end\u00fcstri sanayi ba\u015fta olmak \u00fczere do\u011falgaz tanklar\u0131, buhar kazanlar\u0131 gibi s\u0131z\u0131n ve ka\u00e7a\u011f\u0131n olabilece\u011fi her yerde g\u00f6r\u00fcnt\u00fcleme yapma \u00f6zeli\u011fine sahiptir.<\/p>\n<p><iframe loading=\"lazy\" title=\"YouTube video player\" src=\"https:\/\/www.youtube.com\/embed\/IlMkAE2tpBY\" width=\"560\" height=\"315\" frameborder=\"0\" allowfullscreen=\"allowfullscreen\"><\/iframe><\/p>\n<p>&nbsp;<\/p>\n<p>[block id=&#8221;isv-200ds&#8221;]<\/p>\n","protected":false},"excerpt":{"rendered":"<ul>\n<li>Elle ula\u015f\u0131lamayan g\u00f6zle g\u00f6r\u00fclmeyen noktalar\u0131 g\u00f6r\u00fcnt\u00fcleme<\/li>\n<li>Foto\u011fraf ve video \u00e7ekme<\/li>\n<li>Herhangi bir y\u00f6ne b\u00fck\u00fclebilir ,saat y\u00f6n\u00fcnde ve ters y\u00f6nde 360 \u00b0 d\u00f6nd\u00fcr\u00fclebilir<\/li>\n<li>5\u201d LCD ekran<\/li>\n<li>IP64 suya ve toza kar\u015f\u0131 koruma<\/li>\n<li>Tungsten tel dokuma kablo<\/li>\n<li>6 par\u00e7al\u0131 halka led ayd\u0131nlatma ve Cihaza entegre led ayd\u0131nlatma<\/li>\n<li>\u015earj edilebilir batarya<\/li>\n<li><a href=\"https:\/\/denizmtl.com\/wp-content\/uploads\/2022\/01\/ISV-MANUEL-360\u00b0-DONEN-BASLIKLI-VIDEOSKOP.pdf\">Pdf i\u00e7in t\u0131klay\u0131n\u0131z.<\/a><\/li>\n<li><a href=\"https:\/\/insize.com.tr\/wp-content\/uploads\/2026\/03\/ISV-J-E-V0.pdf\"><strong>Kullan\u0131m K\u0131lavuzu<\/strong><\/a><\/li>\n<\/ul>\n<p> [block id=&#8221;isv-200ds&#8221;]<\/p>\n","protected":false},"featured_media":1274,"comment_status":"open","ping_status":"closed","template":"","meta":{"inline_featured_image":false},"product_brand":[],"product_cat":[551,33],"product_tag":[],"class_list":{"0":"post-1251","1":"product","2":"type-product","3":"status-publish","4":"has-post-thumbnail","6":"product_cat-test-cihazlari","7":"product_cat-videoskoplar-sabit-boroskoplar","9":"first","10":"instock","11":"featured","12":"shipping-taxable","13":"purchasable","14":"product-type-variable"},"_links":{"self":[{"href":"https:\/\/insize.com.tr\/en\/wp-json\/wp\/v2\/product\/1251","targetHints":{"allow":["GET"]}}],"collection":[{"href":"https:\/\/insize.com.tr\/en\/wp-json\/wp\/v2\/product"}],"about":[{"href":"https:\/\/insize.com.tr\/en\/wp-json\/wp\/v2\/types\/product"}],"replies":[{"embeddable":true,"href":"https:\/\/insize.com.tr\/en\/wp-json\/wp\/v2\/comments?post=1251"}],"wp:featuredmedia":[{"embeddable":true,"href":"https:\/\/insize.com.tr\/en\/wp-json\/wp\/v2\/media\/1274"}],"wp:attachment":[{"href":"https:\/\/insize.com.tr\/en\/wp-json\/wp\/v2\/media?parent=1251"}],"wp:term":[{"taxonomy":"product_brand","embeddable":true,"href":"https:\/\/insize.com.tr\/en\/wp-json\/wp\/v2\/product_brand?post=1251"},{"taxonomy":"product_cat","embeddable":true,"href":"https:\/\/insize.com.tr\/en\/wp-json\/wp\/v2\/product_cat?post=1251"},{"taxonomy":"product_tag","embeddable":true,"href":"https:\/\/insize.com.tr\/en\/wp-json\/wp\/v2\/product_tag?post=1251"}],"curies":[{"name":"wp","href":"https:\/\/api.w.org\/{rel}","templated":true}]}}