{"id":1254,"date":"2022-10-06T16:47:55","date_gmt":"2022-10-06T13:47:55","guid":{"rendered":"https:\/\/insize.com.tr\/?post_type=product&#038;p=1254"},"modified":"2026-03-04T14:34:14","modified_gmt":"2026-03-04T11:34:14","slug":"insize-ist-9wm-tork-anahtarlari","status":"publish","type":"product","link":"https:\/\/insize.com.tr\/en\/product\/insize-ist-9wm-tork-anahtarlari\/","title":{"rendered":"Insize IST-9WM Tork Anahtarlar\u0131"},"content":{"rendered":"<p><img loading=\"lazy\" decoding=\"async\" class=\"alignleft size-full wp-image-10637\" src=\"https:\/\/denizmtl.com\/wp-content\/uploads\/2018\/12\/tork-anahtari.png\" alt=\"\" width=\"681\" height=\"445\" title=\"\"><\/p>","protected":false},"excerpt":{"rendered":"<ul>\n<li>DIN ISO 6789, ASME B107,300-2011standartlar\u0131na uygundur.<\/li>\n<li>Metal g\u00f6vde,dayanakl\u0131<\/li>\n<li><a href=\"https:\/\/insize.com.tr\/wp-content\/uploads\/2026\/02\/IST-9WM.pdf\">Pdf i\u00e7in t\u0131klay\u0131n\u0131z.<\/a><\/li>\n<\/ul>","protected":false},"featured_media":1277,"comment_status":"open","ping_status":"closed","template":"","meta":{"inline_featured_image":false},"product_brand":[],"product_cat":[35],"product_tag":[],"class_list":{"0":"post-1254","1":"product","2":"type-product","3":"status-publish","4":"has-post-thumbnail","6":"product_cat-tork-test-cihazi-ve-tork-anahtari","8":"first","9":"instock","10":"featured","11":"shipping-taxable","12":"purchasable","13":"product-type-variable"},"_links":{"self":[{"href":"https:\/\/insize.com.tr\/en\/wp-json\/wp\/v2\/product\/1254","targetHints":{"allow":["GET"]}}],"collection":[{"href":"https:\/\/insize.com.tr\/en\/wp-json\/wp\/v2\/product"}],"about":[{"href":"https:\/\/insize.com.tr\/en\/wp-json\/wp\/v2\/types\/product"}],"replies":[{"embeddable":true,"href":"https:\/\/insize.com.tr\/en\/wp-json\/wp\/v2\/comments?post=1254"}],"wp:featuredmedia":[{"embeddable":true,"href":"https:\/\/insize.com.tr\/en\/wp-json\/wp\/v2\/media\/1277"}],"wp:attachment":[{"href":"https:\/\/insize.com.tr\/en\/wp-json\/wp\/v2\/media?parent=1254"}],"wp:term":[{"taxonomy":"product_brand","embeddable":true,"href":"https:\/\/insize.com.tr\/en\/wp-json\/wp\/v2\/product_brand?post=1254"},{"taxonomy":"product_cat","embeddable":true,"href":"https:\/\/insize.com.tr\/en\/wp-json\/wp\/v2\/product_cat?post=1254"},{"taxonomy":"product_tag","embeddable":true,"href":"https:\/\/insize.com.tr\/en\/wp-json\/wp\/v2\/product_tag?post=1254"}],"curies":[{"name":"wp","href":"https:\/\/api.w.org\/{rel}","templated":true}]}}