{"id":1257,"date":"2022-10-06T16:47:55","date_gmt":"2022-10-06T13:47:55","guid":{"rendered":"https:\/\/insize.com.tr\/?post_type=product&#038;p=1257"},"modified":"2026-04-20T16:45:10","modified_gmt":"2026-04-20T13:45:10","slug":"insize-6301-mikrometre-standi","status":"publish","type":"product","link":"https:\/\/insize.com.tr\/en\/product\/insize-6301-mikrometre-standi\/","title":{"rendered":"Insize 6301 Mikrometre Stand\u0131"},"content":{"rendered":"<p><img loading=\"lazy\" decoding=\"async\" class=\"alignleft size-full wp-image-10624\" src=\"https:\/\/denizmtl.com\/wp-content\/uploads\/2019\/01\/MIKROMETRE-STANDI-600x492-2.png\" alt=\"\" width=\"600\" height=\"492\" title=\"\"><\/p>","protected":false},"excerpt":{"rendered":"<ul>\n<li><a href=\"https:\/\/denizmtl.com\/wp-content\/uploads\/2022\/01\/6301-MIKROMETRE-STANDI-1.pdf\">Pdf i\u00e7in t\u0131klay\u0131n\u0131z.<\/a><\/li>\n<\/ul>","protected":false},"featured_media":1280,"comment_status":"open","ping_status":"closed","template":"","meta":{"inline_featured_image":false},"product_brand":[],"product_cat":[36],"product_tag":[],"class_list":{"0":"post-1257","1":"product","2":"type-product","3":"status-publish","4":"has-post-thumbnail","6":"product_cat-mikrometreler","8":"first","9":"instock","10":"shipping-taxable","11":"purchasable","12":"product-type-variable"},"_links":{"self":[{"href":"https:\/\/insize.com.tr\/en\/wp-json\/wp\/v2\/product\/1257","targetHints":{"allow":["GET"]}}],"collection":[{"href":"https:\/\/insize.com.tr\/en\/wp-json\/wp\/v2\/product"}],"about":[{"href":"https:\/\/insize.com.tr\/en\/wp-json\/wp\/v2\/types\/product"}],"replies":[{"embeddable":true,"href":"https:\/\/insize.com.tr\/en\/wp-json\/wp\/v2\/comments?post=1257"}],"wp:featuredmedia":[{"embeddable":true,"href":"https:\/\/insize.com.tr\/en\/wp-json\/wp\/v2\/media\/1280"}],"wp:attachment":[{"href":"https:\/\/insize.com.tr\/en\/wp-json\/wp\/v2\/media?parent=1257"}],"wp:term":[{"taxonomy":"product_brand","embeddable":true,"href":"https:\/\/insize.com.tr\/en\/wp-json\/wp\/v2\/product_brand?post=1257"},{"taxonomy":"product_cat","embeddable":true,"href":"https:\/\/insize.com.tr\/en\/wp-json\/wp\/v2\/product_cat?post=1257"},{"taxonomy":"product_tag","embeddable":true,"href":"https:\/\/insize.com.tr\/en\/wp-json\/wp\/v2\/product_tag?post=1257"}],"curies":[{"name":"wp","href":"https:\/\/api.w.org\/{rel}","templated":true}]}}