{"id":1258,"date":"2022-10-06T16:47:56","date_gmt":"2022-10-06T13:47:56","guid":{"rendered":"https:\/\/insize.com.tr\/?post_type=product&#038;p=1258"},"modified":"2026-03-04T14:34:15","modified_gmt":"2026-03-04T11:34:15","slug":"insize-1106-dijital-kumpastek-ceneli","status":"publish","type":"product","link":"https:\/\/insize.com.tr\/en\/product\/insize-1106-dijital-kumpastek-ceneli\/","title":{"rendered":"Insize 1106 Dijital Kumpas(Tek \u00c7eneli)"},"content":{"rendered":"<p><img loading=\"lazy\" decoding=\"async\" class=\"alignleft size-full wp-image-10620\" src=\"https:\/\/denizmtl.com\/wp-content\/uploads\/2019\/01\/1106-DIJITAL-TEK-CENELI-KUMPAS-1.png\" alt=\"\" width=\"690\" height=\"338\" title=\"\"><\/p>","protected":false},"excerpt":{"rendered":"<ul>\n<li>Hassasiyet 0,01 mm\/0,0005&#8243;<\/li>\n<li>Tu\u015flar: a\u00e7\/kapa,s\u0131f\u0131rla,mm\/in\u00e7,ABS,bilgi s\u0131f\u0131rlama<\/li>\n<li>CR2032,Lilyum Pil,bilgi \u00e7\u0131k\u0131\u015f\u0131<\/li>\n<li>Paslanmaz \u00e7elikten yap\u0131lm\u0131\u015ft\u0131r.<\/li>\n<li>Opsiyonel aksesuarlar:bilgi \u00e7\u0131k\u0131\u015f\u0131 kablosu (kod:<strong>7306-20,7302-SPC5A,7305-SPC2A,7305-A01\/A02<\/strong>)<\/li>\n<li><a href=\"https:\/\/denizmtl.com\/wp-content\/uploads\/2022\/01\/1106-DIJITAL-KUMPASLAR.pdf\">Pdf i\u00e7in t\u0131klay\u0131n\u0131z.<\/a><\/li>\n<\/ul>","protected":false},"featured_media":1281,"comment_status":"open","ping_status":"closed","template":"","meta":{"inline_featured_image":false},"product_brand":[],"product_cat":[21],"product_tag":[],"class_list":{"0":"post-1258","1":"product","2":"type-product","3":"status-publish","4":"has-post-thumbnail","6":"product_cat-kumpaslar","8":"first","9":"instock","10":"shipping-taxable","11":"purchasable","12":"product-type-variable"},"_links":{"self":[{"href":"https:\/\/insize.com.tr\/en\/wp-json\/wp\/v2\/product\/1258","targetHints":{"allow":["GET"]}}],"collection":[{"href":"https:\/\/insize.com.tr\/en\/wp-json\/wp\/v2\/product"}],"about":[{"href":"https:\/\/insize.com.tr\/en\/wp-json\/wp\/v2\/types\/product"}],"replies":[{"embeddable":true,"href":"https:\/\/insize.com.tr\/en\/wp-json\/wp\/v2\/comments?post=1258"}],"wp:featuredmedia":[{"embeddable":true,"href":"https:\/\/insize.com.tr\/en\/wp-json\/wp\/v2\/media\/1281"}],"wp:attachment":[{"href":"https:\/\/insize.com.tr\/en\/wp-json\/wp\/v2\/media?parent=1258"}],"wp:term":[{"taxonomy":"product_brand","embeddable":true,"href":"https:\/\/insize.com.tr\/en\/wp-json\/wp\/v2\/product_brand?post=1258"},{"taxonomy":"product_cat","embeddable":true,"href":"https:\/\/insize.com.tr\/en\/wp-json\/wp\/v2\/product_cat?post=1258"},{"taxonomy":"product_tag","embeddable":true,"href":"https:\/\/insize.com.tr\/en\/wp-json\/wp\/v2\/product_tag?post=1258"}],"curies":[{"name":"wp","href":"https:\/\/api.w.org\/{rel}","templated":true}]}}