{"id":1262,"date":"2022-10-06T16:47:56","date_gmt":"2022-10-06T13:47:56","guid":{"rendered":"https:\/\/insize.com.tr\/?post_type=product&#038;p=1262"},"modified":"2026-03-04T14:34:04","modified_gmt":"2026-03-04T11:34:04","slug":"insize-1139-150-dijital-plastik-kumpas","status":"publish","type":"product","link":"https:\/\/insize.com.tr\/en\/product\/insize-1139-150-dijital-plastik-kumpas\/","title":{"rendered":"Insize 1139-150 Dijital Plastik Kumpas"},"content":{"rendered":"<p><img loading=\"lazy\" decoding=\"async\" class=\"alignleft size-full wp-image-10611\" src=\"https:\/\/denizmtl.com\/wp-content\/uploads\/2019\/01\/1139-150-DIJITAL-PLASTIK-KUMPAS-1.png\" alt=\"\" width=\"672\" height=\"191\" title=\"\"><\/p>","protected":false},"excerpt":{"rendered":"<ul>\n<li>Manyetik ve iletken olmayan sert plastikten yap\u0131lm\u0131\u015ft\u0131r.<\/li>\n<li>\u0130\u015f par\u00e7alar\u0131n\u0131n kumpas taraf\u0131ndan \u00e7izilmesini \u00f6nler<\/li>\n<li>Hassasiyet:0,01mm\/0,0005&#8243;<\/li>\n<li>Tu\u015flar:a\u00e7\/kapa,mm\/inch,s\u0131f\u0131rla<\/li>\n<li>CR2032 Lityum Pil,otomatik kapatma<\/li>\n<li><a href=\"https:\/\/denizmtl.com\/wp-content\/uploads\/2022\/01\/1139-PLASTIK-DIJITAL-KUMPAS.pdf\">Pdf i\u00e7in t\u0131klay\u0131n\u0131z.<\/a><\/li>\n<li><a href=\"https:\/\/insize.com.tr\/wp-content\/uploads\/2026\/03\/1139-E-V0.pdf\"><strong>Kullan\u0131m K\u0131lavuzu<\/strong><\/a><\/li>\n<\/ul>","protected":false},"featured_media":1285,"comment_status":"open","ping_status":"closed","template":"","meta":{"inline_featured_image":false},"product_brand":[],"product_cat":[21],"product_tag":[],"class_list":{"0":"post-1262","1":"product","2":"type-product","3":"status-publish","4":"has-post-thumbnail","6":"product_cat-kumpaslar","8":"first","9":"instock","10":"shipping-taxable","11":"purchasable","12":"product-type-simple"},"_links":{"self":[{"href":"https:\/\/insize.com.tr\/en\/wp-json\/wp\/v2\/product\/1262","targetHints":{"allow":["GET"]}}],"collection":[{"href":"https:\/\/insize.com.tr\/en\/wp-json\/wp\/v2\/product"}],"about":[{"href":"https:\/\/insize.com.tr\/en\/wp-json\/wp\/v2\/types\/product"}],"replies":[{"embeddable":true,"href":"https:\/\/insize.com.tr\/en\/wp-json\/wp\/v2\/comments?post=1262"}],"wp:featuredmedia":[{"embeddable":true,"href":"https:\/\/insize.com.tr\/en\/wp-json\/wp\/v2\/media\/1285"}],"wp:attachment":[{"href":"https:\/\/insize.com.tr\/en\/wp-json\/wp\/v2\/media?parent=1262"}],"wp:term":[{"taxonomy":"product_brand","embeddable":true,"href":"https:\/\/insize.com.tr\/en\/wp-json\/wp\/v2\/product_brand?post=1262"},{"taxonomy":"product_cat","embeddable":true,"href":"https:\/\/insize.com.tr\/en\/wp-json\/wp\/v2\/product_cat?post=1262"},{"taxonomy":"product_tag","embeddable":true,"href":"https:\/\/insize.com.tr\/en\/wp-json\/wp\/v2\/product_tag?post=1262"}],"curies":[{"name":"wp","href":"https:\/\/api.w.org\/{rel}","templated":true}]}}