{"id":1266,"date":"2022-10-06T16:47:56","date_gmt":"2022-10-06T13:47:56","guid":{"rendered":"https:\/\/insize.com.tr\/?post_type=product&#038;p=1266"},"modified":"2026-03-04T14:34:08","modified_gmt":"2026-03-04T11:34:08","slug":"insize-1161-150a-dijital-boru-kalinligi-kumpasi","status":"publish","type":"product","link":"https:\/\/insize.com.tr\/en\/product\/insize-1161-150a-dijital-boru-kalinligi-kumpasi\/","title":{"rendered":"Insize 1161-150A Dijital Boru Kal\u0131nl\u0131\u011f\u0131 Kumpas\u0131"},"content":{"rendered":"<p><img loading=\"lazy\" decoding=\"async\" class=\"alignleft size-full wp-image-10596\" src=\"https:\/\/denizmtl.com\/wp-content\/uploads\/2019\/01\/DIJITAL-BORU-KALINLIGI-KUMPASI-1.png\" alt=\"\" width=\"670\" height=\"196\" title=\"\"><\/p>","protected":false},"excerpt":{"rendered":"<ul>\n<li>Boru duvar kal\u0131nl\u0131\u011f\u0131 \u00f6l\u00e7\u00fcl\u00fcr.<\/li>\n<li>Hassasiyet:0,01mm\/0,0005&#8243;<\/li>\n<li>Tu\u015flar:a\u00e7\/kapa,mm\/inch.<\/li>\n<li>Otomatik kapanma dijital g\u00f6stergenin hareket ettirilmesiyle a\u00e7\u0131l\u0131r.<\/li>\n<li>CR2032 Lityum Pil,bilgi \u00e7\u0131k\u0131\u015f\u0131<\/li>\n<li>Paslanmaz \u00e7elikten yap\u0131lm\u0131\u015ft\u0131r.<\/li>\n<li>Opsiyonel aksesuarlar:bilgi \u00e7\u0131k\u0131\u015f\u0131 kablosu(kod:7306-20,7302-SPC5A\/5B,7305-SPC2A,7305-A01\/A02)<\/li>\n<li><a href=\"https:\/\/denizmtl.com\/wp-content\/uploads\/2022\/01\/1161-DIJITAL-BORU-KALINLIGI-KUMPASI.pdf\">Pdf i\u00e7in t\u0131klay\u0131n\u0131z.<\/a><\/li>\n<\/ul>","protected":false},"featured_media":1289,"comment_status":"open","ping_status":"closed","template":"","meta":{"inline_featured_image":false},"product_brand":[],"product_cat":[21],"product_tag":[],"class_list":{"0":"post-1266","1":"product","2":"type-product","3":"status-publish","4":"has-post-thumbnail","6":"product_cat-kumpaslar","8":"first","9":"instock","10":"shipping-taxable","11":"purchasable","12":"product-type-simple"},"_links":{"self":[{"href":"https:\/\/insize.com.tr\/en\/wp-json\/wp\/v2\/product\/1266","targetHints":{"allow":["GET"]}}],"collection":[{"href":"https:\/\/insize.com.tr\/en\/wp-json\/wp\/v2\/product"}],"about":[{"href":"https:\/\/insize.com.tr\/en\/wp-json\/wp\/v2\/types\/product"}],"replies":[{"embeddable":true,"href":"https:\/\/insize.com.tr\/en\/wp-json\/wp\/v2\/comments?post=1266"}],"wp:featuredmedia":[{"embeddable":true,"href":"https:\/\/insize.com.tr\/en\/wp-json\/wp\/v2\/media\/1289"}],"wp:attachment":[{"href":"https:\/\/insize.com.tr\/en\/wp-json\/wp\/v2\/media?parent=1266"}],"wp:term":[{"taxonomy":"product_brand","embeddable":true,"href":"https:\/\/insize.com.tr\/en\/wp-json\/wp\/v2\/product_brand?post=1266"},{"taxonomy":"product_cat","embeddable":true,"href":"https:\/\/insize.com.tr\/en\/wp-json\/wp\/v2\/product_cat?post=1266"},{"taxonomy":"product_tag","embeddable":true,"href":"https:\/\/insize.com.tr\/en\/wp-json\/wp\/v2\/product_tag?post=1266"}],"curies":[{"name":"wp","href":"https:\/\/api.w.org\/{rel}","templated":true}]}}