{"id":1399,"date":"2022-10-06T16:48:08","date_gmt":"2022-10-06T13:48:08","guid":{"rendered":"https:\/\/insize.com.tr\/?post_type=product&#038;p=1399"},"modified":"2026-04-20T16:47:51","modified_gmt":"2026-04-20T13:47:51","slug":"insize-2173-dijital-terazi-ve-aci-olcer","status":"publish","type":"product","link":"https:\/\/insize.com.tr\/en\/product\/insize-2173-dijital-terazi-ve-aci-olcer\/","title":{"rendered":"Insize 2173 Dijital Terazi Ve A\u00e7\u0131 \u00d6l\u00e7er"},"content":{"rendered":"<p><img loading=\"lazy\" decoding=\"async\" class=\"alignleft size-full wp-image-10552\" src=\"https:\/\/denizmtl.com\/wp-content\/uploads\/2019\/01\/2173-360-DIJITAL-TERAZI-VE-ACI-OLCER...-1.png\" alt=\"\" width=\"724\" height=\"208\" title=\"\"><\/p>","protected":false},"excerpt":{"rendered":"<ul>\n<li>IP54 suya\/toza kar\u015f\u0131 koruma.<\/li>\n<li>Al\u00fcminyum \u00e7er\u00e7eve,<\/li>\n<li>Mil \u00fcst\u00fc kullan\u0131m i\u00e7in V-kanall\u0131 manyetik taban<\/li>\n<li>Yere olan a\u00e7\u0131 otomatik ayarlanm\u0131\u015ft\u0131r,pil de\u011fi\u015fti\u011finde s\u0131f\u0131rlama gerekmemektedir.<\/li>\n<li>\u0130ki AAA pil,otomatik kapanma<\/li>\n<li>Tu\u015flar:a\u00e7\/kapa,mutlak ve sayarak artarak \u00f6l\u00e7me<\/li>\n<li><a href=\"https:\/\/denizmtl.com\/wp-content\/uploads\/2022\/01\/2173-360-DIJITAL-TERAZI-VE-ACI-OLCER.pdf\">Pdf i\u00e7in t\u0131klay\u0131n\u0131z.<\/a><\/li>\n<li><a href=\"https:\/\/insize.com.tr\/wp-content\/uploads\/2026\/03\/2173-E-V0.pdf\"><strong>Kullan\u0131m K\u0131lavuzu<\/strong><\/a><\/li>\n<\/ul>","protected":false},"featured_media":1421,"comment_status":"open","ping_status":"closed","template":"","meta":{"inline_featured_image":false},"product_brand":[],"product_cat":[19],"product_tag":[],"class_list":{"0":"post-1399","1":"product","2":"type-product","3":"status-publish","4":"has-post-thumbnail","6":"product_cat-aci-olcer-ve-gonyeler","8":"first","9":"instock","10":"shipping-taxable","11":"purchasable","12":"product-type-simple"},"_links":{"self":[{"href":"https:\/\/insize.com.tr\/en\/wp-json\/wp\/v2\/product\/1399","targetHints":{"allow":["GET"]}}],"collection":[{"href":"https:\/\/insize.com.tr\/en\/wp-json\/wp\/v2\/product"}],"about":[{"href":"https:\/\/insize.com.tr\/en\/wp-json\/wp\/v2\/types\/product"}],"replies":[{"embeddable":true,"href":"https:\/\/insize.com.tr\/en\/wp-json\/wp\/v2\/comments?post=1399"}],"wp:featuredmedia":[{"embeddable":true,"href":"https:\/\/insize.com.tr\/en\/wp-json\/wp\/v2\/media\/1421"}],"wp:attachment":[{"href":"https:\/\/insize.com.tr\/en\/wp-json\/wp\/v2\/media?parent=1399"}],"wp:term":[{"taxonomy":"product_brand","embeddable":true,"href":"https:\/\/insize.com.tr\/en\/wp-json\/wp\/v2\/product_brand?post=1399"},{"taxonomy":"product_cat","embeddable":true,"href":"https:\/\/insize.com.tr\/en\/wp-json\/wp\/v2\/product_cat?post=1399"},{"taxonomy":"product_tag","embeddable":true,"href":"https:\/\/insize.com.tr\/en\/wp-json\/wp\/v2\/product_tag?post=1399"}],"curies":[{"name":"wp","href":"https:\/\/api.w.org\/{rel}","templated":true}]}}