{"id":1405,"date":"2022-10-06T16:48:08","date_gmt":"2022-10-06T13:48:08","guid":{"rendered":"https:\/\/insize.com.tr\/?post_type=product&#038;p=1405"},"modified":"2026-04-20T16:47:56","modified_gmt":"2026-04-20T13:47:56","slug":"insize-3203-dis-cap-mikrometre","status":"publish","type":"product","link":"https:\/\/insize.com.tr\/en\/product\/insize-3203-dis-cap-mikrometre\/","title":{"rendered":"Insize 3203 Mekanik D\u0131\u015f \u00c7ap Mikrometreleri"},"content":{"rendered":"<p><img loading=\"lazy\" decoding=\"async\" class=\"alignleft size-full wp-image-10522\" src=\"https:\/\/denizmtl.com\/wp-content\/uploads\/2019\/01\/3203-DIS-CAP-MIKROMETRELER-2.png\" alt=\"\" width=\"682\" height=\"327\" title=\"\"><\/p>","protected":false},"excerpt":{"rendered":"<ul>\n<li>\u00c7\u00f6z\u00fcn\u00fcrl\u00fck:0,01mm, 0,0001\u2033<\/li>\n<li>Karb\u00fcr \u00f6l\u00e7\u00fcm a\u011f\u0131zlar\u0131<\/li>\n<li>DIN863-1 Standard\u0131na uygundur.<\/li>\n<li>S\u0131f\u0131rlama mastarlar\u0131 ile tedarik edilir.(0-25mm ve 0,01&#8243; hari\u00e7)<\/li>\n<li><a href=\"https:\/\/insize.com.tr\/wp-content\/uploads\/2026\/04\/3203.pdf\">Pdf i\u00e7in t\u0131klay\u0131n\u0131z.<\/a><\/li>\n<li><a href=\"https:\/\/insize.com.tr\/wp-content\/uploads\/2026\/03\/3203-E-V1.pdf\"><strong>Kullan\u0131m K\u0131lavuzu<\/strong><\/a><\/li>\n<\/ul>","protected":false},"featured_media":1427,"comment_status":"open","ping_status":"closed","template":"","meta":{"inline_featured_image":false},"product_brand":[],"product_cat":[36],"product_tag":[],"class_list":{"0":"post-1405","1":"product","2":"type-product","3":"status-publish","4":"has-post-thumbnail","6":"product_cat-mikrometreler","8":"first","9":"instock","10":"shipping-taxable","11":"purchasable","12":"product-type-variable"},"_links":{"self":[{"href":"https:\/\/insize.com.tr\/en\/wp-json\/wp\/v2\/product\/1405","targetHints":{"allow":["GET"]}}],"collection":[{"href":"https:\/\/insize.com.tr\/en\/wp-json\/wp\/v2\/product"}],"about":[{"href":"https:\/\/insize.com.tr\/en\/wp-json\/wp\/v2\/types\/product"}],"replies":[{"embeddable":true,"href":"https:\/\/insize.com.tr\/en\/wp-json\/wp\/v2\/comments?post=1405"}],"wp:featuredmedia":[{"embeddable":true,"href":"https:\/\/insize.com.tr\/en\/wp-json\/wp\/v2\/media\/1427"}],"wp:attachment":[{"href":"https:\/\/insize.com.tr\/en\/wp-json\/wp\/v2\/media?parent=1405"}],"wp:term":[{"taxonomy":"product_brand","embeddable":true,"href":"https:\/\/insize.com.tr\/en\/wp-json\/wp\/v2\/product_brand?post=1405"},{"taxonomy":"product_cat","embeddable":true,"href":"https:\/\/insize.com.tr\/en\/wp-json\/wp\/v2\/product_cat?post=1405"},{"taxonomy":"product_tag","embeddable":true,"href":"https:\/\/insize.com.tr\/en\/wp-json\/wp\/v2\/product_tag?post=1405"}],"curies":[{"name":"wp","href":"https:\/\/api.w.org\/{rel}","templated":true}]}}