{"id":1408,"date":"2022-10-06T16:48:08","date_gmt":"2022-10-06T13:48:08","guid":{"rendered":"https:\/\/insize.com.tr\/?post_type=product&#038;p=1408"},"modified":"2026-04-20T16:47:57","modified_gmt":"2026-04-20T13:47:57","slug":"insize-3260-dijital-kuresel-boru-mikrometresi","status":"publish","type":"product","link":"https:\/\/insize.com.tr\/en\/product\/insize-3260-dijital-kuresel-boru-mikrometresi\/","title":{"rendered":"Insize 3260 Dijital K\u00fcresel Boru Mikrometresi"},"content":{"rendered":"<p>I<img loading=\"lazy\" decoding=\"async\" class=\"alignleft size-full wp-image-10510\" src=\"https:\/\/denizmtl.com\/wp-content\/uploads\/2019\/01\/KURESEL-BORU-MIKROMETRESI-1.png\" alt=\"\" width=\"577\" height=\"271\" title=\"\"><\/p>","protected":false},"excerpt":{"rendered":"<ul>\n<li>DIN863-3 Standard\u0131na uygundur.<\/li>\n<li>Borular\u0131n duvar kal\u0131nl\u0131\u011f\u0131 \u00f6l\u00e7\u00fcl\u00fcr.<\/li>\n<li>\u00c7\u00f6z\u00fcn\u00fcrl\u00fck:0,01mm<\/li>\n<li>C\u0131rc\u0131rl\u0131<\/li>\n<li>Karb\u00fcr \u00f6l\u00e7\u00fcm a\u011f\u0131zlar\u0131<\/li>\n<li>S\u0131f\u0131rlama mastar\u0131 dahildir.(0-25mm hari\u00e7)<\/li>\n<li><a href=\"https:\/\/insize.com.tr\/wp-content\/uploads\/2026\/04\/3260.pdf\">Pdf i\u00e7in t\u0131klay\u0131n\u0131z.<\/a><\/li>\n<\/ul>","protected":false},"featured_media":1430,"comment_status":"open","ping_status":"closed","template":"","meta":{"inline_featured_image":false},"product_brand":[],"product_cat":[36],"product_tag":[],"class_list":{"0":"post-1408","1":"product","2":"type-product","3":"status-publish","4":"has-post-thumbnail","6":"product_cat-mikrometreler","8":"first","9":"instock","10":"shipping-taxable","11":"purchasable","12":"product-type-variable"},"_links":{"self":[{"href":"https:\/\/insize.com.tr\/en\/wp-json\/wp\/v2\/product\/1408","targetHints":{"allow":["GET"]}}],"collection":[{"href":"https:\/\/insize.com.tr\/en\/wp-json\/wp\/v2\/product"}],"about":[{"href":"https:\/\/insize.com.tr\/en\/wp-json\/wp\/v2\/types\/product"}],"replies":[{"embeddable":true,"href":"https:\/\/insize.com.tr\/en\/wp-json\/wp\/v2\/comments?post=1408"}],"wp:featuredmedia":[{"embeddable":true,"href":"https:\/\/insize.com.tr\/en\/wp-json\/wp\/v2\/media\/1430"}],"wp:attachment":[{"href":"https:\/\/insize.com.tr\/en\/wp-json\/wp\/v2\/media?parent=1408"}],"wp:term":[{"taxonomy":"product_brand","embeddable":true,"href":"https:\/\/insize.com.tr\/en\/wp-json\/wp\/v2\/product_brand?post=1408"},{"taxonomy":"product_cat","embeddable":true,"href":"https:\/\/insize.com.tr\/en\/wp-json\/wp\/v2\/product_cat?post=1408"},{"taxonomy":"product_tag","embeddable":true,"href":"https:\/\/insize.com.tr\/en\/wp-json\/wp\/v2\/product_tag?post=1408"}],"curies":[{"name":"wp","href":"https:\/\/api.w.org\/{rel}","templated":true}]}}