{"id":1409,"date":"2022-10-06T16:48:08","date_gmt":"2022-10-06T13:48:08","guid":{"rendered":"https:\/\/insize.com.tr\/?post_type=product&#038;p=1409"},"modified":"2026-04-20T16:47:57","modified_gmt":"2026-04-20T13:47:57","slug":"insize-3293-konserve-kutulari-icin-mikrometre","status":"publish","type":"product","link":"https:\/\/insize.com.tr\/en\/product\/insize-3293-konserve-kutulari-icin-mikrometre\/","title":{"rendered":"Insize 3293 Konserve Kutu A\u011f\u0131zlar\u0131 \u0130\u00e7in Mekanik Mikrometreler"},"content":{"rendered":"<p><img loading=\"lazy\" decoding=\"async\" class=\"alignleft size-full wp-image-10507\" src=\"https:\/\/denizmtl.com\/wp-content\/uploads\/2019\/01\/konserve-kutulari-icin-mikrometre-1.png\" alt=\"\" width=\"678\" height=\"299\" title=\"\"><\/p>","protected":false},"excerpt":{"rendered":"<ul>\n<li>Konserve kutular\u0131n\u0131n kapak-g\u00f6vde birle\u015fimindeki k\u0131vr\u0131m \u00f6l\u00e7\u00fclerini kontrol etmek i\u00e7in kullan\u0131l\u0131r.<\/li>\n<li>\u00c7\u00f6z\u00fcn\u00fcrl\u00fck:0,01 mm<\/li>\n<li><a href=\"https:\/\/insize.com.tr\/wp-content\/uploads\/2026\/04\/3293.pdf\">Pdf i\u00e7in t\u0131klay\u0131n\u0131z.<\/a><\/li>\n<\/ul>","protected":false},"featured_media":1431,"comment_status":"open","ping_status":"closed","template":"","meta":{"inline_featured_image":false},"product_brand":[],"product_cat":[36],"product_tag":[],"class_list":{"0":"post-1409","1":"product","2":"type-product","3":"status-publish","4":"has-post-thumbnail","6":"product_cat-mikrometreler","8":"first","9":"instock","10":"shipping-taxable","11":"purchasable","12":"product-type-variable"},"_links":{"self":[{"href":"https:\/\/insize.com.tr\/en\/wp-json\/wp\/v2\/product\/1409","targetHints":{"allow":["GET"]}}],"collection":[{"href":"https:\/\/insize.com.tr\/en\/wp-json\/wp\/v2\/product"}],"about":[{"href":"https:\/\/insize.com.tr\/en\/wp-json\/wp\/v2\/types\/product"}],"replies":[{"embeddable":true,"href":"https:\/\/insize.com.tr\/en\/wp-json\/wp\/v2\/comments?post=1409"}],"wp:featuredmedia":[{"embeddable":true,"href":"https:\/\/insize.com.tr\/en\/wp-json\/wp\/v2\/media\/1431"}],"wp:attachment":[{"href":"https:\/\/insize.com.tr\/en\/wp-json\/wp\/v2\/media?parent=1409"}],"wp:term":[{"taxonomy":"product_brand","embeddable":true,"href":"https:\/\/insize.com.tr\/en\/wp-json\/wp\/v2\/product_brand?post=1409"},{"taxonomy":"product_cat","embeddable":true,"href":"https:\/\/insize.com.tr\/en\/wp-json\/wp\/v2\/product_cat?post=1409"},{"taxonomy":"product_tag","embeddable":true,"href":"https:\/\/insize.com.tr\/en\/wp-json\/wp\/v2\/product_tag?post=1409"}],"curies":[{"name":"wp","href":"https:\/\/api.w.org\/{rel}","templated":true}]}}