{"id":1443,"date":"2022-10-06T16:48:12","date_gmt":"2022-10-06T13:48:12","guid":{"rendered":"https:\/\/insize.com.tr\/?post_type=product&#038;p=1443"},"modified":"2026-04-20T16:48:03","modified_gmt":"2026-04-20T13:48:03","slug":"insize-4903-su-terazisi","status":"publish","type":"product","link":"https:\/\/insize.com.tr\/en\/product\/insize-4903-su-terazisi\/","title":{"rendered":"Insize 4903 Su Terazisi"},"content":{"rendered":"<p><img loading=\"lazy\" decoding=\"async\" class=\"alignnone wp-image-3876\" src=\"https:\/\/denizmtl.com\/\/wp-content\/uploads\/2019\/01\/su-terazisi-300x112.png\" alt=\"\" width=\"785\" height=\"293\" title=\"\"><\/p>","protected":false},"excerpt":{"rendered":"<ul>\n<li>Mil \u00fcst\u00fc kullan\u0131m i\u00e7in tabanda V-oluk (mil \u00e7ap\u0131 15-70mm)<\/li>\n<li>Uzunlamas\u0131na kaps\u00fcl ile<\/li>\n<li>Ayarlama anahtar\u0131 ile tedarik edilir.<\/li>\n<li><a href=\"https:\/\/denizmtl.com\/wp-content\/uploads\/2022\/01\/4903-SU-TERAZISI.pdf\">Pdf i\u00e7in t\u0131klay\u0131n\u0131z.<\/a><\/li>\n<li><a href=\"https:\/\/insize.com.tr\/wp-content\/uploads\/2026\/03\/4903-E-V4.pdf\"><strong>Kullan\u0131m K\u0131lavuzu<\/strong><\/a><\/li>\n<\/ul>","protected":false},"featured_media":1473,"comment_status":"open","ping_status":"closed","template":"","meta":{"inline_featured_image":false},"product_brand":[],"product_cat":[20],"product_tag":[],"class_list":{"0":"post-1443","1":"product","2":"type-product","3":"status-publish","4":"has-post-thumbnail","6":"product_cat-teraziler","8":"first","9":"instock","10":"shipping-taxable","11":"purchasable","12":"product-type-variable"},"_links":{"self":[{"href":"https:\/\/insize.com.tr\/en\/wp-json\/wp\/v2\/product\/1443","targetHints":{"allow":["GET"]}}],"collection":[{"href":"https:\/\/insize.com.tr\/en\/wp-json\/wp\/v2\/product"}],"about":[{"href":"https:\/\/insize.com.tr\/en\/wp-json\/wp\/v2\/types\/product"}],"replies":[{"embeddable":true,"href":"https:\/\/insize.com.tr\/en\/wp-json\/wp\/v2\/comments?post=1443"}],"wp:featuredmedia":[{"embeddable":true,"href":"https:\/\/insize.com.tr\/en\/wp-json\/wp\/v2\/media\/1473"}],"wp:attachment":[{"href":"https:\/\/insize.com.tr\/en\/wp-json\/wp\/v2\/media?parent=1443"}],"wp:term":[{"taxonomy":"product_brand","embeddable":true,"href":"https:\/\/insize.com.tr\/en\/wp-json\/wp\/v2\/product_brand?post=1443"},{"taxonomy":"product_cat","embeddable":true,"href":"https:\/\/insize.com.tr\/en\/wp-json\/wp\/v2\/product_cat?post=1443"},{"taxonomy":"product_tag","embeddable":true,"href":"https:\/\/insize.com.tr\/en\/wp-json\/wp\/v2\/product_tag?post=1443"}],"curies":[{"name":"wp","href":"https:\/\/api.w.org\/{rel}","templated":true}]}}