{"id":1446,"date":"2022-10-06T16:48:12","date_gmt":"2022-10-06T13:48:12","guid":{"rendered":"https:\/\/insize.com.tr\/?post_type=product&#038;p=1446"},"modified":"2026-04-20T16:48:05","modified_gmt":"2026-04-20T13:48:05","slug":"insize-3101-dijital-dis-cap-mikrometre-bilgi-cikisli","status":"publish","type":"product","link":"https:\/\/insize.com.tr\/en\/product\/insize-3101-dijital-dis-cap-mikrometre-bilgi-cikisli\/","title":{"rendered":"Insize 3101 Dijital D\u0131\u015f \u00c7ap Mikrometre (Bilgi \u00c7\u0131k\u0131\u015fl\u0131)"},"content":{"rendered":"<p><img loading=\"lazy\" decoding=\"async\" class=\"alignnone size-full wp-image-10376\" src=\"https:\/\/denizmtl.com\/wp-content\/uploads\/2019\/01\/3101-DIJITAL-DIS-CAP-MIKROMETRE-1.png\" alt=\"\" width=\"675\" height=\"364\" title=\"\"><\/p>","protected":false},"excerpt":{"rendered":"<ul>\n<li>IP65 suya ve toza kar\u015f\u0131 korumal\u0131,<\/li>\n<li>Tu\u015flar: on\/off,set,mm\/in\u00e7,ABS\/INC,bilgi \u00e7\u0131k\u0131\u015f\u0131<\/li>\n<li>Bilgi \u00e7\u0131k\u0131\u015f\u0131<\/li>\n<li>Otomatik kapanma<\/li>\n<li>Karb\u00fcr \u00f6l\u00e7\u00fcm u\u00e7lar\u0131,<\/li>\n<li>K\u00fcresel u\u00e7 ile tedarik edilir,<\/li>\n<li>S\u0131f\u0131rlama mastarlar\u0131 dahildir.(0-25mm\/0,01&#8243; hari\u00e7)<\/li>\n<li><a href=\"https:\/\/insize.com.tr\/wp-content\/uploads\/2026\/04\/3101.pdf\">Pdf i\u00e7in t\u0131klay\u0131n\u0131z.<\/a><\/li>\n<li><a href=\"https:\/\/insize.com.tr\/wp-content\/uploads\/2026\/03\/3101N-E-V1.pdf\"><strong>Kullan\u0131m K\u0131lavuzu<\/strong><\/a><\/li>\n<\/ul>","protected":false},"featured_media":1476,"comment_status":"open","ping_status":"closed","template":"","meta":{"inline_featured_image":false},"product_brand":[],"product_cat":[36],"product_tag":[],"class_list":{"0":"post-1446","1":"product","2":"type-product","3":"status-publish","4":"has-post-thumbnail","6":"product_cat-mikrometreler","8":"first","9":"instock","10":"shipping-taxable","11":"purchasable","12":"product-type-variable"},"_links":{"self":[{"href":"https:\/\/insize.com.tr\/en\/wp-json\/wp\/v2\/product\/1446","targetHints":{"allow":["GET"]}}],"collection":[{"href":"https:\/\/insize.com.tr\/en\/wp-json\/wp\/v2\/product"}],"about":[{"href":"https:\/\/insize.com.tr\/en\/wp-json\/wp\/v2\/types\/product"}],"replies":[{"embeddable":true,"href":"https:\/\/insize.com.tr\/en\/wp-json\/wp\/v2\/comments?post=1446"}],"wp:featuredmedia":[{"embeddable":true,"href":"https:\/\/insize.com.tr\/en\/wp-json\/wp\/v2\/media\/1476"}],"wp:attachment":[{"href":"https:\/\/insize.com.tr\/en\/wp-json\/wp\/v2\/media?parent=1446"}],"wp:term":[{"taxonomy":"product_brand","embeddable":true,"href":"https:\/\/insize.com.tr\/en\/wp-json\/wp\/v2\/product_brand?post=1446"},{"taxonomy":"product_cat","embeddable":true,"href":"https:\/\/insize.com.tr\/en\/wp-json\/wp\/v2\/product_cat?post=1446"},{"taxonomy":"product_tag","embeddable":true,"href":"https:\/\/insize.com.tr\/en\/wp-json\/wp\/v2\/product_tag?post=1446"}],"curies":[{"name":"wp","href":"https:\/\/api.w.org\/{rel}","templated":true}]}}