{"id":1448,"date":"2022-10-06T16:48:12","date_gmt":"2022-10-06T13:48:12","guid":{"rendered":"https:\/\/insize.com.tr\/?post_type=product&#038;p=1448"},"modified":"2026-04-20T16:48:05","modified_gmt":"2026-04-20T13:48:05","slug":"insize-3241-derinlik-mikrometresi","status":"publish","type":"product","link":"https:\/\/insize.com.tr\/en\/product\/insize-3241-derinlik-mikrometresi\/","title":{"rendered":"Insize 3241 Derinlik Mikrometresi"},"content":{"rendered":"<p><img loading=\"lazy\" decoding=\"async\" class=\"alignnone wp-image-4009 size-full\" src=\"https:\/\/denizmtl.com\/wp-content\/uploads\/2019\/01\/3241-derinlik-mikrometresi.png\" alt=\"\" width=\"675\" height=\"284\" title=\"\"><\/p>","protected":false},"excerpt":{"rendered":"<ul>\n<li>DIN863-2 standard\u0131na uygundur.<\/li>\n<li>\u00c7\u00f6z\u00fcn\u00fcrl\u00fck: 0,01mm<\/li>\n<li>D\u00fcz u\u00e7lu mil,<\/li>\n<li>C\u0131rc\u0131rl\u0131,<\/li>\n<li><a href=\"https:\/\/insize.com.tr\/wp-content\/uploads\/2026\/04\/3241.pdf\">Pdf i\u00e7in t\u0131klay\u0131n\u0131z.<\/a><\/li>\n<li><a href=\"https:\/\/insize.com.tr\/wp-content\/uploads\/2026\/03\/3241-E-V0.pdf\"><strong>Kullan\u0131m K\u0131lavuzu<\/strong><\/a><\/li>\n<\/ul>","protected":false},"featured_media":1478,"comment_status":"open","ping_status":"closed","template":"","meta":{"inline_featured_image":false},"product_brand":[],"product_cat":[36],"product_tag":[],"class_list":{"0":"post-1448","1":"product","2":"type-product","3":"status-publish","4":"has-post-thumbnail","6":"product_cat-mikrometreler","8":"first","9":"instock","10":"shipping-taxable","11":"purchasable","12":"product-type-variable"},"_links":{"self":[{"href":"https:\/\/insize.com.tr\/en\/wp-json\/wp\/v2\/product\/1448","targetHints":{"allow":["GET"]}}],"collection":[{"href":"https:\/\/insize.com.tr\/en\/wp-json\/wp\/v2\/product"}],"about":[{"href":"https:\/\/insize.com.tr\/en\/wp-json\/wp\/v2\/types\/product"}],"replies":[{"embeddable":true,"href":"https:\/\/insize.com.tr\/en\/wp-json\/wp\/v2\/comments?post=1448"}],"wp:featuredmedia":[{"embeddable":true,"href":"https:\/\/insize.com.tr\/en\/wp-json\/wp\/v2\/media\/1478"}],"wp:attachment":[{"href":"https:\/\/insize.com.tr\/en\/wp-json\/wp\/v2\/media?parent=1448"}],"wp:term":[{"taxonomy":"product_brand","embeddable":true,"href":"https:\/\/insize.com.tr\/en\/wp-json\/wp\/v2\/product_brand?post=1448"},{"taxonomy":"product_cat","embeddable":true,"href":"https:\/\/insize.com.tr\/en\/wp-json\/wp\/v2\/product_cat?post=1448"},{"taxonomy":"product_tag","embeddable":true,"href":"https:\/\/insize.com.tr\/en\/wp-json\/wp\/v2\/product_tag?post=1448"}],"curies":[{"name":"wp","href":"https:\/\/api.w.org\/{rel}","templated":true}]}}