{"id":1449,"date":"2022-10-06T16:48:12","date_gmt":"2022-10-06T13:48:12","guid":{"rendered":"https:\/\/insize.com.tr\/?post_type=product&#038;p=1449"},"modified":"2026-04-20T16:48:05","modified_gmt":"2026-04-20T13:48:05","slug":"insize-3520-dijital-ic-cap-mikrometresi-ekonomik-model","status":"publish","type":"product","link":"https:\/\/insize.com.tr\/en\/product\/insize-3520-dijital-ic-cap-mikrometresi-ekonomik-model\/","title":{"rendered":"Insize 3520 Dijital \u0130\u00e7 \u00c7ap Mikrometresi (Ekonomik Model)"},"content":{"rendered":"<p><img loading=\"lazy\" decoding=\"async\" class=\"alignnone size-full wp-image-10365\" src=\"https:\/\/denizmtl.com\/wp-content\/uploads\/2019\/01\/3520-DIJITAL-IC-CAP-MIKROMETRESI-1-1.png\" alt=\"\" width=\"679\" height=\"314\" title=\"\"><\/p>","protected":false},"excerpt":{"rendered":"<ul>\n<li>\u00c7\u00f6z\u00fcn\u00fcrl\u00fck: 0,001mm\/0,0005&#8243;<\/li>\n<li>Tu\u015flar:a\u00e7\/kapa,ayar,mm\/inch,ABS\/INC<\/li>\n<li>Bilgi \u00e7\u0131k\u0131\u015f\u0131<\/li>\n<li>LR44 pil, otomatik kapanma,<\/li>\n<li>C\u0131rc\u0131rl\u0131,<\/li>\n<li>Karb\u00fcr \u00f6l\u00e7\u00fcm a\u011f\u0131zlar\u0131,<\/li>\n<li><a href=\"https:\/\/denizmtl.com\/wp-content\/uploads\/2022\/01\/3520-DIJITAL-IC-CAP-MIKROMETRESI-EKONOMIK-MODEL-1-1.pdf\">Pdf i\u00e7in t\u0131klay\u0131n\u0131z.<\/a><\/li>\n<\/ul>","protected":false},"featured_media":1479,"comment_status":"open","ping_status":"closed","template":"","meta":{"inline_featured_image":false},"product_brand":[],"product_cat":[26,36],"product_tag":[],"class_list":{"0":"post-1449","1":"product","2":"type-product","3":"status-publish","4":"has-post-thumbnail","6":"product_cat-delik-olcum","7":"product_cat-mikrometreler","9":"first","10":"instock","11":"shipping-taxable","12":"purchasable","13":"product-type-variable"},"_links":{"self":[{"href":"https:\/\/insize.com.tr\/en\/wp-json\/wp\/v2\/product\/1449","targetHints":{"allow":["GET"]}}],"collection":[{"href":"https:\/\/insize.com.tr\/en\/wp-json\/wp\/v2\/product"}],"about":[{"href":"https:\/\/insize.com.tr\/en\/wp-json\/wp\/v2\/types\/product"}],"replies":[{"embeddable":true,"href":"https:\/\/insize.com.tr\/en\/wp-json\/wp\/v2\/comments?post=1449"}],"wp:featuredmedia":[{"embeddable":true,"href":"https:\/\/insize.com.tr\/en\/wp-json\/wp\/v2\/media\/1479"}],"wp:attachment":[{"href":"https:\/\/insize.com.tr\/en\/wp-json\/wp\/v2\/media?parent=1449"}],"wp:term":[{"taxonomy":"product_brand","embeddable":true,"href":"https:\/\/insize.com.tr\/en\/wp-json\/wp\/v2\/product_brand?post=1449"},{"taxonomy":"product_cat","embeddable":true,"href":"https:\/\/insize.com.tr\/en\/wp-json\/wp\/v2\/product_cat?post=1449"},{"taxonomy":"product_tag","embeddable":true,"href":"https:\/\/insize.com.tr\/en\/wp-json\/wp\/v2\/product_tag?post=1449"}],"curies":[{"name":"wp","href":"https:\/\/api.w.org\/{rel}","templated":true}]}}