{"id":1455,"date":"2022-10-06T16:48:13","date_gmt":"2022-10-06T13:48:13","guid":{"rendered":"https:\/\/insize.com.tr\/?post_type=product&#038;p=1455"},"modified":"2026-04-20T16:47:52","modified_gmt":"2026-04-20T13:47:52","slug":"insize-5042-4-parca-olcum-seti","status":"publish","type":"product","link":"https:\/\/insize.com.tr\/en\/product\/insize-5042-4-parca-olcum-seti\/","title":{"rendered":"Insize 5042 4 Par\u00e7a \u00d6l\u00e7\u00fcm Seti"},"content":{"rendered":"<p><img loading=\"lazy\" decoding=\"async\" class=\"alignnone wp-image-4063 size-full\" src=\"https:\/\/denizmtl.com\/wp-content\/uploads\/2019\/01\/5042.png\" alt=\"\" width=\"682\" height=\"186\" title=\"\"><\/p>","protected":false},"excerpt":{"rendered":"<ul>\n<li>\u0130\u00e7indekiler:Dijital kumpas;aral\u0131k 0-150mm\/0-6&#8243;, \u00e7\u00f6z\u00fcn\u00fcrlik 0,01mm\/0,0005&#8243; (kod:1108-150)<\/li>\n<li>D\u0131\u015f \u00e7ap mikrometre;aral\u0131k 0-25mm,hassasiyet 0,01mm( kod:3202-25A)<\/li>\n<li>90\u00b0 k\u0131l g\u00f6nye;100x70mm 1 kalite (kod:4790-1000)<\/li>\n<li>\u00c7elik cetvel;150mm\/6&#8243; (kod:7110-150)<\/li>\n<li><a href=\"https:\/\/denizmtl.com\/wp-content\/uploads\/2022\/01\/5042-4-PARCA-OLCUM-SETI.pdf\">Pdf i\u00e7in t\u0131klay\u0131n\u0131z.<\/a><\/li>\n<\/ul>","protected":false},"featured_media":1485,"comment_status":"open","ping_status":"closed","template":"","meta":{"inline_featured_image":false},"product_brand":[],"product_cat":[37,552],"product_tag":[],"class_list":{"0":"post-1455","1":"product","2":"type-product","3":"status-publish","4":"has-post-thumbnail","6":"product_cat-cetveller","7":"product_cat-olcum-setleri","9":"first","10":"instock","11":"shipping-taxable","12":"purchasable","13":"product-type-simple"},"_links":{"self":[{"href":"https:\/\/insize.com.tr\/en\/wp-json\/wp\/v2\/product\/1455","targetHints":{"allow":["GET"]}}],"collection":[{"href":"https:\/\/insize.com.tr\/en\/wp-json\/wp\/v2\/product"}],"about":[{"href":"https:\/\/insize.com.tr\/en\/wp-json\/wp\/v2\/types\/product"}],"replies":[{"embeddable":true,"href":"https:\/\/insize.com.tr\/en\/wp-json\/wp\/v2\/comments?post=1455"}],"wp:featuredmedia":[{"embeddable":true,"href":"https:\/\/insize.com.tr\/en\/wp-json\/wp\/v2\/media\/1485"}],"wp:attachment":[{"href":"https:\/\/insize.com.tr\/en\/wp-json\/wp\/v2\/media?parent=1455"}],"wp:term":[{"taxonomy":"product_brand","embeddable":true,"href":"https:\/\/insize.com.tr\/en\/wp-json\/wp\/v2\/product_brand?post=1455"},{"taxonomy":"product_cat","embeddable":true,"href":"https:\/\/insize.com.tr\/en\/wp-json\/wp\/v2\/product_cat?post=1455"},{"taxonomy":"product_tag","embeddable":true,"href":"https:\/\/insize.com.tr\/en\/wp-json\/wp\/v2\/product_tag?post=1455"}],"curies":[{"name":"wp","href":"https:\/\/api.w.org\/{rel}","templated":true}]}}