{"id":1457,"date":"2022-10-06T16:48:13","date_gmt":"2022-10-06T13:48:13","guid":{"rendered":"https:\/\/insize.com.tr\/?post_type=product&#038;p=1457"},"modified":"2026-04-21T14:54:08","modified_gmt":"2026-04-21T11:54:08","slug":"insize-6887-v-blok-seti-2","status":"publish","type":"product","link":"https:\/\/insize.com.tr\/en\/product\/insize-6887-v-blok-seti-2\/","title":{"rendered":"Insize 6887 V Blok Seti"},"content":{"rendered":"<p><img loading=\"lazy\" decoding=\"async\" class=\"alignnone size-full wp-image-471\" src=\"https:\/\/denizmtl.com\/\/wp-content\/uploads\/2018\/11\/6887.png\" alt=\"\" width=\"892\" height=\"379\" title=\"\"><\/p>","protected":false},"excerpt":{"rendered":"<ul>\n<li>A\u00e7\u0131klama: V-Blok Set (Farkl\u0131 A\u00e7\u0131l\u0131)<\/li>\n<li>\u00d6l\u00e7\u00fc: 100x33x52 mm<\/li>\n<li><a href=\"https:\/\/insize.com.tr\/wp-content\/uploads\/2022\/10\/6887-V-Blok-set.pdf\"><strong>PDF i\u00e7in t\u0131klay\u0131n\u0131z.<\/strong><\/a><\/li>\n<\/ul>","protected":false},"featured_media":1487,"comment_status":"open","ping_status":"closed","template":"","meta":{"inline_featured_image":false},"product_brand":[],"product_cat":[18],"product_tag":[],"class_list":{"0":"post-1457","1":"product","2":"type-product","3":"status-publish","4":"has-post-thumbnail","6":"product_cat-mengeneler","8":"first","9":"instock","10":"shipping-taxable","11":"purchasable","12":"product-type-variable"},"_links":{"self":[{"href":"https:\/\/insize.com.tr\/en\/wp-json\/wp\/v2\/product\/1457","targetHints":{"allow":["GET"]}}],"collection":[{"href":"https:\/\/insize.com.tr\/en\/wp-json\/wp\/v2\/product"}],"about":[{"href":"https:\/\/insize.com.tr\/en\/wp-json\/wp\/v2\/types\/product"}],"replies":[{"embeddable":true,"href":"https:\/\/insize.com.tr\/en\/wp-json\/wp\/v2\/comments?post=1457"}],"wp:featuredmedia":[{"embeddable":true,"href":"https:\/\/insize.com.tr\/en\/wp-json\/wp\/v2\/media\/1487"}],"wp:attachment":[{"href":"https:\/\/insize.com.tr\/en\/wp-json\/wp\/v2\/media?parent=1457"}],"wp:term":[{"taxonomy":"product_brand","embeddable":true,"href":"https:\/\/insize.com.tr\/en\/wp-json\/wp\/v2\/product_brand?post=1457"},{"taxonomy":"product_cat","embeddable":true,"href":"https:\/\/insize.com.tr\/en\/wp-json\/wp\/v2\/product_cat?post=1457"},{"taxonomy":"product_tag","embeddable":true,"href":"https:\/\/insize.com.tr\/en\/wp-json\/wp\/v2\/product_tag?post=1457"}],"curies":[{"name":"wp","href":"https:\/\/api.w.org\/{rel}","templated":true}]}}