{"id":1458,"date":"2022-10-06T16:48:13","date_gmt":"2022-10-06T13:48:13","guid":{"rendered":"https:\/\/insize.com.tr\/?post_type=product&#038;p=1458"},"modified":"2026-04-20T16:48:07","modified_gmt":"2026-04-20T13:48:07","slug":"insize-6889-manyetik-v-blok-2","status":"publish","type":"product","link":"https:\/\/insize.com.tr\/en\/product\/insize-6889-manyetik-v-blok-2\/","title":{"rendered":"Insize 6889 Manyetik V Blok"},"content":{"rendered":"<p><img loading=\"lazy\" decoding=\"async\" class=\"alignnone size-full wp-image-1540\" src=\"https:\/\/denizmtl.com\/\/wp-content\/uploads\/2018\/11\/6889.png\" alt=\"\" width=\"692\" height=\"591\" title=\"\"><\/p>","protected":false},"excerpt":{"rendered":"<ul>\n<li><strong>A\u00e7\u0131klama: Manyetik V Blok (Tekli)<\/strong><\/li>\n<li><strong>\u00d6l\u00e7\u00fc: 75X56X75mm<\/strong><\/li>\n<li><strong>Hassiyet: 5-40 mm<\/strong><\/li>\n<li><a href=\"https:\/\/denizmtl.com\/wp-content\/uploads\/2022\/01\/6889-MANYETIK-V-BLOK.pdf\"><strong>PDF i\u00e7in t\u0131klay\u0131n\u0131z.<\/strong><\/a><\/li>\n<\/ul>","protected":false},"featured_media":1488,"comment_status":"open","ping_status":"closed","template":"","meta":{"inline_featured_image":false},"product_brand":[],"product_cat":[18],"product_tag":[],"class_list":{"0":"post-1458","1":"product","2":"type-product","3":"status-publish","4":"has-post-thumbnail","6":"product_cat-mengeneler","8":"first","9":"instock","10":"shipping-taxable","11":"purchasable","12":"product-type-variable"},"_links":{"self":[{"href":"https:\/\/insize.com.tr\/en\/wp-json\/wp\/v2\/product\/1458","targetHints":{"allow":["GET"]}}],"collection":[{"href":"https:\/\/insize.com.tr\/en\/wp-json\/wp\/v2\/product"}],"about":[{"href":"https:\/\/insize.com.tr\/en\/wp-json\/wp\/v2\/types\/product"}],"replies":[{"embeddable":true,"href":"https:\/\/insize.com.tr\/en\/wp-json\/wp\/v2\/comments?post=1458"}],"wp:featuredmedia":[{"embeddable":true,"href":"https:\/\/insize.com.tr\/en\/wp-json\/wp\/v2\/media\/1488"}],"wp:attachment":[{"href":"https:\/\/insize.com.tr\/en\/wp-json\/wp\/v2\/media?parent=1458"}],"wp:term":[{"taxonomy":"product_brand","embeddable":true,"href":"https:\/\/insize.com.tr\/en\/wp-json\/wp\/v2\/product_brand?post=1458"},{"taxonomy":"product_cat","embeddable":true,"href":"https:\/\/insize.com.tr\/en\/wp-json\/wp\/v2\/product_cat?post=1458"},{"taxonomy":"product_tag","embeddable":true,"href":"https:\/\/insize.com.tr\/en\/wp-json\/wp\/v2\/product_tag?post=1458"}],"curies":[{"name":"wp","href":"https:\/\/api.w.org\/{rel}","templated":true}]}}