{"id":179,"date":"2022-10-06T16:46:15","date_gmt":"2022-10-06T13:46:15","guid":{"rendered":"https:\/\/insize.com.tr\/?post_type=product&#038;p=179"},"modified":"2026-04-20T16:44:35","modified_gmt":"2026-04-20T13:44:35","slug":"insize-6803-v-blok-seti-cift","status":"publish","type":"product","link":"https:\/\/insize.com.tr\/en\/product\/insize-6803-v-blok-seti-cift\/","title":{"rendered":"Insize 6803 V Blok Seti (\u00c7ift)"},"content":{"rendered":"<p><img loading=\"lazy\" decoding=\"async\" class=\"alignnone size-full wp-image-466\" src=\"https:\/\/denizmtl.com\/\/wp-content\/uploads\/2018\/11\/6803.png\" alt=\"\" width=\"876\" height=\"414\" title=\"\"><\/p>","protected":false},"excerpt":{"rendered":"<ul>\n<li>Ala\u015f\u0131ml\u0131 \u00e7elikten yap\u0131lm\u0131\u015ft\u0131r.<\/li>\n<li>HRC60\u00b12 ye g\u00f6re sertle\u015ftirilmi\u015ftir.<\/li>\n<li>Set ba\u015f\u0131na iki blok<\/li>\n<li>A\u00e7\u0131klama: V-Blok Set (\u00c7iftli)<\/li>\n<li>\u00d6l\u00e7\u00fc: 4-35 mm<\/li>\n<li><a href=\"https:\/\/denizmtl.com\/wp-content\/uploads\/2022\/01\/6803-V-BLOK-SETI.pdf\"><strong>PDF i\u00e7in t\u0131klay\u0131n\u0131z.<\/strong><\/a><\/li>\n<\/ul>\n<p> &nbsp;<\/p>","protected":false},"featured_media":209,"comment_status":"open","ping_status":"closed","template":"","meta":{"inline_featured_image":false},"product_brand":[],"product_cat":[556,18],"product_tag":[],"class_list":{"0":"post-179","1":"product","2":"type-product","3":"status-publish","4":"has-post-thumbnail","6":"product_cat-blok-setler","7":"product_cat-mengeneler","9":"first","10":"instock","11":"shipping-taxable","12":"purchasable","13":"product-type-variable"},"_links":{"self":[{"href":"https:\/\/insize.com.tr\/en\/wp-json\/wp\/v2\/product\/179","targetHints":{"allow":["GET"]}}],"collection":[{"href":"https:\/\/insize.com.tr\/en\/wp-json\/wp\/v2\/product"}],"about":[{"href":"https:\/\/insize.com.tr\/en\/wp-json\/wp\/v2\/types\/product"}],"replies":[{"embeddable":true,"href":"https:\/\/insize.com.tr\/en\/wp-json\/wp\/v2\/comments?post=179"}],"wp:featuredmedia":[{"embeddable":true,"href":"https:\/\/insize.com.tr\/en\/wp-json\/wp\/v2\/media\/209"}],"wp:attachment":[{"href":"https:\/\/insize.com.tr\/en\/wp-json\/wp\/v2\/media?parent=179"}],"wp:term":[{"taxonomy":"product_brand","embeddable":true,"href":"https:\/\/insize.com.tr\/en\/wp-json\/wp\/v2\/product_brand?post=179"},{"taxonomy":"product_cat","embeddable":true,"href":"https:\/\/insize.com.tr\/en\/wp-json\/wp\/v2\/product_cat?post=179"},{"taxonomy":"product_tag","embeddable":true,"href":"https:\/\/insize.com.tr\/en\/wp-json\/wp\/v2\/product_tag?post=179"}],"curies":[{"name":"wp","href":"https:\/\/api.w.org\/{rel}","templated":true}]}}