{"id":180,"date":"2022-10-06T16:46:15","date_gmt":"2022-10-06T13:46:15","guid":{"rendered":"https:\/\/insize.com.tr\/?post_type=product&#038;p=180"},"modified":"2026-04-20T16:44:33","modified_gmt":"2026-04-20T13:44:33","slug":"insize-blok-mastar-aksesuari","status":"publish","type":"product","link":"https:\/\/insize.com.tr\/en\/product\/insize-blok-mastar-aksesuari\/","title":{"rendered":"Insize Blok Mastar Aksesuar\u0131"},"content":{"rendered":"","protected":false},"excerpt":{"rendered":"<ul>\n<li><strong>A\u00e7\u0131klama: D\u00fcz \u00c7ene<\/strong><\/li>\n<\/ul>","protected":false},"featured_media":210,"comment_status":"open","ping_status":"closed","template":"","meta":{"inline_featured_image":false},"product_brand":[],"product_cat":[556,18],"product_tag":[],"class_list":{"0":"post-180","1":"product","2":"type-product","3":"status-publish","4":"has-post-thumbnail","6":"product_cat-blok-setler","7":"product_cat-mengeneler","9":"first","10":"instock","11":"shipping-taxable","12":"purchasable","13":"product-type-simple"},"_links":{"self":[{"href":"https:\/\/insize.com.tr\/en\/wp-json\/wp\/v2\/product\/180","targetHints":{"allow":["GET"]}}],"collection":[{"href":"https:\/\/insize.com.tr\/en\/wp-json\/wp\/v2\/product"}],"about":[{"href":"https:\/\/insize.com.tr\/en\/wp-json\/wp\/v2\/types\/product"}],"replies":[{"embeddable":true,"href":"https:\/\/insize.com.tr\/en\/wp-json\/wp\/v2\/comments?post=180"}],"wp:featuredmedia":[{"embeddable":true,"href":"https:\/\/insize.com.tr\/en\/wp-json\/wp\/v2\/media\/210"}],"wp:attachment":[{"href":"https:\/\/insize.com.tr\/en\/wp-json\/wp\/v2\/media?parent=180"}],"wp:term":[{"taxonomy":"product_brand","embeddable":true,"href":"https:\/\/insize.com.tr\/en\/wp-json\/wp\/v2\/product_brand?post=180"},{"taxonomy":"product_cat","embeddable":true,"href":"https:\/\/insize.com.tr\/en\/wp-json\/wp\/v2\/product_cat?post=180"},{"taxonomy":"product_tag","embeddable":true,"href":"https:\/\/insize.com.tr\/en\/wp-json\/wp\/v2\/product_tag?post=180"}],"curies":[{"name":"wp","href":"https:\/\/api.w.org\/{rel}","templated":true}]}}