{"id":1804,"date":"2022-10-06T16:48:40","date_gmt":"2022-10-06T13:48:40","guid":{"rendered":"https:\/\/insize.com.tr\/?post_type=product&#038;p=1804"},"modified":"2026-03-04T14:35:06","modified_gmt":"2026-03-04T11:35:06","slug":"insize-7512-1-uc-yonlu-aydinlatmali-buyutec","status":"publish","type":"product","link":"https:\/\/insize.com.tr\/en\/product\/insize-7512-1-uc-yonlu-aydinlatmali-buyutec\/","title":{"rendered":"Insize 7512-1 \u00dc\u00e7 Y\u00f6nl\u00fc Ayd\u0131nlatmal\u0131 B\u00fcy\u00fcte\u00e7"},"content":{"rendered":"<p>7512-1 I\u015eIKLI \u00dc\u00c7 Y\u00d6NL\u00dc B\u00dcY\u00dcTE\u00c7<br \/>\nHerhangi bir cihaz\u0131 2 veya 4 kat b\u00fcy\u00fctebilen masa tipi bir cihazd\u0131r.Karanl\u0131k ortamlarda cisimleri ayd\u0131nlatabilir.B\u00fcy\u00fctme i\u015flemi yapmak isteyen t\u00fcm alanlarda kullan\u0131labilir.<\/p>","protected":false},"excerpt":{"rendered":"<ul>\n<li>Plastik lens<\/li>\n<li>2xAA pil veya g\u00fc\u00e7 adapt\u00f6r\u00fc ile \u00e7al\u0131\u015f\u0131r.<\/li>\n<\/ul>","protected":false},"featured_media":1824,"comment_status":"open","ping_status":"closed","template":"","meta":{"inline_featured_image":false},"product_brand":[],"product_cat":[39],"product_tag":[],"class_list":{"0":"post-1804","1":"product","2":"type-product","3":"status-publish","4":"has-post-thumbnail","6":"product_cat-mikroskop-ve-buyutec","8":"first","9":"instock","10":"shipping-taxable","11":"purchasable","12":"product-type-simple"},"_links":{"self":[{"href":"https:\/\/insize.com.tr\/en\/wp-json\/wp\/v2\/product\/1804","targetHints":{"allow":["GET"]}}],"collection":[{"href":"https:\/\/insize.com.tr\/en\/wp-json\/wp\/v2\/product"}],"about":[{"href":"https:\/\/insize.com.tr\/en\/wp-json\/wp\/v2\/types\/product"}],"replies":[{"embeddable":true,"href":"https:\/\/insize.com.tr\/en\/wp-json\/wp\/v2\/comments?post=1804"}],"wp:featuredmedia":[{"embeddable":true,"href":"https:\/\/insize.com.tr\/en\/wp-json\/wp\/v2\/media\/1824"}],"wp:attachment":[{"href":"https:\/\/insize.com.tr\/en\/wp-json\/wp\/v2\/media?parent=1804"}],"wp:term":[{"taxonomy":"product_brand","embeddable":true,"href":"https:\/\/insize.com.tr\/en\/wp-json\/wp\/v2\/product_brand?post=1804"},{"taxonomy":"product_cat","embeddable":true,"href":"https:\/\/insize.com.tr\/en\/wp-json\/wp\/v2\/product_cat?post=1804"},{"taxonomy":"product_tag","embeddable":true,"href":"https:\/\/insize.com.tr\/en\/wp-json\/wp\/v2\/product_tag?post=1804"}],"curies":[{"name":"wp","href":"https:\/\/api.w.org\/{rel}","templated":true}]}}