{"id":182,"date":"2022-10-06T16:46:15","date_gmt":"2022-10-06T13:46:15","guid":{"rendered":"https:\/\/insize.com.tr\/?post_type=product&#038;p=182"},"modified":"2026-04-20T16:44:36","modified_gmt":"2026-04-20T13:44:36","slug":"insize-6888-blok-seti-silindir-yatakli","status":"publish","type":"product","link":"https:\/\/insize.com.tr\/en\/product\/insize-6888-blok-seti-silindir-yatakli\/","title":{"rendered":"Insize 6888 Blok Seti (Silindir-Yatakl\u0131)"},"content":{"rendered":"<p><img loading=\"lazy\" decoding=\"async\" class=\"alignnone size-full wp-image-477\" src=\"https:\/\/denizmtl.com\/\/wp-content\/uploads\/2018\/11\/6888.png\" alt=\"\" width=\"891\" height=\"450\" title=\"\"><\/p>","protected":false},"excerpt":{"rendered":"<ul>\n<li>A\u011f\u0131r i\u015fler i\u00e7in uygundur<\/li>\n<li>Set ba\u015f\u0131na iki bok<\/li>\n<li>A\u00e7\u0131klama: Bilyal\u0131 V Blok (\u00c7ift)<\/li>\n<li><a href=\"https:\/\/denizmtl.com\/wp-content\/uploads\/2022\/01\/6888-V-BLOK-SETI-SILINDIR-YATAKLI-.pdf\"><strong>PDF i\u00e7in T\u0131klay\u0131n\u0131z<\/strong><\/a><\/li>\n<li><a href=\"https:\/\/insize.com.tr\/wp-content\/uploads\/2026\/03\/6888-E-V1.pdf\"><strong>Kullan\u0131m K\u0131lavuzu<\/strong><\/a><\/li>\n<\/ul>","protected":false},"featured_media":212,"comment_status":"open","ping_status":"closed","template":"","meta":{"inline_featured_image":false},"product_brand":[],"product_cat":[556,18],"product_tag":[],"class_list":{"0":"post-182","1":"product","2":"type-product","3":"status-publish","4":"has-post-thumbnail","6":"product_cat-blok-setler","7":"product_cat-mengeneler","9":"first","10":"instock","11":"shipping-taxable","12":"purchasable","13":"product-type-variable"},"_links":{"self":[{"href":"https:\/\/insize.com.tr\/en\/wp-json\/wp\/v2\/product\/182","targetHints":{"allow":["GET"]}}],"collection":[{"href":"https:\/\/insize.com.tr\/en\/wp-json\/wp\/v2\/product"}],"about":[{"href":"https:\/\/insize.com.tr\/en\/wp-json\/wp\/v2\/types\/product"}],"replies":[{"embeddable":true,"href":"https:\/\/insize.com.tr\/en\/wp-json\/wp\/v2\/comments?post=182"}],"wp:featuredmedia":[{"embeddable":true,"href":"https:\/\/insize.com.tr\/en\/wp-json\/wp\/v2\/media\/212"}],"wp:attachment":[{"href":"https:\/\/insize.com.tr\/en\/wp-json\/wp\/v2\/media?parent=182"}],"wp:term":[{"taxonomy":"product_brand","embeddable":true,"href":"https:\/\/insize.com.tr\/en\/wp-json\/wp\/v2\/product_brand?post=182"},{"taxonomy":"product_cat","embeddable":true,"href":"https:\/\/insize.com.tr\/en\/wp-json\/wp\/v2\/product_cat?post=182"},{"taxonomy":"product_tag","embeddable":true,"href":"https:\/\/insize.com.tr\/en\/wp-json\/wp\/v2\/product_tag?post=182"}],"curies":[{"name":"wp","href":"https:\/\/api.w.org\/{rel}","templated":true}]}}