{"id":1820,"date":"2022-10-06T16:48:41","date_gmt":"2022-10-06T13:48:41","guid":{"rendered":"https:\/\/insize.com.tr\/?post_type=product&#038;p=1820"},"modified":"2026-03-04T14:35:14","modified_gmt":"2026-03-04T11:35:14","slug":"insize-ism-zs30-zoom-stereo-mikroskop","status":"publish","type":"product","link":"https:\/\/insize.com.tr\/en\/product\/insize-ism-zs30-zoom-stereo-mikroskop\/","title":{"rendered":"Insize ISM-ZS30 Zoom Stereo Mikroskop"},"content":{"rendered":"<p><img loading=\"lazy\" decoding=\"async\" class=\"alignnone wp-image-10052 size-full\" src=\"https:\/\/denizmtl.com\/wp-content\/uploads\/2019\/01\/ISM-ZS30-2.png\" alt=\"\" width=\"675\" height=\"448\" title=\"\"><\/p>\n<p>ISM-ZS30 ZOOM STERE<span style=\"font-size: 14.4px;\">O M\u0130KR<\/span><span style=\"font-size: 14.4px;\">OSKOP<\/span><\/p>\n<p>K\u00fc\u00e7\u00fck cisimlerin birka\u00e7 \u00e7e\u015fit mercek yard\u0131m\u0131yla b\u00fcy\u00fct\u00fclerek g\u00f6r\u00fcnt\u00fcs\u00fcn\u00fcn incelenmesini sa\u011flayan bir makinedir.Optik t\u00fcp\u00fc binok\u00fclerdir.Sanayi, menak\u00fcr, genetik, jeoloji, arkeoloji ve kriminalistik alan\u0131nda da b\u00fcy\u00fck hizmetler g\u00f6rmektedir.<\/p>","protected":false},"excerpt":{"rendered":"<ul>\n<li><a href=\"https:\/\/insize.com.tr\/wp-content\/uploads\/2026\/02\/ISM-ZS30.pdf\">Pdf i\u00e7in t\u0131klay\u0131n\u0131z.<\/a><\/li>\n<li><a href=\"https:\/\/insize.com.tr\/wp-content\/uploads\/2026\/03\/ISM-ZS30-E-V1.pdf\"><strong>Kullan\u0131m K\u0131lavuzu<\/strong><\/a><\/li>\n<\/ul>","protected":false},"featured_media":1840,"comment_status":"open","ping_status":"closed","template":"","meta":{"inline_featured_image":false},"product_brand":[],"product_cat":[39],"product_tag":[],"class_list":{"0":"post-1820","1":"product","2":"type-product","3":"status-publish","4":"has-post-thumbnail","6":"product_cat-mikroskop-ve-buyutec","8":"first","9":"instock","10":"featured","11":"shipping-taxable","12":"purchasable","13":"product-type-simple"},"_links":{"self":[{"href":"https:\/\/insize.com.tr\/en\/wp-json\/wp\/v2\/product\/1820","targetHints":{"allow":["GET"]}}],"collection":[{"href":"https:\/\/insize.com.tr\/en\/wp-json\/wp\/v2\/product"}],"about":[{"href":"https:\/\/insize.com.tr\/en\/wp-json\/wp\/v2\/types\/product"}],"replies":[{"embeddable":true,"href":"https:\/\/insize.com.tr\/en\/wp-json\/wp\/v2\/comments?post=1820"}],"wp:featuredmedia":[{"embeddable":true,"href":"https:\/\/insize.com.tr\/en\/wp-json\/wp\/v2\/media\/1840"}],"wp:attachment":[{"href":"https:\/\/insize.com.tr\/en\/wp-json\/wp\/v2\/media?parent=1820"}],"wp:term":[{"taxonomy":"product_brand","embeddable":true,"href":"https:\/\/insize.com.tr\/en\/wp-json\/wp\/v2\/product_brand?post=1820"},{"taxonomy":"product_cat","embeddable":true,"href":"https:\/\/insize.com.tr\/en\/wp-json\/wp\/v2\/product_cat?post=1820"},{"taxonomy":"product_tag","embeddable":true,"href":"https:\/\/insize.com.tr\/en\/wp-json\/wp\/v2\/product_tag?post=1820"}],"curies":[{"name":"wp","href":"https:\/\/api.w.org\/{rel}","templated":true}]}}