{"id":184,"date":"2022-10-06T16:46:15","date_gmt":"2022-10-06T13:46:15","guid":{"rendered":"https:\/\/insize.com.tr\/?post_type=product&#038;p=184"},"modified":"2026-04-20T16:44:33","modified_gmt":"2026-04-20T13:44:33","slug":"insize-6890-manyetik-v-blok-tek","status":"publish","type":"product","link":"https:\/\/insize.com.tr\/en\/product\/insize-6890-manyetik-v-blok-tek\/","title":{"rendered":"Insize 6890 Manyetik V Blok (Tek)"},"content":{"rendered":"<p><img loading=\"lazy\" decoding=\"async\" class=\"alignnone size-full wp-image-482\" src=\"https:\/\/denizmtl.com\/\/wp-content\/uploads\/2018\/11\/6890-702.png\" alt=\"\" width=\"888\" height=\"398\" title=\"\"><\/p>","protected":false},"excerpt":{"rendered":"<ul>\n<li>D\u00f6k\u00fcm ve granit y\u00fczeyler i\u00e7in uygun de\u011fildir.<\/li>\n<li>Sertle\u015ftirilmemi\u015ftir.<\/li>\n<li>Tekli tedarik edilir.<\/li>\n<li>\u00d6l\u00e7\u00fc: 70x60x73 mm<\/li>\n<li>Hassiyet: 6-44mm<\/li>\n<li><a href=\"https:\/\/denizmtl.com\/wp-content\/uploads\/2022\/01\/6890-MANYETIK-V-BLOK.pdf\"><strong>PDF i\u00e7in t\u0131klay\u0131n\u0131z.<\/strong><\/a><\/li>\n<\/ul>","protected":false},"featured_media":214,"comment_status":"open","ping_status":"closed","template":"","meta":{"inline_featured_image":false},"product_brand":[],"product_cat":[556,18],"product_tag":[],"class_list":{"0":"post-184","1":"product","2":"type-product","3":"status-publish","4":"has-post-thumbnail","6":"product_cat-blok-setler","7":"product_cat-mengeneler","9":"first","10":"instock","11":"shipping-taxable","12":"purchasable","13":"product-type-simple"},"_links":{"self":[{"href":"https:\/\/insize.com.tr\/en\/wp-json\/wp\/v2\/product\/184","targetHints":{"allow":["GET"]}}],"collection":[{"href":"https:\/\/insize.com.tr\/en\/wp-json\/wp\/v2\/product"}],"about":[{"href":"https:\/\/insize.com.tr\/en\/wp-json\/wp\/v2\/types\/product"}],"replies":[{"embeddable":true,"href":"https:\/\/insize.com.tr\/en\/wp-json\/wp\/v2\/comments?post=184"}],"wp:featuredmedia":[{"embeddable":true,"href":"https:\/\/insize.com.tr\/en\/wp-json\/wp\/v2\/media\/214"}],"wp:attachment":[{"href":"https:\/\/insize.com.tr\/en\/wp-json\/wp\/v2\/media?parent=184"}],"wp:term":[{"taxonomy":"product_brand","embeddable":true,"href":"https:\/\/insize.com.tr\/en\/wp-json\/wp\/v2\/product_brand?post=184"},{"taxonomy":"product_cat","embeddable":true,"href":"https:\/\/insize.com.tr\/en\/wp-json\/wp\/v2\/product_cat?post=184"},{"taxonomy":"product_tag","embeddable":true,"href":"https:\/\/insize.com.tr\/en\/wp-json\/wp\/v2\/product_tag?post=184"}],"curies":[{"name":"wp","href":"https:\/\/api.w.org\/{rel}","templated":true}]}}