{"id":1841,"date":"2022-10-06T16:48:44","date_gmt":"2022-10-06T13:48:44","guid":{"rendered":"https:\/\/insize.com.tr\/?post_type=product&#038;p=1841"},"modified":"2026-03-04T14:35:29","modified_gmt":"2026-03-04T11:35:29","slug":"insize-ism-zs-zoom-stereo-mikroskop","status":"publish","type":"product","link":"https:\/\/insize.com.tr\/en\/product\/insize-ism-zs-zoom-stereo-mikroskop\/","title":{"rendered":"Insize ISM-ZS Zoom Stereo Mikroskop"},"content":{"rendered":"<p>ISM-ZS50 ZOOM STEREO M\u0130KROSKOP<br \/>\nK\u00fc\u00e7\u00fck cisimlerin birka\u00e7 \u00e7e\u015fit mercek yard\u0131m\u0131yla b\u00fcy\u00fct\u00fclerek g\u00f6r\u00fcnt\u00fcs\u00fcn\u00fcn incelenmesini sa\u011flayan bir makinedir.Optik t\u00fcp\u00fc binokilerdir. Sanayi, menak\u00fcr, genetik, jeoloji, arkeoloji ve kriminalistik alan\u0131nda da kullan\u0131labilir.<\/p>\n<p><img loading=\"lazy\" decoding=\"async\" class=\"alignnone wp-image-4754 size-full\" src=\"https:\/\/denizmtl.com\/wp-content\/uploads\/2019\/01\/ISM-ZS.png\" alt=\"\" width=\"684\" height=\"426\" title=\"\"><\/p>","protected":false},"excerpt":{"rendered":"<ul>\n<li><a href=\"https:\/\/denizmtl.com\/wp-content\/uploads\/2022\/01\/ISM-ZS-ZOOM-STEREO-MIKROSKOP.pdf\">Pdf i\u00e7in t\u0131klay\u0131n\u0131z.<\/a><\/li>\n<\/ul>","protected":false},"featured_media":1871,"comment_status":"open","ping_status":"closed","template":"","meta":{"inline_featured_image":false},"product_brand":[],"product_cat":[39,551],"product_tag":[],"class_list":{"0":"post-1841","1":"product","2":"type-product","3":"status-publish","4":"has-post-thumbnail","6":"product_cat-mikroskop-ve-buyutec","7":"product_cat-test-cihazlari","9":"first","10":"instock","11":"shipping-taxable","12":"purchasable","13":"product-type-variable"},"_links":{"self":[{"href":"https:\/\/insize.com.tr\/en\/wp-json\/wp\/v2\/product\/1841","targetHints":{"allow":["GET"]}}],"collection":[{"href":"https:\/\/insize.com.tr\/en\/wp-json\/wp\/v2\/product"}],"about":[{"href":"https:\/\/insize.com.tr\/en\/wp-json\/wp\/v2\/types\/product"}],"replies":[{"embeddable":true,"href":"https:\/\/insize.com.tr\/en\/wp-json\/wp\/v2\/comments?post=1841"}],"wp:featuredmedia":[{"embeddable":true,"href":"https:\/\/insize.com.tr\/en\/wp-json\/wp\/v2\/media\/1871"}],"wp:attachment":[{"href":"https:\/\/insize.com.tr\/en\/wp-json\/wp\/v2\/media?parent=1841"}],"wp:term":[{"taxonomy":"product_brand","embeddable":true,"href":"https:\/\/insize.com.tr\/en\/wp-json\/wp\/v2\/product_brand?post=1841"},{"taxonomy":"product_cat","embeddable":true,"href":"https:\/\/insize.com.tr\/en\/wp-json\/wp\/v2\/product_cat?post=1841"},{"taxonomy":"product_tag","embeddable":true,"href":"https:\/\/insize.com.tr\/en\/wp-json\/wp\/v2\/product_tag?post=1841"}],"curies":[{"name":"wp","href":"https:\/\/api.w.org\/{rel}","templated":true}]}}