{"id":1842,"date":"2022-10-06T16:48:44","date_gmt":"2022-10-06T13:48:44","guid":{"rendered":"https:\/\/insize.com.tr\/?post_type=product&#038;p=1842"},"modified":"2026-04-20T16:48:09","modified_gmt":"2026-04-20T13:48:09","slug":"insize-ist-ws60-kisa-tutma-kollu-dijital-tork-anahtari","status":"publish","type":"product","link":"https:\/\/insize.com.tr\/en\/product\/insize-ist-ws60-kisa-tutma-kollu-dijital-tork-anahtari\/","title":{"rendered":"Insize IST-WS Serisi  K\u0131sa Tutma Kollu Dijital Tork Anahtar\u0131"},"content":{"rendered":"<p><img loading=\"lazy\" decoding=\"async\" class=\"alignnone wp-image-10048 size-full\" src=\"https:\/\/denizmtl.com\/wp-content\/uploads\/2019\/01\/KISA-TUTMA-KOLLU-DIJITAL-TORK-ANAHTAR.-1.png\" alt=\"\" width=\"691\" height=\"456\" title=\"\"><\/p>","protected":false},"excerpt":{"rendered":"<ul>\n<li>Saat y\u00f6n\u00fc ve tersi y\u00f6n\u00fcnde operasyon,<\/li>\n<li>Birim:N.m,in.lb,ft.lb,kg.cm<\/li>\n<li>Tepe ve izleme \u00e7al\u0131\u015fma modlar\u0131,<\/li>\n<li>Hedef tork de\u011feri ayarlanabilir,sesli ve g\u00f6r\u00fcnt\u00fcl\u00fc alarm ile :Tork de\u011feri hedef tork de\u011ferinin %90-%100 civar\u0131na geldi\u011finde ye\u015fil LED \u0131\u015f\u0131k yanar ve uyar\u0131 sesi gelir.<\/li>\n<li>Hedef tork de\u011ferine ula\u015f\u0131ld\u0131\u011f\u0131nda hem ye\u015fil hem k\u0131rm\u0131z\u0131 LED \u0131\u015f\u0131k yanar ve sesli uyar\u0131 gelir.<\/li>\n<li>5 dakika kullan\u0131lmazsa otomatik kapan\u0131r.<\/li>\n<li>Kaymayan tutma kolu<\/li>\n<li>Nem kayd\u0131 ile<\/li>\n<li>Fazla y\u00fck kaydetme ile ( tork maksimum aral\u0131\u011f\u0131n %110&#8217;a ula\u015ft\u0131\u011f\u0131nda)<\/li>\n<li><a href=\"https:\/\/insize.com.tr\/wp-content\/uploads\/2026\/02\/IST-WS.pdf\">Pdf i\u00e7in t\u0131klay\u0131n\u0131z.<\/a><\/li>\n<li><a href=\"https:\/\/insize.com.tr\/wp-content\/uploads\/2026\/03\/IST-WS-SERIES-E-V0.pdf\"><strong>Kullan\u0131m K\u0131lavuzu<\/strong><\/a><\/li>\n<\/ul>","protected":false},"featured_media":1872,"comment_status":"open","ping_status":"closed","template":"","meta":{"inline_featured_image":false},"product_brand":[],"product_cat":[35],"product_tag":[],"class_list":{"0":"post-1842","1":"product","2":"type-product","3":"status-publish","4":"has-post-thumbnail","6":"product_cat-tork-test-cihazi-ve-tork-anahtari","8":"first","9":"instock","10":"featured","11":"shipping-taxable","12":"purchasable","13":"product-type-variable"},"_links":{"self":[{"href":"https:\/\/insize.com.tr\/en\/wp-json\/wp\/v2\/product\/1842","targetHints":{"allow":["GET"]}}],"collection":[{"href":"https:\/\/insize.com.tr\/en\/wp-json\/wp\/v2\/product"}],"about":[{"href":"https:\/\/insize.com.tr\/en\/wp-json\/wp\/v2\/types\/product"}],"replies":[{"embeddable":true,"href":"https:\/\/insize.com.tr\/en\/wp-json\/wp\/v2\/comments?post=1842"}],"wp:featuredmedia":[{"embeddable":true,"href":"https:\/\/insize.com.tr\/en\/wp-json\/wp\/v2\/media\/1872"}],"wp:attachment":[{"href":"https:\/\/insize.com.tr\/en\/wp-json\/wp\/v2\/media?parent=1842"}],"wp:term":[{"taxonomy":"product_brand","embeddable":true,"href":"https:\/\/insize.com.tr\/en\/wp-json\/wp\/v2\/product_brand?post=1842"},{"taxonomy":"product_cat","embeddable":true,"href":"https:\/\/insize.com.tr\/en\/wp-json\/wp\/v2\/product_cat?post=1842"},{"taxonomy":"product_tag","embeddable":true,"href":"https:\/\/insize.com.tr\/en\/wp-json\/wp\/v2\/product_tag?post=1842"}],"curies":[{"name":"wp","href":"https:\/\/api.w.org\/{rel}","templated":true}]}}