{"id":1844,"date":"2022-10-06T16:48:45","date_gmt":"2022-10-06T13:48:45","guid":{"rendered":"https:\/\/insize.com.tr\/?post_type=product&#038;p=1844"},"modified":"2026-04-20T16:48:11","modified_gmt":"2026-04-20T13:48:11","slug":"insize-1117-dijital-kumpas","status":"publish","type":"product","link":"https:\/\/insize.com.tr\/en\/product\/insize-1117-dijital-kumpas\/","title":{"rendered":"Insize 1117 Arka D\u00fcz \u00c7eneli Dijital Kumpas"},"content":{"rendered":"<p><img loading=\"lazy\" decoding=\"async\" class=\"alignnone wp-image-10271 size-full\" src=\"https:\/\/denizmtl.com\/wp-content\/uploads\/2019\/01\/1117-DIJITAL-KUMPAS-1.png\" alt=\"\" width=\"681\" height=\"243\" title=\"\"><\/p>","protected":false},"excerpt":{"rendered":"<ul>\n<li\u00c7\u00f6z\u00fcn\u00fcrl\u00fck: 0,01mm\/0,0005\u201d\"<\/li>\n<li>Tu\u015flar;a\u00e7\/kapa,s\u0131f\u0131rla,mm\/in\u00e7,ABS,bilgi s\u0131f\u0131rlama<\/li>\n<li>CR2032 Lilyu pil,bilgi \u00e7\u0131k\u0131\u015f\u0131<\/li>\n<li>Paslanmaz \u00e7elikten yap\u0131lm\u0131\u015ft\u0131r.<\/li>\n<p> Opsiyonel Aksesuarlar: B\u00fcy\u00fck dijital kumpaslar i\u00e7in aksesuar seti (kod 6145-500\/6146-500B, c=24mm olan kumpaslar i\u00e7in))<\/strong><\/li>\n<li><a href=\"https:\/\/insize.com.tr\/wp-content\/uploads\/2026\/04\/1117.pdf\">Pdf i\u00e7in t\u0131klay\u0131n\u0131z.<\/a><\/li>\n<\/ul>","protected":false},"featured_media":1874,"comment_status":"open","ping_status":"closed","template":"","meta":{"inline_featured_image":false},"product_brand":[],"product_cat":[21],"product_tag":[],"class_list":{"0":"post-1844","1":"product","2":"type-product","3":"status-publish","4":"has-post-thumbnail","6":"product_cat-kumpaslar","8":"first","9":"instock","10":"shipping-taxable","11":"purchasable","12":"product-type-variable"},"_links":{"self":[{"href":"https:\/\/insize.com.tr\/en\/wp-json\/wp\/v2\/product\/1844","targetHints":{"allow":["GET"]}}],"collection":[{"href":"https:\/\/insize.com.tr\/en\/wp-json\/wp\/v2\/product"}],"about":[{"href":"https:\/\/insize.com.tr\/en\/wp-json\/wp\/v2\/types\/product"}],"replies":[{"embeddable":true,"href":"https:\/\/insize.com.tr\/en\/wp-json\/wp\/v2\/comments?post=1844"}],"wp:featuredmedia":[{"embeddable":true,"href":"https:\/\/insize.com.tr\/en\/wp-json\/wp\/v2\/media\/1874"}],"wp:attachment":[{"href":"https:\/\/insize.com.tr\/en\/wp-json\/wp\/v2\/media?parent=1844"}],"wp:term":[{"taxonomy":"product_brand","embeddable":true,"href":"https:\/\/insize.com.tr\/en\/wp-json\/wp\/v2\/product_brand?post=1844"},{"taxonomy":"product_cat","embeddable":true,"href":"https:\/\/insize.com.tr\/en\/wp-json\/wp\/v2\/product_cat?post=1844"},{"taxonomy":"product_tag","embeddable":true,"href":"https:\/\/insize.com.tr\/en\/wp-json\/wp\/v2\/product_tag?post=1844"}],"curies":[{"name":"wp","href":"https:\/\/api.w.org\/{rel}","templated":true}]}}