{"id":1852,"date":"2022-10-06T16:48:45","date_gmt":"2022-10-06T13:48:45","guid":{"rendered":"https:\/\/insize.com.tr\/?post_type=product&#038;p=1852"},"modified":"2026-04-20T16:48:11","modified_gmt":"2026-04-20T13:48:11","slug":"insize-1146-mini-dijital-mihengir","status":"publish","type":"product","link":"https:\/\/insize.com.tr\/en\/product\/insize-1146-mini-dijital-mihengir\/","title":{"rendered":"Insize 1146 Mini Dijital Mihengir"},"content":{"rendered":"<p><img loading=\"lazy\" decoding=\"async\" class=\"alignnone wp-image-4991 size-full\" src=\"https:\/\/denizmtl.com\/wp-content\/uploads\/2019\/01\/mini-dijital-mihengir.png\" alt=\"\" width=\"689\" height=\"296\" title=\"\"><\/p>","protected":false},"excerpt":{"rendered":"<ul>\n<li>\u0130ki y\u00fczey aras\u0131ndaki y\u00fckseklik \u00f6l\u00e7\u00fcl\u00fcr.(1146-20B per\u00e7in gibi bariyerli y\u00fczeyler i\u00e7in uygundur.)<\/li>\n<li>Tu\u015flar:a\u00e7\/kapa,s\u0131f\u0131rla,mm\/in\u00e7<\/li>\n<li>Otomatik kapanma dijital g\u00f6stergenin hareket ettirilmesi ile a\u00e7\u0131l\u0131r.<\/li>\n<li>Pil CR2032,bigi \u00e7\u0131k\u0131\u015f\u0131,<\/li>\n<li>Paslanmaz \u00f6elikten yap\u0131lm\u0131\u015ft\u0131r.<\/li>\n<li><a href=\"https:\/\/denizmtl.com\/wp-content\/uploads\/2022\/01\/1146-MINI-DIJITAL-MIHENGIR.pdf\">Pdf i\u00e7in t\u0131klay\u0131n\u0131z.<\/a><\/li>\n<li><a href=\"https:\/\/insize.com.tr\/wp-content\/uploads\/2026\/03\/1146-E-V0.pdf\"><strong>Kullan\u0131m K\u0131lavuzu<\/strong><\/a><\/li>\n<\/ul>","protected":false},"featured_media":1882,"comment_status":"open","ping_status":"closed","template":"","meta":{"inline_featured_image":false},"product_brand":[],"product_cat":[30],"product_tag":[],"class_list":{"0":"post-1852","1":"product","2":"type-product","3":"status-publish","4":"has-post-thumbnail","6":"product_cat-mihengirler","8":"first","9":"instock","10":"shipping-taxable","11":"purchasable","12":"product-type-variable"},"_links":{"self":[{"href":"https:\/\/insize.com.tr\/en\/wp-json\/wp\/v2\/product\/1852","targetHints":{"allow":["GET"]}}],"collection":[{"href":"https:\/\/insize.com.tr\/en\/wp-json\/wp\/v2\/product"}],"about":[{"href":"https:\/\/insize.com.tr\/en\/wp-json\/wp\/v2\/types\/product"}],"replies":[{"embeddable":true,"href":"https:\/\/insize.com.tr\/en\/wp-json\/wp\/v2\/comments?post=1852"}],"wp:featuredmedia":[{"embeddable":true,"href":"https:\/\/insize.com.tr\/en\/wp-json\/wp\/v2\/media\/1882"}],"wp:attachment":[{"href":"https:\/\/insize.com.tr\/en\/wp-json\/wp\/v2\/media?parent=1852"}],"wp:term":[{"taxonomy":"product_brand","embeddable":true,"href":"https:\/\/insize.com.tr\/en\/wp-json\/wp\/v2\/product_brand?post=1852"},{"taxonomy":"product_cat","embeddable":true,"href":"https:\/\/insize.com.tr\/en\/wp-json\/wp\/v2\/product_cat?post=1852"},{"taxonomy":"product_tag","embeddable":true,"href":"https:\/\/insize.com.tr\/en\/wp-json\/wp\/v2\/product_tag?post=1852"}],"curies":[{"name":"wp","href":"https:\/\/api.w.org\/{rel}","templated":true}]}}