{"id":1854,"date":"2022-10-06T16:48:45","date_gmt":"2022-10-06T13:48:45","guid":{"rendered":"https:\/\/insize.com.tr\/?post_type=product&#038;p=1854"},"modified":"2026-04-20T16:48:12","modified_gmt":"2026-04-20T13:48:12","slug":"insize-1148-dijital-derinlik-kumpasi-yuvarlak-cubuklu","status":"publish","type":"product","link":"https:\/\/insize.com.tr\/en\/product\/insize-1148-dijital-derinlik-kumpasi-yuvarlak-cubuklu\/","title":{"rendered":"Insize 1148 Dijital Derinlik Kumpas\u0131 (Yuvarlak \u00c7ubuklu)"},"content":{"rendered":"<p><img loading=\"lazy\" decoding=\"async\" class=\"alignnone wp-image-10241 size-full\" src=\"https:\/\/denizmtl.com\/wp-content\/uploads\/2019\/01\/DERINLIK-KUMPASI-1.png\" alt=\"\" width=\"671\" height=\"443\" title=\"\"><\/p>","protected":false},"excerpt":{"rendered":"<ul>\n<li>\u00c7\u00f6z\u00fcn\u00fcrl\u00fck:0,01mm\/0,0005\u2033<\/li>\n<li>\u00dc\u00e7 adet de\u011fi\u015ftirilebilir u\u00e7 ile tedarik edilir.(d\u00fcz,k\u00fcresel,disk)<\/li>\n<li>Tu\u015flar:a\u00e7\/kapa,mm\/in\u00e7is\u0131f\u0131rla,ayar,\u00f6nayar<\/li>\n<li>Otomatik kapanma dijital g\u00f6stergenin hareket ettirilmesi ile a\u00e7\u0131l\u0131r.<\/li>\n<li>CR2032 Lilyum pil,bilgi \u00e7\u0131k\u0131\u015f<\/li>\n<li>Paslanmaz \u00e7elikten yap\u0131lm\u0131\u015ft\u0131r.<\/li>\n<li><a href=\"https:\/\/insize.com.tr\/wp-content\/uploads\/2026\/04\/1148.pdf\">Pdf i\u00e7in t\u0131klay\u0131n\u0131z.<\/a><\/li>\n<li><a href=\"https:\/\/insize.com.tr\/wp-content\/uploads\/2026\/03\/1148-E-V7.pdf\"><strong>Kullan\u0131m K\u0131lavuzu<\/strong><\/a><\/li>\n<\/ul>","protected":false},"featured_media":1884,"comment_status":"open","ping_status":"closed","template":"","meta":{"inline_featured_image":false},"product_brand":[],"product_cat":[21,550],"product_tag":[],"class_list":{"0":"post-1854","1":"product","2":"type-product","3":"status-publish","4":"has-post-thumbnail","6":"product_cat-kumpaslar","7":"product_cat-standart-olcu-aletleri","9":"first","10":"instock","11":"shipping-taxable","12":"purchasable","13":"product-type-variable"},"_links":{"self":[{"href":"https:\/\/insize.com.tr\/en\/wp-json\/wp\/v2\/product\/1854","targetHints":{"allow":["GET"]}}],"collection":[{"href":"https:\/\/insize.com.tr\/en\/wp-json\/wp\/v2\/product"}],"about":[{"href":"https:\/\/insize.com.tr\/en\/wp-json\/wp\/v2\/types\/product"}],"replies":[{"embeddable":true,"href":"https:\/\/insize.com.tr\/en\/wp-json\/wp\/v2\/comments?post=1854"}],"wp:featuredmedia":[{"embeddable":true,"href":"https:\/\/insize.com.tr\/en\/wp-json\/wp\/v2\/media\/1884"}],"wp:attachment":[{"href":"https:\/\/insize.com.tr\/en\/wp-json\/wp\/v2\/media?parent=1854"}],"wp:term":[{"taxonomy":"product_brand","embeddable":true,"href":"https:\/\/insize.com.tr\/en\/wp-json\/wp\/v2\/product_brand?post=1854"},{"taxonomy":"product_cat","embeddable":true,"href":"https:\/\/insize.com.tr\/en\/wp-json\/wp\/v2\/product_cat?post=1854"},{"taxonomy":"product_tag","embeddable":true,"href":"https:\/\/insize.com.tr\/en\/wp-json\/wp\/v2\/product_tag?post=1854"}],"curies":[{"name":"wp","href":"https:\/\/api.w.org\/{rel}","templated":true}]}}