{"id":1864,"date":"2022-10-06T16:48:45","date_gmt":"2022-10-06T13:48:45","guid":{"rendered":"https:\/\/insize.com.tr\/?post_type=product&#038;p=1864"},"modified":"2026-04-20T16:48:08","modified_gmt":"2026-04-20T13:48:08","slug":"insize-1172-dijital-kumpas-genis-olcum-agizli","status":"publish","type":"product","link":"https:\/\/insize.com.tr\/en\/product\/insize-1172-dijital-kumpas-genis-olcum-agizli\/","title":{"rendered":"Insize 1172 Dijital Kumpas (Geni\u015f \u00d6l\u00e7\u00fcm A\u011f\u0131zl\u0131)"},"content":{"rendered":"<p><img loading=\"lazy\" decoding=\"async\" class=\"alignnone wp-image-10195 size-full\" src=\"https:\/\/denizmtl.com\/wp-content\/uploads\/2019\/01\/DIJITAL-KUMPAS-GENIS-OLCUM-AGIZLI.png\" alt=\"\" width=\"676\" height=\"275\" title=\"\"><\/p>","protected":false},"excerpt":{"rendered":"<ul>\n<li>Lastik ve s\u00fcnger gibi yumu\u015fak par\u00e7alar\u0131n kal\u0131nl\u0131\u011f\u0131 ile tel halat \u00e7ap\u0131 \u00f6l\u00e7\u00fcl\u00fcr.<\/li>\n<li>\u00c7\u00f6z\u00fcn\u00fcrl\u00fck:0,01mm\/0,0005\u2033<\/li>\n<li>Tu\u015flar:a\u00e7\/kapa,mm\/inch.<\/li>\n<li>Otomatik kapanma dijital g\u00f6stergenin hareket ettirilmesiyle a\u00e7\u0131l\u0131r.<\/li>\n<li>CR2032 Lityum Pil,bilgi \u00e7\u0131k\u0131\u015f\u0131<\/li>\n<li>Paslanmaz \u00e7elikten yap\u0131lm\u0131\u015ft\u0131r.<\/li>\n<li><a href=\"https:\/\/insize.com.tr\/wp-content\/uploads\/2026\/04\/1172.pdf\">Pdf i\u00e7in t\u0131klay\u0131n\u0131z.<\/a><\/li>\n<\/ul>","protected":false},"featured_media":1894,"comment_status":"open","ping_status":"closed","template":"","meta":{"inline_featured_image":false},"product_brand":[],"product_cat":[21],"product_tag":[],"class_list":{"0":"post-1864","1":"product","2":"type-product","3":"status-publish","4":"has-post-thumbnail","6":"product_cat-kumpaslar","8":"first","9":"instock","10":"shipping-taxable","11":"purchasable","12":"product-type-simple"},"_links":{"self":[{"href":"https:\/\/insize.com.tr\/en\/wp-json\/wp\/v2\/product\/1864","targetHints":{"allow":["GET"]}}],"collection":[{"href":"https:\/\/insize.com.tr\/en\/wp-json\/wp\/v2\/product"}],"about":[{"href":"https:\/\/insize.com.tr\/en\/wp-json\/wp\/v2\/types\/product"}],"replies":[{"embeddable":true,"href":"https:\/\/insize.com.tr\/en\/wp-json\/wp\/v2\/comments?post=1864"}],"wp:featuredmedia":[{"embeddable":true,"href":"https:\/\/insize.com.tr\/en\/wp-json\/wp\/v2\/media\/1894"}],"wp:attachment":[{"href":"https:\/\/insize.com.tr\/en\/wp-json\/wp\/v2\/media?parent=1864"}],"wp:term":[{"taxonomy":"product_brand","embeddable":true,"href":"https:\/\/insize.com.tr\/en\/wp-json\/wp\/v2\/product_brand?post=1864"},{"taxonomy":"product_cat","embeddable":true,"href":"https:\/\/insize.com.tr\/en\/wp-json\/wp\/v2\/product_cat?post=1864"},{"taxonomy":"product_tag","embeddable":true,"href":"https:\/\/insize.com.tr\/en\/wp-json\/wp\/v2\/product_tag?post=1864"}],"curies":[{"name":"wp","href":"https:\/\/api.w.org\/{rel}","templated":true}]}}