{"id":187,"date":"2022-10-06T16:46:15","date_gmt":"2022-10-06T13:46:15","guid":{"rendered":"https:\/\/insize.com.tr\/?post_type=product&#038;p=187"},"modified":"2026-04-21T15:00:45","modified_gmt":"2026-04-21T12:00:45","slug":"insize-6896-kelepceli-v-blok-seti-cift","status":"publish","type":"product","link":"https:\/\/insize.com.tr\/en\/product\/insize-6896-kelepceli-v-blok-seti-cift\/","title":{"rendered":"Insize 6896 Kelep\u00e7eli V Blok Seti (\u00c7ift)"},"content":{"rendered":"<p><img loading=\"lazy\" decoding=\"async\" class=\"alignnone size-full wp-image-1547\" src=\"https:\/\/denizmtl.com\/\/wp-content\/uploads\/2018\/11\/6896-1.png\" alt=\"\" width=\"858\" height=\"442\" title=\"\"><\/p>","protected":false},"excerpt":{"rendered":"<ul>\n<li>\u0130\u015fleme ve inceleme i\u00e7in silindirik par\u00e7alar\u0131 sabitler<\/li>\n<li>Set ba\u015f\u0131na iki V blok<\/li>\n<li>Ala\u015f\u0131ml\u0131 \u00e7elikten yap\u0131lm\u0131\u015ft\u0131r.<\/li>\n<li>HRC60\u00b12 ye g\u00f6re sertle\u015ftirilmi\u015ftir.<\/li>\n<li>A\u00e7\u0131klama: Kelep\u00e7eli V Blok (\u00c7iftli)<\/li>\n<li>\u00d6l\u00e7\u00fc: 50x40x40 mm<\/li>\n<li>Hassasiyet: 5-40 mm<\/li>\n<\/ul>","protected":false},"featured_media":217,"comment_status":"closed","ping_status":"closed","template":"","meta":{"inline_featured_image":false},"product_brand":[],"product_cat":[18,550],"product_tag":[],"class_list":{"0":"post-187","1":"product","2":"type-product","3":"status-publish","4":"has-post-thumbnail","6":"product_cat-mengeneler","7":"product_cat-standart-olcu-aletleri","9":"first","10":"instock","11":"shipping-taxable","12":"purchasable","13":"product-type-variable"},"_links":{"self":[{"href":"https:\/\/insize.com.tr\/en\/wp-json\/wp\/v2\/product\/187","targetHints":{"allow":["GET"]}}],"collection":[{"href":"https:\/\/insize.com.tr\/en\/wp-json\/wp\/v2\/product"}],"about":[{"href":"https:\/\/insize.com.tr\/en\/wp-json\/wp\/v2\/types\/product"}],"replies":[{"embeddable":true,"href":"https:\/\/insize.com.tr\/en\/wp-json\/wp\/v2\/comments?post=187"}],"wp:featuredmedia":[{"embeddable":true,"href":"https:\/\/insize.com.tr\/en\/wp-json\/wp\/v2\/media\/217"}],"wp:attachment":[{"href":"https:\/\/insize.com.tr\/en\/wp-json\/wp\/v2\/media?parent=187"}],"wp:term":[{"taxonomy":"product_brand","embeddable":true,"href":"https:\/\/insize.com.tr\/en\/wp-json\/wp\/v2\/product_brand?post=187"},{"taxonomy":"product_cat","embeddable":true,"href":"https:\/\/insize.com.tr\/en\/wp-json\/wp\/v2\/product_cat?post=187"},{"taxonomy":"product_tag","embeddable":true,"href":"https:\/\/insize.com.tr\/en\/wp-json\/wp\/v2\/product_tag?post=187"}],"curies":[{"name":"wp","href":"https:\/\/api.w.org\/{rel}","templated":true}]}}