{"id":193,"date":"2022-10-06T16:46:16","date_gmt":"2022-10-06T13:46:16","guid":{"rendered":"https:\/\/insize.com.tr\/?post_type=product&#038;p=193"},"modified":"2026-04-20T16:44:33","modified_gmt":"2026-04-20T13:44:33","slug":"insize-dijital-terazi-ve-aci-olcer","status":"publish","type":"product","link":"https:\/\/insize.com.tr\/en\/product\/insize-dijital-terazi-ve-aci-olcer\/","title":{"rendered":"Insize Dijital Terazi Ve A\u00e7\u0131 \u00d6l\u00e7er"},"content":{"rendered":"<p><img loading=\"lazy\" decoding=\"async\" class=\"alignnone size-full wp-image-1557\" src=\"https:\/\/denizmtl.com\/\/wp-content\/uploads\/2018\/11\/2179.png\" alt=\"\" width=\"853\" height=\"338\" title=\"\"><\/p>","protected":false},"excerpt":{"rendered":"<ul>\n<li>IP54 toz\/su ge\u00e7irmez<\/li>\n<li>Seviye ve e\u011fim \u00f6l\u00e7er olarak kullan\u0131l\u0131r<\/li>\n<li>Al\u00fcminyum \u00e7er\u00e7eve<\/li>\n<li>\u015eaftlar i\u00e7in V-oluklu manyetik taban<\/li>\n<li>Deniz seviyesi \u00e7ipin i\u00e7inde kal\u0131c\u0131 olarak ayarlanm\u0131\u015ft\u0131r, pil de\u011fi\u015ftirildi\u011finde s\u0131f\u0131rlama ayar\u0131na gerek yoktur<\/li>\n<li>D\u00fc\u011fmeler: A\u00c7IK\/KAPALI, mutlak ve art\u0131ml\u0131 \u00f6l\u00e7\u00fcm, okumay\u0131 saklama, sesli alarm, birim (mm\/m, %, in\/ft), d\u00f6n\u00fc\u015ft\u00fcrme, arka \u0131\u015f\u0131k<\/li>\n<li>\u0130ki adet AAA pil, otomatik kapanma<\/li>\n<li><a href=\"https:\/\/insize.com.tr\/wp-content\/uploads\/2022\/10\/2179.pdf\"><strong>PDF i\u00e7in t\u0131klay\u0131n\u0131z.<\/strong><\/a><\/li>\n<\/ul>","protected":false},"featured_media":7652,"comment_status":"open","ping_status":"closed","template":"","meta":{"inline_featured_image":false},"product_brand":[],"product_cat":[20],"product_tag":[],"class_list":{"0":"post-193","1":"product","2":"type-product","3":"status-publish","4":"has-post-thumbnail","6":"product_cat-teraziler","8":"first","9":"instock","10":"shipping-taxable","11":"purchasable","12":"product-type-simple"},"_links":{"self":[{"href":"https:\/\/insize.com.tr\/en\/wp-json\/wp\/v2\/product\/193","targetHints":{"allow":["GET"]}}],"collection":[{"href":"https:\/\/insize.com.tr\/en\/wp-json\/wp\/v2\/product"}],"about":[{"href":"https:\/\/insize.com.tr\/en\/wp-json\/wp\/v2\/types\/product"}],"replies":[{"embeddable":true,"href":"https:\/\/insize.com.tr\/en\/wp-json\/wp\/v2\/comments?post=193"}],"wp:featuredmedia":[{"embeddable":true,"href":"https:\/\/insize.com.tr\/en\/wp-json\/wp\/v2\/media\/7652"}],"wp:attachment":[{"href":"https:\/\/insize.com.tr\/en\/wp-json\/wp\/v2\/media?parent=193"}],"wp:term":[{"taxonomy":"product_brand","embeddable":true,"href":"https:\/\/insize.com.tr\/en\/wp-json\/wp\/v2\/product_brand?post=193"},{"taxonomy":"product_cat","embeddable":true,"href":"https:\/\/insize.com.tr\/en\/wp-json\/wp\/v2\/product_cat?post=193"},{"taxonomy":"product_tag","embeddable":true,"href":"https:\/\/insize.com.tr\/en\/wp-json\/wp\/v2\/product_tag?post=193"}],"curies":[{"name":"wp","href":"https:\/\/api.w.org\/{rel}","templated":true}]}}