{"id":196,"date":"2022-10-06T16:46:16","date_gmt":"2022-10-06T13:46:16","guid":{"rendered":"https:\/\/insize.com.tr\/?post_type=product&#038;p=196"},"modified":"2026-03-04T14:32:31","modified_gmt":"2026-03-04T11:32:31","slug":"insize-1109-metrik-dijital-kumpaslar","status":"publish","type":"product","link":"https:\/\/insize.com.tr\/en\/product\/insize-1109-metrik-dijital-kumpaslar\/","title":{"rendered":"Insize 1109 Metrik Dijital Kumpaslar"},"content":{"rendered":"<p><img loading=\"lazy\" decoding=\"async\" class=\"alignnone size-full wp-image-235\" src=\"https:\/\/denizmtl.com\/\/wp-content\/uploads\/2018\/11\/1109.png\" alt=\"\" width=\"925\" height=\"398\" title=\"\"><\/p>","protected":false},"excerpt":{"rendered":"<ul>\n<li><span style=\"color: #000000;\"><strong>Hassasiyet: 0,01 mm<\/strong><\/span><\/li>\n<li><span style=\"color: #000000;\"><strong>Tu\u015flar: a\u00e7ma\/kapama, s\u0131f\u0131rlama, bekleme<\/strong><\/span><\/li>\n<li><span style=\"color: #000000;\"><strong>Otomatik kapama, dijital \u00fcniteyi hareket ettirerek a\u00e7ma<\/strong><\/span><\/li>\n<li><span style=\"color: #000000;\"><strong>CR2032 Lityum Pil<\/strong><\/span><\/li>\n<li><span style=\"color: #000000;\"><strong>Bilgi \u00e7\u0131k\u0131\u015f\u0131<\/strong><\/span><\/li>\n<li><span style=\"color: #000000;\"><strong>DIN862 Standard\u0131na uygundur.<\/strong><\/span><\/li>\n<li><span style=\"color: #000000;\"><strong>Paslanmaz \u00e7elikten imal edilmi\u015ftir.<\/strong><\/span><\/li>\n<li><span style=\"color: #000000;\"><strong>Se\u00e7meli aksesuar: veri \u00e7\u0131k\u0131\u015f kablosu (kod 7306-20, 7302-SPC5A\/SPC5B, 7305-SPC2A, 7305-A01\/A02)<\/strong><\/span><\/li>\n<li><a href=\"https:\/\/denizmtl.com\/wp-content\/uploads\/2022\/01\/1109-METRIK-DIJITAL-KUMPAS.pdf\"><span style=\"color: #000000;\"><strong>PDF i\u00e7in t\u0131klay\u0131n\u0131z.<\/strong><\/span><\/a><\/li>\n<li><a href=\"https:\/\/insize.com.tr\/wp-content\/uploads\/2026\/03\/1109-E-V3.pdf\"><strong>Kullan\u0131m K\u0131lavuzu<\/strong><\/a><\/li>\n<\/ul>","protected":false},"featured_media":226,"comment_status":"open","ping_status":"closed","template":"","meta":{"inline_featured_image":false},"product_brand":[],"product_cat":[21],"product_tag":[],"class_list":{"0":"post-196","1":"product","2":"type-product","3":"status-publish","4":"has-post-thumbnail","6":"product_cat-kumpaslar","8":"first","9":"instock","10":"shipping-taxable","11":"purchasable","12":"product-type-variable"},"_links":{"self":[{"href":"https:\/\/insize.com.tr\/en\/wp-json\/wp\/v2\/product\/196","targetHints":{"allow":["GET"]}}],"collection":[{"href":"https:\/\/insize.com.tr\/en\/wp-json\/wp\/v2\/product"}],"about":[{"href":"https:\/\/insize.com.tr\/en\/wp-json\/wp\/v2\/types\/product"}],"replies":[{"embeddable":true,"href":"https:\/\/insize.com.tr\/en\/wp-json\/wp\/v2\/comments?post=196"}],"wp:featuredmedia":[{"embeddable":true,"href":"https:\/\/insize.com.tr\/en\/wp-json\/wp\/v2\/media\/226"}],"wp:attachment":[{"href":"https:\/\/insize.com.tr\/en\/wp-json\/wp\/v2\/media?parent=196"}],"wp:term":[{"taxonomy":"product_brand","embeddable":true,"href":"https:\/\/insize.com.tr\/en\/wp-json\/wp\/v2\/product_brand?post=196"},{"taxonomy":"product_cat","embeddable":true,"href":"https:\/\/insize.com.tr\/en\/wp-json\/wp\/v2\/product_cat?post=196"},{"taxonomy":"product_tag","embeddable":true,"href":"https:\/\/insize.com.tr\/en\/wp-json\/wp\/v2\/product_tag?post=196"}],"curies":[{"name":"wp","href":"https:\/\/api.w.org\/{rel}","templated":true}]}}