{"id":199,"date":"2022-10-06T16:46:16","date_gmt":"2022-10-06T13:46:16","guid":{"rendered":"https:\/\/insize.com.tr\/?post_type=product&#038;p=199"},"modified":"2026-03-04T14:32:33","modified_gmt":"2026-03-04T11:32:33","slug":"insize-1114-dijital-kumpas","status":"publish","type":"product","link":"https:\/\/insize.com.tr\/en\/product\/insize-1114-dijital-kumpas\/","title":{"rendered":"Insize 1114 Dijital Kumpas"},"content":{"rendered":"<p><img loading=\"lazy\" decoding=\"async\" class=\"alignnone size-full wp-image-264\" src=\"https:\/\/denizmtl.com\/\/wp-content\/uploads\/2018\/11\/1114.png\" alt=\"\" width=\"936\" height=\"380\" title=\"\"><\/p>","protected":false},"excerpt":{"rendered":"<ul>\n<li><strong>\u00c7inko ala\u015f\u0131ml\u0131 dijital birim muhafazas\u0131<\/strong><\/li>\n<li><strong>Hassasiyet: 0,01mm\/0,0005&#8221;<\/strong><\/li>\n<li><strong>Tu\u015flar: s\u0131f\u0131rlama, a\u00e7ma\/kapama, mm\/inch<\/strong><\/li>\n<li><strong>Otomatik kapanma ve dijital \u00fcniteyi hareket ettirerek a\u00e7ma\u00a0<\/strong><\/li>\n<li><strong>CR2032 Lityum Pil<\/strong><\/li>\n<li><strong>DIN862 Standard\u0131na uygundur.<\/strong><\/li>\n<li><strong>Paslanmaz \u00e7elikten imal edilmi\u015ftir.<\/strong><\/li>\n<li><a href=\"https:\/\/denizmtl.com\/wp-content\/uploads\/2022\/01\/1114-DIJITAL-KUMPAS.pdf\"><strong>PDF i\u00e7in t\u0131klay\u0131n\u0131z.<\/strong><\/a><\/li>\n<li><a href=\"https:\/\/insize.com.tr\/wp-content\/uploads\/2026\/03\/1114-E-V3.pdf\"><strong>Kullan\u0131m K\u0131lavuzu<\/strong><\/a><\/li>\n<\/ul>","protected":false},"featured_media":229,"comment_status":"open","ping_status":"closed","template":"","meta":{"inline_featured_image":false},"product_brand":[],"product_cat":[21],"product_tag":[],"class_list":{"0":"post-199","1":"product","2":"type-product","3":"status-publish","4":"has-post-thumbnail","6":"product_cat-kumpaslar","8":"first","9":"instock","10":"shipping-taxable","11":"purchasable","12":"product-type-variable"},"_links":{"self":[{"href":"https:\/\/insize.com.tr\/en\/wp-json\/wp\/v2\/product\/199","targetHints":{"allow":["GET"]}}],"collection":[{"href":"https:\/\/insize.com.tr\/en\/wp-json\/wp\/v2\/product"}],"about":[{"href":"https:\/\/insize.com.tr\/en\/wp-json\/wp\/v2\/types\/product"}],"replies":[{"embeddable":true,"href":"https:\/\/insize.com.tr\/en\/wp-json\/wp\/v2\/comments?post=199"}],"wp:featuredmedia":[{"embeddable":true,"href":"https:\/\/insize.com.tr\/en\/wp-json\/wp\/v2\/media\/229"}],"wp:attachment":[{"href":"https:\/\/insize.com.tr\/en\/wp-json\/wp\/v2\/media?parent=199"}],"wp:term":[{"taxonomy":"product_brand","embeddable":true,"href":"https:\/\/insize.com.tr\/en\/wp-json\/wp\/v2\/product_brand?post=199"},{"taxonomy":"product_cat","embeddable":true,"href":"https:\/\/insize.com.tr\/en\/wp-json\/wp\/v2\/product_cat?post=199"},{"taxonomy":"product_tag","embeddable":true,"href":"https:\/\/insize.com.tr\/en\/wp-json\/wp\/v2\/product_tag?post=199"}],"curies":[{"name":"wp","href":"https:\/\/api.w.org\/{rel}","templated":true}]}}