{"id":2010,"date":"2022-10-06T16:49:01","date_gmt":"2022-10-06T13:49:01","guid":{"rendered":"https:\/\/insize.com.tr\/?post_type=product&#038;p=2010"},"modified":"2026-04-20T16:48:19","modified_gmt":"2026-04-20T13:48:19","slug":"insize-2124-tutma-kollu-uc-ayakli-mikrometre","status":"publish","type":"product","link":"https:\/\/insize.com.tr\/en\/product\/insize-2124-tutma-kollu-uc-ayakli-mikrometre\/","title":{"rendered":"Insize 2124 Tabanca Tip \u00dc\u00e7 Ayakl\u0131 Mikrometre"},"content":{"rendered":"<p><img loading=\"lazy\" decoding=\"async\" class=\"alignnone wp-image-10037 size-full\" src=\"https:\/\/denizmtl.com\/wp-content\/uploads\/2019\/01\/TUTMA-KOLLU-UC-AYAKLI-MIKROMETRE-1.png\" alt=\"\" width=\"686\" height=\"506\" title=\"\"><\/p>","protected":false},"excerpt":{"rendered":"<ul>\n<li>Opsiyonel aksesuarlar:dijital komparat\u00f6r (kod:2103-10F)<\/li>\n<li>Hassasiyet:0,001mm\/0,00005&#8243;<\/li>\n<li>S\u0131f\u0131rlama mastar\u0131 (kod:6312)<\/li>\n<li><a href=\"https:\/\/denizmtl.com\/wp-content\/uploads\/2022\/01\/2124-TUTMA-KOLLU-UC-AYAKLI-MIKROMETRE.pdf\"><strong>Pdf i\u00e7in t\u0131klay\u0131n\u0131z.<\/strong><\/a><\/li>\n<li><a href=\"https:\/\/insize.com.tr\/wp-content\/uploads\/2026\/03\/2124-E-V4.pdf\"><strong>Kullan\u0131m K\u0131lavuzu<\/strong><\/a><\/li>\n<\/ul>","protected":false},"featured_media":2040,"comment_status":"open","ping_status":"closed","template":"","meta":{"inline_featured_image":false},"product_brand":[],"product_cat":[26,36],"product_tag":[],"class_list":{"0":"post-2010","1":"product","2":"type-product","3":"status-publish","4":"has-post-thumbnail","6":"product_cat-delik-olcum","7":"product_cat-mikrometreler","9":"first","10":"instock","11":"shipping-taxable","12":"purchasable","13":"product-type-variable"},"_links":{"self":[{"href":"https:\/\/insize.com.tr\/en\/wp-json\/wp\/v2\/product\/2010","targetHints":{"allow":["GET"]}}],"collection":[{"href":"https:\/\/insize.com.tr\/en\/wp-json\/wp\/v2\/product"}],"about":[{"href":"https:\/\/insize.com.tr\/en\/wp-json\/wp\/v2\/types\/product"}],"replies":[{"embeddable":true,"href":"https:\/\/insize.com.tr\/en\/wp-json\/wp\/v2\/comments?post=2010"}],"wp:featuredmedia":[{"embeddable":true,"href":"https:\/\/insize.com.tr\/en\/wp-json\/wp\/v2\/media\/2040"}],"wp:attachment":[{"href":"https:\/\/insize.com.tr\/en\/wp-json\/wp\/v2\/media?parent=2010"}],"wp:term":[{"taxonomy":"product_brand","embeddable":true,"href":"https:\/\/insize.com.tr\/en\/wp-json\/wp\/v2\/product_brand?post=2010"},{"taxonomy":"product_cat","embeddable":true,"href":"https:\/\/insize.com.tr\/en\/wp-json\/wp\/v2\/product_cat?post=2010"},{"taxonomy":"product_tag","embeddable":true,"href":"https:\/\/insize.com.tr\/en\/wp-json\/wp\/v2\/product_tag?post=2010"}],"curies":[{"name":"wp","href":"https:\/\/api.w.org\/{rel}","templated":true}]}}