{"id":2052,"date":"2022-10-06T16:49:06","date_gmt":"2022-10-06T13:49:06","guid":{"rendered":"https:\/\/insize.com.tr\/?post_type=product&#038;p=2052"},"modified":"2026-04-20T16:48:21","modified_gmt":"2026-04-20T13:48:21","slug":"insize-1249-hassas-ayarli-mekanik-derinlik-kumpasi","status":"publish","type":"product","link":"https:\/\/insize.com.tr\/en\/product\/insize-1249-hassas-ayarli-mekanik-derinlik-kumpasi\/","title":{"rendered":"Insize 1249 Hassas Ayarl\u0131 Mekanik Derinlik Kumpas\u0131"},"content":{"rendered":"<p><img loading=\"lazy\" decoding=\"async\" class=\"alignnone wp-image-9991 size-full\" src=\"https:\/\/denizmtl.com\/wp-content\/uploads\/2019\/01\/HASSAS-AYARLI-MEKANIK-DERINLIK-KUMPASI.png\" alt=\"\" width=\"685\" height=\"294\" title=\"\"><\/p>","protected":false},"excerpt":{"rendered":"<ul>\n<li>Hassas ayarl\u0131,<\/li>\n<li>Paslanmaz \u00e7elikten yap\u0131lm\u0131\u015ft\u0131r,<\/li>\n<li>Parlak krom kaplamal\u0131 ouma y\u00fczeyi,<\/li>\n<li>Opsiyonel aksesuarlar;taban uzatma ( kod:6141)<\/li>\n<li><a href=\"https:\/\/insize.com.tr\/wp-content\/uploads\/2026\/04\/1249.pdf\"><strong>Pdf i\u00e7in t\u0131klay\u0131n\u0131z.<\/strong><\/a><\/li>\n<\/ul>","protected":false},"featured_media":2082,"comment_status":"open","ping_status":"closed","template":"","meta":{"inline_featured_image":false},"product_brand":[],"product_cat":[21,550],"product_tag":[],"class_list":{"0":"post-2052","1":"product","2":"type-product","3":"status-publish","4":"has-post-thumbnail","6":"product_cat-kumpaslar","7":"product_cat-standart-olcu-aletleri","9":"first","10":"instock","11":"shipping-taxable","12":"purchasable","13":"product-type-variable"},"_links":{"self":[{"href":"https:\/\/insize.com.tr\/en\/wp-json\/wp\/v2\/product\/2052","targetHints":{"allow":["GET"]}}],"collection":[{"href":"https:\/\/insize.com.tr\/en\/wp-json\/wp\/v2\/product"}],"about":[{"href":"https:\/\/insize.com.tr\/en\/wp-json\/wp\/v2\/types\/product"}],"replies":[{"embeddable":true,"href":"https:\/\/insize.com.tr\/en\/wp-json\/wp\/v2\/comments?post=2052"}],"wp:featuredmedia":[{"embeddable":true,"href":"https:\/\/insize.com.tr\/en\/wp-json\/wp\/v2\/media\/2082"}],"wp:attachment":[{"href":"https:\/\/insize.com.tr\/en\/wp-json\/wp\/v2\/media?parent=2052"}],"wp:term":[{"taxonomy":"product_brand","embeddable":true,"href":"https:\/\/insize.com.tr\/en\/wp-json\/wp\/v2\/product_brand?post=2052"},{"taxonomy":"product_cat","embeddable":true,"href":"https:\/\/insize.com.tr\/en\/wp-json\/wp\/v2\/product_cat?post=2052"},{"taxonomy":"product_tag","embeddable":true,"href":"https:\/\/insize.com.tr\/en\/wp-json\/wp\/v2\/product_tag?post=2052"}],"curies":[{"name":"wp","href":"https:\/\/api.w.org\/{rel}","templated":true}]}}